{"id":994,"date":"2022-05-05T11:15:11","date_gmt":"2022-05-05T09:15:11","guid":{"rendered":"http:\/\/www.linda-neue.de\/sb\/wordpress\/?page_id=994"},"modified":"2022-05-06T09:38:31","modified_gmt":"2022-05-06T07:38:31","slug":"globusgefuehl","status":"publish","type":"page","link":"http:\/\/www.linda-neue.de\/sb\/wordpress\/globusgefuehl\/","title":{"rendered":"GLOBUSGEFUEHL"},"content":{"rendered":"\n<p style=\"font-size:30px;text-transform:uppercase\"><strong>Hysterisches Globusgef\u00fchl<\/strong><\/p>\n\n\n\n<p style=\"text-transform:uppercase\"><strong>Wir wollen, dass es sch\u00f6n ist<\/strong><br><sup>Performance<\/sup><\/p>\n\n\n\n<p class=\"has-text-color\" style=\"color:#99cbc7;font-size:30px\">Residenz: 19.04. bis 26.04.<\/p>\n\n\n\n<figure class=\"wp-block-image size-full is-style-default\"><img loading=\"lazy\" decoding=\"async\" width=\"700\" height=\"467\" src=\"http:\/\/www.linda-neue.de\/sb\/wordpress\/wp-content\/uploads\/2022\/05\/5VH1491-1.jpg\" alt=\"\" class=\"wp-image-997\" srcset=\"http:\/\/www.linda-neue.de\/sb\/wordpress\/wp-content\/uploads\/2022\/05\/5VH1491-1.jpg 700w, http:\/\/www.linda-neue.de\/sb\/wordpress\/wp-content\/uploads\/2022\/05\/5VH1491-1-300x200.jpg 300w\" sizes=\"auto, (max-width: 700px) 100vw, 700px\" \/><figcaption><sup>Foto: Renata Chueire<\/sup><\/figcaption><\/figure>\n\n\n\n<p style=\"font-size:16px\">In der Performance \u201cWir wollen, dass es sch\u00f6n ist\u201d begeben wir uns auf die Suche nach dem Sch\u00f6nen am Sch\u00f6nen. Wir arbeiten uns an Sch\u00f6nheit ab und verfolgen das Ziel etwas Sch\u00f6nes zu erschaffen und Sch\u00f6nheit neu erfahren zu k\u00f6nnen. Dabei bewegen wir uns in dem Widerspruch uns einerseits nach dem Sch\u00f6nen oder dem Wahren und (moralisch) Guten zu sehnen und gleichzeitig die Problemaik darin zu erkennen und Widerst\u00e4nde dagegen zu haben. Als wei\u00dfe, ablebodied Performancek\u00fcnstler*innen wollen wir uns zudem kritisch damit befassen, inwieweit wir Sch\u00f6nheitsideale in unserer Kunst bedienen oder von diesen profitieren. Das Thema Sch\u00f6nheit geht nicht nur aus queerfeministischer, politischer sondern auch aus sehr pers\u00f6nlich emotionaler Sicht an die Substanz. Da das Sch\u00f6ne h\u00e4ufig zuallererst mit dem visuellen Sinn verbunden ist, entziehen wir uns und dem Publikum diesen Sinn und begeben uns in einen dunklen Raum, der mit anderen Sinnen wahrnehmbar ist. Wir erschaffen eine Komposition aus Ger\u00e4uschen, Ger\u00fcchen, Bewegungen und weiteren Assoziationsm\u00f6glichkeiten, in denen sich alle unbeobachtet f\u00fchlen k\u00f6nnen. Das Sch\u00f6ne erforschen wir in einem ersten Schritt anhand sinnlicher Erfahrungen. In einem zweiten Schritt bearbeiten wir mit Hilfe der Sprache die Frage, wie aus diesen sinnlichen Erfahrungen Normen und Urteile werden. Schlie\u00dflich untersuchen wir, ob wir das Sch\u00f6ne von seinen Machtstrukturen und Gl\u00fccksversprechen befreien k\u00f6nnen. Wie weit oder besser wohin kommen wir mit unserem Versuch das Sch\u00f6ne zu beanspruchen, neu zu entdecken und zu entwerfen, wenn jede Utopie notwendigerweise auf eine unerreichbare Wirklichkeit verweist?<\/p>\n\n\n\n<p style=\"font-size:16px\">Hysterisches Globusgef\u00fchl ist eine performistische Vereinigung aus Berlin und Wien, bestehend aus Elisabeth Lindig, Lea-Sophie Schiel, Milena Seidl, Arne Schirmel, Laura Steinl und Melanie Zipf. In ihren Arbeiten bewegen sich die Performer:innen an der Schnittstelle zwischen Kunst und politischer Aktion. Formen des Protests und \u00c4sthetik der Subkulturen werden bei Hysterisches Globusgef\u00fchl verfremdet, auf ihre Grundformen reduziert und daraus neu entworfen. Antrieb ist die Suche nach alternativen M\u00f6glichkeiten, sich angesichts der diffusen politischen Verh\u00e4ltnisse zu positionieren. Die Frage nach bewusstem Handeln, politischer Interaktion und was Politik eigentlich ist oder sein k\u00f6nnte steht dabei im Zentrum ihrer Arbeit.<\/p>\n\n\n\n<p><\/p>\n\n\n\n<p style=\"font-size:16px\"><strong>TEAM<\/strong><em>&nbsp;<br>K\u00fcnstlerische Leitung, Konzept und Performance: <strong>Elisabeth Lindig<\/strong><br>Lichtdesign: <strong>Dir Lutz<\/strong><br>B\u00fchnen-und Kost\u00fcmbild: <strong>Sarah Hoemske<\/strong><br>Sounddesign und Komposition: <strong>Baly Nguy\u1ec5n<\/strong><br>K\u00fcnstlerische Leitung, Konzept und Performance: <strong>Lea-Sophie Schiel<\/strong><br>K\u00fcnstlerische Leitung, Konzept und Performance: <strong>Arne Schirmel<\/strong><br>Produktionsleitung und Dramaturgie: <strong>Milena Seidl<\/strong><br>K\u00fcnstlerische Leitung, Konzept und Performance: <strong>Laura Steinl<\/strong><br>K\u00fcnstlerische Leitung, Konzept und Performance: <strong>Melanie Zipf<\/strong><\/em><\/p>\n\n\n\n<p style=\"font-size:16px\"><a rel=\"noreferrer noopener\" href=\"https:\/\/hysterischesglobusgefuehl.wordpress.com\/\" target=\"_blank\">WEBSEITE<\/a><\/p>\n\n\n\n<p class=\"has-text-align-center\"><a class=\"maxbutton-6 maxbutton maxbutton-zuruck-zur-ubersicht\" title=\"ZUR\u00dcCK ZUR \u00dcBERSICHT\" href=\"http:\/\/www.linda-neue.de\/sb\/wordpress\/residenzprogramm\/\"><span class='mb-text'>ZUR\u00dcCK ZUR \u00dcBERSICHT<\/span><\/a><\/p>\n\n\n\n<p><\/p>\n","protected":false},"excerpt":{"rendered":"<p>Hysterisches Globusgef\u00fchl Wir wollen, dass es sch\u00f6n istPerformance Residenz: 19.04. bis 26.04. In der Performance \u201cWir wollen, dass es sch\u00f6n ist\u201d begeben wir uns auf die Suche nach dem Sch\u00f6nen am Sch\u00f6nen. Wir arbeiten uns an Sch\u00f6nheit ab und verfolgen das Ziel etwas Sch\u00f6nes zu erschaffen und Sch\u00f6nheit neu erfahren zu k\u00f6nnen. Dabei bewegen wir [&hellip;]<\/p>\n","protected":false},"author":1,"featured_media":0,"parent":0,"menu_order":0,"comment_status":"closed","ping_status":"closed","template":"","meta":{"footnotes":""},"class_list":["post-994","page","type-page","status-publish","hentry"],"_links":{"self":[{"href":"http:\/\/www.linda-neue.de\/sb\/wordpress\/wp-json\/wp\/v2\/pages\/994","targetHints":{"allow":["GET"]}}],"collection":[{"href":"http:\/\/www.linda-neue.de\/sb\/wordpress\/wp-json\/wp\/v2\/pages"}],"about":[{"href":"http:\/\/www.linda-neue.de\/sb\/wordpress\/wp-json\/wp\/v2\/types\/page"}],"author":[{"embeddable":true,"href":"http:\/\/www.linda-neue.de\/sb\/wordpress\/wp-json\/wp\/v2\/users\/1"}],"replies":[{"embeddable":true,"href":"http:\/\/www.linda-neue.de\/sb\/wordpress\/wp-json\/wp\/v2\/comments?post=994"}],"version-history":[{"count":5,"href":"http:\/\/www.linda-neue.de\/sb\/wordpress\/wp-json\/wp\/v2\/pages\/994\/revisions"}],"predecessor-version":[{"id":1055,"href":"http:\/\/www.linda-neue.de\/sb\/wordpress\/wp-json\/wp\/v2\/pages\/994\/revisions\/1055"}],"wp:attachment":[{"href":"http:\/\/www.linda-neue.de\/sb\/wordpress\/wp-json\/wp\/v2\/media?parent=994"}],"curies":[{"name":"wp","href":"https:\/\/api.w.org\/{rel}","templated":true}]}}