{"id":990,"date":"2022-05-05T11:13:12","date_gmt":"2022-05-05T09:13:12","guid":{"rendered":"http:\/\/www.linda-neue.de\/sb\/wordpress\/?page_id=990"},"modified":"2022-05-06T09:38:03","modified_gmt":"2022-05-06T07:38:03","slug":"peled","status":"publish","type":"page","link":"http:\/\/www.linda-neue.de\/sb\/wordpress\/peled\/","title":{"rendered":"PELED"},"content":{"rendered":"\n<p style=\"font-size:30px\"><strong>YOTAM PELED &amp; THE FREE RADICALS<\/strong><\/p>\n\n\n\n<p style=\"text-transform:uppercase\"><strong>Where the boys are<\/strong><br><sup>Contemporary Dance \/ Performance<\/sup><\/p>\n\n\n\n<p class=\"has-text-color\" style=\"color:#99cbc7;font-size:30px\">Residenz: 15.04. bis 22.04.<\/p>\n\n\n\n<figure class=\"wp-block-image size-full is-style-default\"><img loading=\"lazy\" decoding=\"async\" width=\"700\" height=\"467\" src=\"http:\/\/www.linda-neue.de\/sb\/wordpress\/wp-content\/uploads\/2022\/05\/YotamPeled_Credit_JohannesMalchow.jpg\" alt=\"\" class=\"wp-image-991\" srcset=\"http:\/\/www.linda-neue.de\/sb\/wordpress\/wp-content\/uploads\/2022\/05\/YotamPeled_Credit_JohannesMalchow.jpg 700w, http:\/\/www.linda-neue.de\/sb\/wordpress\/wp-content\/uploads\/2022\/05\/YotamPeled_Credit_JohannesMalchow-300x200.jpg 300w\" sizes=\"auto, (max-width: 700px) 100vw, 700px\" \/><figcaption><sup>Foto: Johannes Malchow<\/sup><\/figcaption><\/figure>\n\n\n\n<p style=\"font-size:16px\">Ein Wrestling-Kampf. Ein Tanz. Ein Kampf. Eine Beziehung. Eine Performance.<br>In &#8222;Where the Boys Are&#8220; will Yotam Peled gemeinsam mit professionellen K\u00e4mpfern und T\u00e4nzern die \u00c4hnlichkeiten und Verbindungen zwischen Kampf- und Tanzpraktiken erforschen, indem er die Arena in eine Zone der Performance verwandelt. Im Prozess soll erforscht werden, was zum K\u00e4mpfen und zum Tanzen motiviert und wie beides ineinander \u00fcbergehen kann.<br>Indem das Vokabular der Kampftechniken untersucht und rekonstruiert wird, soll ein transformativer Raum geschaffen werden, in dem eine Sprache, die normalerweise zum &#8222;Kampf&#8220; geh\u00f6rt oder als aggressiv gilt, spielerisch oder sogar intim werden kann.<br>Unter der Annahme, dass jeder K\u00e4mpfer durch die Erfahrung des Zweikampfes sich selbst n\u00e4herkommen m\u00f6chte, entsteht ein Ritual der Hingabe; zwei gegens\u00e4tzliche Kr\u00e4fte kommen zu einem Kampf, jeder m\u00f6chte den anderen besiegen, aber schlie\u00dflich werden durch den st\u00e4ndigen Zusammensto\u00df der Kr\u00e4fte ihre K\u00f6rper und schlie\u00dflich ihre Energien und inneren Welten freigelegt. Diese neue Verletzlichkeit l\u00e4dt ein, den anderen zu entdecken, und f\u00fchrt neue Arten der Ber\u00fchrung und Bedeutungen f\u00fcr bekannte Bewegungen ein: Halten kann mit Vorsicht geschehen, ein Salto oder ein Wurf kann zu einem Spiel zweier Tiere werden. Je ersch\u00f6pfter die beiden K\u00e4mpfer werden, desto mehr verschmelzen sie miteinander und ihre K\u00f6rper bieten Trost und Unterst\u00fctzung.<\/p>\n\n\n\n<p style=\"font-size:16px\"><a rel=\"noreferrer noopener\" href=\"https:\/\/www.yotampeled.com\/\" target=\"_blank\">WEBSITE<\/a><\/p>\n\n\n\n<p class=\"has-text-align-center\"><a class=\"maxbutton-6 maxbutton maxbutton-zuruck-zur-ubersicht\" title=\"ZUR\u00dcCK ZUR \u00dcBERSICHT\" href=\"http:\/\/www.linda-neue.de\/sb\/wordpress\/residenzprogramm\/\"><span class='mb-text'>ZUR\u00dcCK ZUR \u00dcBERSICHT<\/span><\/a><\/p>\n\n\n\n<p><\/p>\n","protected":false},"excerpt":{"rendered":"<p>YOTAM PELED &amp; THE FREE RADICALS Where the boys areContemporary Dance \/ Performance Residenz: 15.04. bis 22.04. Ein Wrestling-Kampf. Ein Tanz. Ein Kampf. Eine Beziehung. Eine Performance.In &#8222;Where the Boys Are&#8220; will Yotam Peled gemeinsam mit professionellen K\u00e4mpfern und T\u00e4nzern die \u00c4hnlichkeiten und Verbindungen zwischen Kampf- und Tanzpraktiken erforschen, indem er die Arena in eine [&hellip;]<\/p>\n","protected":false},"author":1,"featured_media":0,"parent":0,"menu_order":0,"comment_status":"closed","ping_status":"closed","template":"","meta":{"footnotes":""},"class_list":["post-990","page","type-page","status-publish","hentry"],"_links":{"self":[{"href":"http:\/\/www.linda-neue.de\/sb\/wordpress\/wp-json\/wp\/v2\/pages\/990","targetHints":{"allow":["GET"]}}],"collection":[{"href":"http:\/\/www.linda-neue.de\/sb\/wordpress\/wp-json\/wp\/v2\/pages"}],"about":[{"href":"http:\/\/www.linda-neue.de\/sb\/wordpress\/wp-json\/wp\/v2\/types\/page"}],"author":[{"embeddable":true,"href":"http:\/\/www.linda-neue.de\/sb\/wordpress\/wp-json\/wp\/v2\/users\/1"}],"replies":[{"embeddable":true,"href":"http:\/\/www.linda-neue.de\/sb\/wordpress\/wp-json\/wp\/v2\/comments?post=990"}],"version-history":[{"count":3,"href":"http:\/\/www.linda-neue.de\/sb\/wordpress\/wp-json\/wp\/v2\/pages\/990\/revisions"}],"predecessor-version":[{"id":1054,"href":"http:\/\/www.linda-neue.de\/sb\/wordpress\/wp-json\/wp\/v2\/pages\/990\/revisions\/1054"}],"wp:attachment":[{"href":"http:\/\/www.linda-neue.de\/sb\/wordpress\/wp-json\/wp\/v2\/media?parent=990"}],"curies":[{"name":"wp","href":"https:\/\/api.w.org\/{rel}","templated":true}]}}