{"id":983,"date":"2022-05-05T10:54:06","date_gmt":"2022-05-05T08:54:06","guid":{"rendered":"http:\/\/www.linda-neue.de\/sb\/wordpress\/?page_id=983"},"modified":"2022-05-06T09:37:28","modified_gmt":"2022-05-06T07:37:28","slug":"aszodi","status":"publish","type":"page","link":"http:\/\/www.linda-neue.de\/sb\/wordpress\/aszodi\/","title":{"rendered":"ASZODI"},"content":{"rendered":"\n<p style=\"font-size:30px\"><strong><a href=\"https:\/\/www.broellin.de\/de\/projekte\/residenzprogramm\/22-residenzprogramm-2021\/204-oww\">JESSICA ASZODI \/\/ LULU OBERMAYER<\/a><\/strong><\/p>\n\n\n\n<p style=\"text-transform:uppercase\"><strong>Jessica Aszodi&nbsp;<\/strong>Heart of Glass<br><sup>Interdiziplin\u00e4res Musiktheater<\/sup><\/p>\n\n\n\n<p style=\"text-transform:uppercase\"><strong>Lulu Obermayer<\/strong>&nbsp;Frauenliebe und Leben<br><sup>Musiktheater \/ Performance<\/sup><\/p>\n\n\n\n<p class=\"has-text-color\" style=\"color:#99cbc7;font-size:30px\">Residenz: 07.03. bis 27.03.<\/p>\n\n\n\n<figure class=\"wp-block-image size-large is-style-default\"><img loading=\"lazy\" decoding=\"async\" width=\"1024\" height=\"683\" src=\"http:\/\/www.linda-neue.de\/sb\/wordpress\/wp-content\/uploads\/2022\/05\/jessica-1024x683.jpeg\" alt=\"\" class=\"wp-image-986\" srcset=\"http:\/\/www.linda-neue.de\/sb\/wordpress\/wp-content\/uploads\/2022\/05\/jessica-1024x683.jpeg 1024w, http:\/\/www.linda-neue.de\/sb\/wordpress\/wp-content\/uploads\/2022\/05\/jessica-300x200.jpeg 300w, http:\/\/www.linda-neue.de\/sb\/wordpress\/wp-content\/uploads\/2022\/05\/jessica-768x512.jpeg 768w, http:\/\/www.linda-neue.de\/sb\/wordpress\/wp-content\/uploads\/2022\/05\/jessica-1536x1024.jpeg 1536w, http:\/\/www.linda-neue.de\/sb\/wordpress\/wp-content\/uploads\/2022\/05\/jessica.jpeg 2048w\" sizes=\"auto, (max-width: 1024px) 100vw, 1024px\" \/><\/figure>\n\n\n\n<p style=\"font-size:16px\"><strong>Jessica Aszodi:&nbsp;Heart of Glass (Interdiziplin\u00e4res Musiktheater)<\/strong><br>Jessica Aszodis Arbeit &#8222;Heart of Glass&#8220; ist eine feministische Dekonstruktion des Begriffs der Muse, die aus der Perspektive der &#8222;Musetta&#8220; aus La Boheme erz\u00e4hlt wird. Das St\u00fcck spielt in einer eingefrorenen, toten Zeit, in dem Moment in &#8222;La Boheme&#8220;, kurz bevor Mimi stirbt \u2013 wenn &#8222;La Boheme&#8220; mit einer buchst\u00e4blichen Atombombenexplosion enden w\u00fcrde. Es handelt sich um ein halbszenisches interdisziplin\u00e4res Musiktheaterst\u00fcck f\u00fcr Solos\u00e4nger mit Live-Video und Elektronik. Es wurde von einem all-queer, mehrheitlich Femme Kreativteam geschaffen, das mit und gegen seine Beziehung zur Oper arbeitet \u2013 dieser traditionellsten aller Formen.&nbsp;In dem St\u00fcck spielt die Performerin\/Komponistin Jessica Aszodi die Rolle der Musetta in Zusammenarbeit mit Lulu Obermayer, Dramaturgin\/Regisseurin, &amp; einem renommierten Team von K\u00fcnstler*innen. Ziel ist es, ein Werk zu schaffen, das den Kanon der Oper und der klassischen Musik in Frage stellt und eine verk\u00f6rperte und radikal intersektionale, feministische Inspiration f\u00fcr die Zukunft der Kunst bietet. Die teilnehmenden K\u00fcnstlerinnen haben alle klassische Musik studiert, wenn auch in vielen verschiedenen Teilen der Welt (USA, Brasilien, Australien, Kolumbien und Deutschland).<\/p>\n\n\n\n<p style=\"font-size:16px\"><em>Parallel zur Arbeit an &#8222;Heart of Glass&#8220; wird Lulu Obermayer die Residenz zur Arbeit am Projekt &#8222;Frauenliebe und Leben&#8220; nutzen:&nbsp;<\/em><\/p>\n\n\n\n<p style=\"font-size:16px\"><strong>Lulu Obermayer: &#8222;Frauenliebe und Leben&#8220; (Musiktheater \/ Performance)<\/strong><br>Eine neue und radikale Inszenierung vom Zyklus \u201eFrauenliebe und Leben\u201c von Robert Schumann: das Werk bietet viele Ansatzpunkte f\u00fcr eine feministische Interpretation. In acht Gedichten und Liedern zeichnen der Dichter Adelbert von Chamisso (1830) und der Komponist Robert Schumann (1840) das Bild einer hingebungsvollen und loyalen Frau des 19. Jahrhunderts, die ihr Leben ihrem Mann und seinen Bed\u00fcrfnissen widmet. Anstatt das Frauenbild des 19. Jahrhunderts zu reproduzieren, wird es musikalisch und inhaltlich dekonstruiert. Die Solostimme wird durch acht Frauenstimmen ersetzt. In welchen Dialog kann das musikalische Werk heute treten? Das Ziel dieser k\u00fcnstlerischen Arbeit ist es, die Komplexit\u00e4t, aber auch die Widerspr\u00fcchlichkeit des \u2018(Frau-) Seins auszustellen.<\/p>\n\n\n\n<p class=\"has-text-align-center\"><a class=\"maxbutton-6 maxbutton maxbutton-zuruck-zur-ubersicht\" title=\"ZUR\u00dcCK ZUR \u00dcBERSICHT\" href=\"http:\/\/www.linda-neue.de\/sb\/wordpress\/residenzprogramm\/\"><span class='mb-text'>ZUR\u00dcCK ZUR \u00dcBERSICHT<\/span><\/a><\/p>\n\n\n\n<p><\/p>\n","protected":false},"excerpt":{"rendered":"<p>JESSICA ASZODI \/\/ LULU OBERMAYER Jessica Aszodi&nbsp;Heart of GlassInterdiziplin\u00e4res Musiktheater Lulu Obermayer&nbsp;Frauenliebe und LebenMusiktheater \/ Performance Residenz: 07.03. bis 27.03. Jessica Aszodi:&nbsp;Heart of Glass (Interdiziplin\u00e4res Musiktheater)Jessica Aszodis Arbeit &#8222;Heart of Glass&#8220; ist eine feministische Dekonstruktion des Begriffs der Muse, die aus der Perspektive der &#8222;Musetta&#8220; aus La Boheme erz\u00e4hlt wird. Das St\u00fcck spielt in einer [&hellip;]<\/p>\n","protected":false},"author":1,"featured_media":0,"parent":0,"menu_order":0,"comment_status":"closed","ping_status":"closed","template":"","meta":{"footnotes":""},"class_list":["post-983","page","type-page","status-publish","hentry"],"_links":{"self":[{"href":"http:\/\/www.linda-neue.de\/sb\/wordpress\/wp-json\/wp\/v2\/pages\/983","targetHints":{"allow":["GET"]}}],"collection":[{"href":"http:\/\/www.linda-neue.de\/sb\/wordpress\/wp-json\/wp\/v2\/pages"}],"about":[{"href":"http:\/\/www.linda-neue.de\/sb\/wordpress\/wp-json\/wp\/v2\/types\/page"}],"author":[{"embeddable":true,"href":"http:\/\/www.linda-neue.de\/sb\/wordpress\/wp-json\/wp\/v2\/users\/1"}],"replies":[{"embeddable":true,"href":"http:\/\/www.linda-neue.de\/sb\/wordpress\/wp-json\/wp\/v2\/comments?post=983"}],"version-history":[{"count":6,"href":"http:\/\/www.linda-neue.de\/sb\/wordpress\/wp-json\/wp\/v2\/pages\/983\/revisions"}],"predecessor-version":[{"id":1053,"href":"http:\/\/www.linda-neue.de\/sb\/wordpress\/wp-json\/wp\/v2\/pages\/983\/revisions\/1053"}],"wp:attachment":[{"href":"http:\/\/www.linda-neue.de\/sb\/wordpress\/wp-json\/wp\/v2\/media?parent=983"}],"curies":[{"name":"wp","href":"https:\/\/api.w.org\/{rel}","templated":true}]}}