{"id":959,"date":"2022-05-04T22:37:00","date_gmt":"2022-05-04T20:37:00","guid":{"rendered":"http:\/\/www.linda-neue.de\/sb\/wordpress\/?page_id=959"},"modified":"2022-05-06T14:41:08","modified_gmt":"2022-05-06T12:41:08","slug":"takeheart","status":"publish","type":"page","link":"http:\/\/www.linda-neue.de\/sb\/wordpress\/takeheart\/","title":{"rendered":"TAKEHEART"},"content":{"rendered":"\n<p style=\"font-size:30px;text-transform:uppercase\">#<strong>TakeHeart Residenzf\u00f6rderung 2022<\/strong><\/p>\n\n\n\n<p>Mit #TakeHeart setzt der Fonds Darstellende K\u00fcnste im Rahmen von NEUSTART KULTUR \u2013 dem von der Beauftragten der Bundesregierung f\u00fcr Kultur und Medien (BKM) finanzierten Rettungs- und Zukunftspaket f\u00fcr den Kultur- und Medienbereich \u2013 seine umfassenden F\u00f6rderma\u00dfnahmen fort.<\/p>\n\n\n\n<figure class=\"wp-block-image size-large is-style-default\"><img loading=\"lazy\" decoding=\"async\" width=\"1024\" height=\"603\" src=\"http:\/\/www.linda-neue.de\/sb\/wordpress\/wp-content\/uploads\/2022\/05\/morgan-petroski-LsMxdW1zWEQ-unsplash-1024x603.jpg\" alt=\"\" class=\"wp-image-965\" srcset=\"http:\/\/www.linda-neue.de\/sb\/wordpress\/wp-content\/uploads\/2022\/05\/morgan-petroski-LsMxdW1zWEQ-unsplash-1024x603.jpg 1024w, http:\/\/www.linda-neue.de\/sb\/wordpress\/wp-content\/uploads\/2022\/05\/morgan-petroski-LsMxdW1zWEQ-unsplash-300x177.jpg 300w, http:\/\/www.linda-neue.de\/sb\/wordpress\/wp-content\/uploads\/2022\/05\/morgan-petroski-LsMxdW1zWEQ-unsplash-768x452.jpg 768w, http:\/\/www.linda-neue.de\/sb\/wordpress\/wp-content\/uploads\/2022\/05\/morgan-petroski-LsMxdW1zWEQ-unsplash-1536x904.jpg 1536w, http:\/\/www.linda-neue.de\/sb\/wordpress\/wp-content\/uploads\/2022\/05\/morgan-petroski-LsMxdW1zWEQ-unsplash-2048x1205.jpg 2048w\" sizes=\"auto, (max-width: 1024px) 100vw, 1024px\" \/><figcaption><sup>Foto: Morgan Petroski\/unsplash<\/sup><\/figcaption><\/figure>\n\n\n\n<p class=\"has-small-font-size\">Die Residenzf\u00f6rderung schlie\u00dft in an die bisherigen stipendienartigen F\u00f6rderprogramme des Fonds an und richtet sich an selbstst\u00e4ndig arbeitende K\u00fcnstler:innen, Gruppen sowie Personen, die kuratierend in den Freien Darstellenden K\u00fcnsten t\u00e4tig sind. Ziel ist es, die f\u00fcr viele langj\u00e4hrig professionell arbeitenden Kunstschaffenden so wichtigen Verbindungen zu Tanz- und Theaterh\u00e4usern nachhaltig zu stabilisieren, weiterzuentwickeln und f\u00fcr die Zukunft zu st\u00e4rken.<br>\u00dcberdies werden gezielt Absolvent:innen k\u00fcnstlerischer und kunstwissenschaftlicher Studieng\u00e4nge mit Abschluss seit 2019 in den Blick genommen, deren Berufseinstieg durch die Pandemie erschwert ist, da diese in besonderem Ma\u00dfe auf die Etablierung von Verbindungen zu k\u00fcnstlerischen Produktionsorten und eine qualifizierende Begleitung durch diese zu Beginn ihrer k\u00fcnstlerischen Laufbahn in den Freien Darstellenden K\u00fcnsten angewiesen sind.<\/p>\n\n\n\n<p class=\"has-small-font-size\">Die Residenzf\u00f6rderung in Verbindung mit dem flausen+bundesnetzwerk und schloss br\u00f6llin e.V. erhalten:<\/p>\n\n\n\n<p class=\"has-small-font-size\" style=\"text-transform:uppercase\"><strong>Kira Rabenstein<\/strong> \/ Yes You, No Me<br><strong>Patrick Kohn<\/strong> \/ Hinter den Kulissen. Arbeit am Theater als \u00e4sthetische Praxis<br><strong>Sarah Schmidt <\/strong>\/ Beste Schwester \/ Sister Twister<br><strong>Xenia Bannuscher<\/strong> \/ C\u00e9cile<br><strong>Anders Ehlin<\/strong> \/ De-territorialized Listenings &#8211; Impulse<br><strong>Andrew Parkin <\/strong>\/ Charakter \u2013 Technik \u2013 Plot<br><strong>Christine Schmalor<\/strong> \/ Der Augen Blick \u2013 Recherche zur Ph\u00e4nomenologie des Blicks<br><strong>Etta Streicher<\/strong> \/ Das Zeug wozu? Eine Recherche \u00fcber die Macht der Dinge<br><strong>Konstanze Kromer<\/strong> \/ Wilde Weiblichkeit \u2013 Eine R\u00fcckholaktion<br><strong>Leonie Fromme<\/strong> \/ Zeitgen\u00f6ssischer Tanz und Objektmanipulation<br><strong>Malik Meyer<\/strong> \/ projekt barriers<br><strong>Marcin Zabielski <\/strong>\/ Finding Madness<br><strong>Hila Meckier Halevy + Rika Weniger<\/strong> \/ Raus aus der Komfortzone ODER kehr vor deiner eigenen Haust\u00fcr<br><strong>Howard Katz + Elizabeth Williams<\/strong> \/ Panoptikum<br><strong>Sabine Maier + Cornelia Ottinger<\/strong> \/ Stimme trifft Gesicht<br><strong>Nils Wollschl\u00e4ger + Benoit Ribot<\/strong> \/ InterCircus. Interdisziplin\u00e4re Ans\u00e4tze im traditionellen Format<\/p>\n\n\n\n<div class=\"wp-block-columns is-layout-flex wp-container-core-columns-is-layout-9d6595d7 wp-block-columns-is-layout-flex\">\n<div class=\"wp-block-column is-layout-flow wp-block-column-is-layout-flow\">\n<p>#<strong>takeheart<\/strong><\/p>\n\n\n\n<p class=\"has-small-font-size\">Gef\u00f6rdert vom Fonds Darstellende K\u00fcnste aus Mitteln der Beauftragten der Bundesregierung f\u00fcr Kultur und Medien im Rahmen von NEUSTART KULTUR<\/p>\n\n\n\n<figure class=\"wp-block-image size-full is-style-default\"><img loading=\"lazy\" decoding=\"async\" width=\"585\" height=\"100\" src=\"http:\/\/www.linda-neue.de\/sb\/wordpress\/wp-content\/uploads\/2022\/05\/DAKU_Logo_flausen.png\" alt=\"\" class=\"wp-image-1124\" srcset=\"http:\/\/www.linda-neue.de\/sb\/wordpress\/wp-content\/uploads\/2022\/05\/DAKU_Logo_flausen.png 585w, http:\/\/www.linda-neue.de\/sb\/wordpress\/wp-content\/uploads\/2022\/05\/DAKU_Logo_flausen-300x51.png 300w\" sizes=\"auto, (max-width: 585px) 100vw, 585px\" \/><\/figure>\n\n\n\n<p style=\"font-size:16px\"><strong>Weitere Informationen:<\/strong><br><a href=\"https:\/\/flausen.plus\/residenzfoerderung\/\" target=\"_blank\" rel=\"noreferrer noopener\">flausen+<\/a><\/p>\n\n\n\n<p class=\"has-small-font-size\">&nbsp;<\/p>\n<\/div>\n<\/div>\n\n\n\n<p class=\"has-text-align-center\"><a class=\"maxbutton-12 maxbutton maxbutton-zuruck-zur-ubersicht\" title=\"ZUR\u00dcCK ZUR \u00dcBERSICHT\" href=\"http:\/\/www.linda-neue.de\/sb\/wordpress\/residenz\/\"><span class='mb-text'>ZUR\u00dcCK ZUR \u00dcBERSICHT<\/span><\/a><\/p>\n\n\n\n<p><\/p>\n","protected":false},"excerpt":{"rendered":"<p>#TakeHeart Residenzf\u00f6rderung 2022 Mit #TakeHeart setzt der Fonds Darstellende K\u00fcnste im Rahmen von NEUSTART KULTUR \u2013 dem von der Beauftragten der Bundesregierung f\u00fcr Kultur und Medien (BKM) finanzierten Rettungs- und Zukunftspaket f\u00fcr den Kultur- und Medienbereich \u2013 seine umfassenden F\u00f6rderma\u00dfnahmen fort. Die Residenzf\u00f6rderung schlie\u00dft in an die bisherigen stipendienartigen F\u00f6rderprogramme des Fonds an und richtet [&hellip;]<\/p>\n","protected":false},"author":1,"featured_media":0,"parent":0,"menu_order":0,"comment_status":"closed","ping_status":"closed","template":"","meta":{"footnotes":""},"class_list":["post-959","page","type-page","status-publish","hentry"],"_links":{"self":[{"href":"http:\/\/www.linda-neue.de\/sb\/wordpress\/wp-json\/wp\/v2\/pages\/959","targetHints":{"allow":["GET"]}}],"collection":[{"href":"http:\/\/www.linda-neue.de\/sb\/wordpress\/wp-json\/wp\/v2\/pages"}],"about":[{"href":"http:\/\/www.linda-neue.de\/sb\/wordpress\/wp-json\/wp\/v2\/types\/page"}],"author":[{"embeddable":true,"href":"http:\/\/www.linda-neue.de\/sb\/wordpress\/wp-json\/wp\/v2\/users\/1"}],"replies":[{"embeddable":true,"href":"http:\/\/www.linda-neue.de\/sb\/wordpress\/wp-json\/wp\/v2\/comments?post=959"}],"version-history":[{"count":6,"href":"http:\/\/www.linda-neue.de\/sb\/wordpress\/wp-json\/wp\/v2\/pages\/959\/revisions"}],"predecessor-version":[{"id":1125,"href":"http:\/\/www.linda-neue.de\/sb\/wordpress\/wp-json\/wp\/v2\/pages\/959\/revisions\/1125"}],"wp:attachment":[{"href":"http:\/\/www.linda-neue.de\/sb\/wordpress\/wp-json\/wp\/v2\/media?parent=959"}],"curies":[{"name":"wp","href":"https:\/\/api.w.org\/{rel}","templated":true}]}}