{"id":950,"date":"2022-05-04T21:55:54","date_gmt":"2022-05-04T19:55:54","guid":{"rendered":"http:\/\/www.linda-neue.de\/sb\/wordpress\/?page_id=950"},"modified":"2022-05-06T10:15:55","modified_gmt":"2022-05-06T08:15:55","slug":"takecare","status":"publish","type":"page","link":"http:\/\/www.linda-neue.de\/sb\/wordpress\/takecare\/","title":{"rendered":"TAKECARE"},"content":{"rendered":"\n<p style=\"font-size:30px;text-transform:uppercase\"><strong>#TAKECARE Residenzen 2021<\/strong><\/p>\n\n\n\n<p>An zw\u00f6lf Residenzk\u00fcnstler:innen von schloss br\u00f6llin e. V. wurde ein Stipendium vergeben.<\/p>\n\n\n\n<figure class=\"wp-block-image size-large is-style-default\"><img loading=\"lazy\" decoding=\"async\" width=\"1024\" height=\"658\" src=\"http:\/\/www.linda-neue.de\/sb\/wordpress\/wp-content\/uploads\/2022\/05\/tc_residenzen_2-1024x658.jpg\" alt=\"\" class=\"wp-image-953\" srcset=\"http:\/\/www.linda-neue.de\/sb\/wordpress\/wp-content\/uploads\/2022\/05\/tc_residenzen_2-1024x658.jpg 1024w, http:\/\/www.linda-neue.de\/sb\/wordpress\/wp-content\/uploads\/2022\/05\/tc_residenzen_2-300x193.jpg 300w, http:\/\/www.linda-neue.de\/sb\/wordpress\/wp-content\/uploads\/2022\/05\/tc_residenzen_2-768x494.jpg 768w, http:\/\/www.linda-neue.de\/sb\/wordpress\/wp-content\/uploads\/2022\/05\/tc_residenzen_2-1536x987.jpg 1536w, http:\/\/www.linda-neue.de\/sb\/wordpress\/wp-content\/uploads\/2022\/05\/tc_residenzen_2-2048x1317.jpg 2048w\" sizes=\"auto, (max-width: 1024px) 100vw, 1024px\" \/><\/figure>\n\n\n\n<p style=\"font-size:16px\">Das Programm #TakeCareResidenzen des Fonds Darstellende K\u00fcnste, im Rahmen von NEUSTART Kultur der Beauftragten der Bundesregierung f\u00fcr Kultur und Medien (BKM), f\u00f6rdert ergebnisoffene Recherchen, allerdings in Verbindung mit Residenzen eines Hauses des flausen+bundesnetzwerkes, dem schloss br\u00f6llin e. V. seit 2019 angeh\u00f6rt. Ziel des Programmes ist es, die berufliche Existenz von professionellen K\u00fcnstlerinnen, die durch die Covid-19 Pandemie und die Einschr\u00e4nkungen im kulturellen Sektor existenziell betroffen sind, zu stabilisieren und die Verbindung mit kooperierenden Theater- und Residenzh\u00e4usern zu st\u00e4rken. Bei dem Programm handelt es sich um eine stipendienartige F\u00f6rderung, die in H\u00f6he von bis zu 5.000 \u20ac an bundesweit bemerkenswerte und bundesl\u00e4nder\u00fcbergreifend arbeitende Einzelk\u00fcnstlerinnen vergeben wird.<\/p>\n\n\n\n<div class=\"wp-block-columns is-layout-flex wp-container-core-columns-is-layout-9d6595d7 wp-block-columns-is-layout-flex\">\n<div class=\"wp-block-column is-layout-flow wp-block-column-is-layout-flow\">\n<p style=\"text-transform:uppercase\">Anneli Andre<br><strong>of bodies and grounds &#8211; <\/strong><sub>Choreographie<\/sub><\/p>\n\n\n\n<p class=\"has-small-font-size\">Im Rahmen des Vorhabens \u201eof bodies and grounds\u201c m\u00f6chte sie B\u00f6den und Gestein als Material erforschen &#8211; eine interdisziplin\u00e4re Recherche, die der Verbindung von Boden\/Landschaft und K\u00f6rper\/Bewegung auf den Grund gehen soll. Wie kann z.B. ein grafischer Score, basierend auf der Untersuchung von Gesteinsschichten, in Tanz, Text und Klang \u00fcbersetzt werden?<\/p>\n\n\n\n<p class=\"has-small-font-size\"><a href=\"https:\/\/annelieandre.com\/portfolio\/ofbodiesandgrounds\/\" target=\"_blank\" rel=\"noreferrer noopener\">WEBSEITE<\/a><br><a href=\"https:\/\/vimeo.com\/509428744\" target=\"_blank\" rel=\"noreferrer noopener\">VIMEO<\/a><\/p>\n<\/div>\n\n\n\n<div class=\"wp-block-column is-layout-flow wp-block-column-is-layout-flow\">\n<p style=\"text-transform:uppercase\">Natalie Baudy<br><strong><strong>Deutsche lieben Mephisto &#8211; <\/strong><\/strong><sub>Schauspiel, Text, Dramaturgie<\/sub><\/p>\n\n\n\n<p class=\"has-small-font-size\">Deutsche lieben Mephisto\u201d ist ein Recherche- und Textprojekt, das sich mit den M\u00f6glichkeiten zur Verschr\u00e4nkung von Text und Tanz besch\u00e4ftigt. Neben einer methodischen Recherche soll praktisch durch Textproduktion und -generierung geforscht werden. Als inhaltliches Material und Folie f\u00fcr eine Auseinandersetzung mit Individuum und Gesellschaft dient Klaus Manns Roman \u201cMephisto\u201d. <\/p>\n<\/div>\n<\/div>\n\n\n\n<div class=\"wp-block-columns is-layout-flex wp-container-core-columns-is-layout-9d6595d7 wp-block-columns-is-layout-flex\">\n<div class=\"wp-block-column is-layout-flow wp-block-column-is-layout-flow\">\n<p style=\"text-transform:uppercase\">Moonsuk Choi<br><strong><strong>GRENZ.LAND 2.0<\/strong> <\/strong><br><sub>TANZ<\/sub><\/p>\n\n\n\n<p class=\"has-small-font-size\">Zum einen geht es in der Recherche um die Weiterentwicklung und Adaption des multimedialen Tanzst\u00fccks GRENZ.LAND. Daf\u00fcr sollen bisher unbespielte R\u00e4ume in Mecklenburg-Vorpommern gefunden und erschlossen werden. Zum anderen soll GRENZ.LAND f\u00fcr ein anderes Land, dass eine andere Grenz Geschichte hat, bearbeitet und angepasst werden. Dabei liegt der Fokus auf seinem Heimatland S\u00fcdkorea.<\/p>\n<\/div>\n\n\n\n<div class=\"wp-block-column is-layout-flow wp-block-column-is-layout-flow\">\n<p style=\"text-transform:uppercase\">Nathan Cornwell<br><strong><strong>Dis[Connect]<\/strong> <\/strong><br><sub>Tanz \/ Choreographie<\/sub><\/p>\n\n\n\n<p class=\"has-small-font-size\">Im Rahmen des Vorhabens \u201eof bodies and grounds\u201c Wir leben in einer Welt, in der es einfach ist, sich digital neue Verbindungen aufzubauen. Was macht diese Digitalisierung mit der menschlichen Verbindung? Verbinden wir uns in der heutigen Gesellschaft tats\u00e4chlich miteinander oder sind wir Disconnect? Er wird in der Recherche Bewegungsmaterial erforschen und&nbsp;entwickeln,&nbsp;die er f\u00fcr sein neues Tanzst\u00fcck&nbsp;Dis[Connect] nutzt.<\/p>\n<\/div>\n<\/div>\n\n\n\n<div class=\"wp-block-columns is-layout-flex wp-container-core-columns-is-layout-9d6595d7 wp-block-columns-is-layout-flex\">\n<div class=\"wp-block-column is-layout-flow wp-block-column-is-layout-flow\">\n<p style=\"text-transform:uppercase\">Kai Fischer<br><strong>Br\u00f6llin Super Splash &#8211; <\/strong><sub>Konzeptionelle darstellende Kunst<\/sub><\/p>\n\n\n\n<p class=\"has-small-font-size\">Zum einen geht es in der Recherche um die Ausgangspunkt der Recherche ist ein ausgetrockneter See, nahe dem Schloss Br\u00f6llin. Dieser soll medienwirksam zu einem Badeort erkl\u00e4ren werden, jedoch ohne ihn wieder in Betrieb zu nehmen. Er bleibt vertrocknet. Dabei steht im Focus wie die Wirksamkeit von Rezessionen generell ins Zentrum r\u00fcckt. Wer sind die Menschen, die Rezessionen schreiben und wer liest diese, reagiert darauf und in welcher Form?<\/p>\n\n\n\n<p class=\"has-small-font-size\"><a href=\"http:\/\/www.s-o-av.de\/badesee-fahrenwalde\/\" target=\"_blank\" rel=\"noreferrer noopener\">WEBSEITE<\/a><\/p>\n<\/div>\n\n\n\n<div class=\"wp-block-column is-layout-flow wp-block-column-is-layout-flow\">\n<p style=\"text-transform:uppercase\">Anneli Ketterer<br><strong><strong><strong>Bodenversteigerung &#8211; <\/strong><\/strong><\/strong><sub>Performance\/Objekte<\/sub><\/p>\n\n\n\n<p class=\"has-small-font-size\">Zum einen geht es in der Recherche um die Anneli Ketterer recherchiert, wie eine Immobilienauktion in eine interdisziplin\u00e4re Performance und Intervention im \u00f6ffentlichen Raum transformiert werden kann. Sie untersucht wie in der Kombination einer realen Auktion von k\u00fcnstlerischen Erdobjekten (Decrustate) und einer inszenierten Versteigerung bildende und darstellende Kunst in interdisziplin\u00e4rer Arbeit zusammenkommen k\u00f6nnen.<\/p>\n<\/div>\n<\/div>\n\n\n\n<div class=\"wp-block-columns is-layout-flex wp-container-core-columns-is-layout-9d6595d7 wp-block-columns-is-layout-flex\">\n<div class=\"wp-block-column is-layout-flow wp-block-column-is-layout-flow\">\n<p style=\"text-transform:uppercase\">Sabine Maier<br><strong><strong><strong><strong>F\u00fcsse fassen &#8211;<\/strong> <\/strong><\/strong><\/strong><br><sub>physical theater<\/sub><\/p>\n\n\n\n<p class=\"has-small-font-size\">Zum einen geht es in der Recherche um die Anneli Ketterer recherchiert, wie eine Immobilienauktion in eine interdisziplin\u00e4re Performance und Intervention im \u00f6ffentlichen Raum transformiert werden kann. Sie untersucht wie in der Kombination einer realen Auktion Im Rechercheprojekt \u201eF\u00fcsse fassen\u201c sucht Sabine Maier buchst\u00e4blich den Boden unter ihren F\u00fc\u00dfen. Seit \u00fcber 30 Jahren ist sie als Luftakrobatin, Performerin und Komikerin international unterwegs. Sie hat intensiv die&nbsp;Welt kopf\u00fcber in luftiger H\u00f6he betrachtet. Jetzt will sie in \u201eder umgekehrten Welt der Schwerkraft\u201c mit Humor t\u00e4nzerisch und akrobatisch den Boden erforschen.<\/p>\n\n\n\n<p class=\"has-small-font-size\"><a rel=\"noreferrer noopener\" href=\"https:\/\/vimeo.com\/519713920\" target=\"_blank\">VIMEO1<\/a> \/ <a rel=\"noreferrer noopener\" href=\"https:\/\/vimeo.com\/519719788\" target=\"_blank\">VIMEO2<\/a> \/ <a rel=\"noreferrer noopener\" href=\"https:\/\/vimeo.com\/541385990\" target=\"_blank\">VIMEO3<\/a><\/p>\n<\/div>\n\n\n\n<div class=\"wp-block-column is-layout-flow wp-block-column-is-layout-flow\">\n<p style=\"text-transform:uppercase\">Malik Meyer<br><strong><strong><strong><strong>Geweih, Schmuck als Kampfwaffe &#8211; <\/strong><\/strong><\/strong><\/strong><sub>Theater\/Performance<\/sub><\/p>\n\n\n\n<p class=\"has-small-font-size\">Zum einen geht es in der Recherche um die Anneli Ketterer recherchiert, wie eine Immobilienauktion in eine interdisziplin\u00e4re Performance und Intervention im \u00f6ffentlichen Raum transformiert werden kann. Sie \u201eGeweih, Schmuck als Kampfwaffe\u201c ist ein Research und Performance Projekt das sich mit den <em>vernichtenden Handlungen des Menschen <\/em>auseinandersetzt. Es wir die Frage gestellt: <em>Wo wird uns dieser Gewaltmarsch hinf\u00fchren? <\/em>Weitverbreitet Erz\u00e4hlungen und Geschichten, wie der Ph\u00f6nix aus der Asche werden in einen Dialog mit zeitgen\u00f6ssischen Geschehnissen wie Krieg und Umweltzerst\u00f6rung gestellt.<\/p>\n\n\n\n<p class=\"has-small-font-size\"><a href=\"https:\/\/www.instagram.com\/p\/CKo_omHl3xx\/?igshid=1x96t2bvwdc9m\" target=\"_blank\" rel=\"noreferrer noopener\">INSTAGRAM<\/a><\/p>\n<\/div>\n<\/div>\n\n\n\n<div class=\"wp-block-columns is-layout-flex wp-container-core-columns-is-layout-9d6595d7 wp-block-columns-is-layout-flex\">\n<div class=\"wp-block-column is-layout-flow wp-block-column-is-layout-flow\">\n<p style=\"text-transform:uppercase\">Maik Ribort<br><strong><strong><strong><strong><strong>105  <\/strong><\/strong><\/strong><\/strong><\/strong><br><sub>Choreographie\/Performance<\/sub><\/p>\n\n\n\n<p class=\"has-small-font-size\">F\u00fcr die Videoarbeit \u201e105\u201c untersucht der Choreograph Maik Riebort konkret den Weg von seinem Heimatdorf Gristow in die Stadt Greifswald im Landkreis Ostvorpommern aus dem Blickwinkel eines T\u00e4nzers. Dabei konzentriert er sich auf die kleinen Momente allt\u00e4glicher Magie, die in den R\u00e4umen verflochten sind und die erst sichtbar werden, indem man in der Gegenwart am Ort ist und sich Zeit nimmt.<\/p>\n\n\n\n<p class=\"has-small-font-size\"><a href=\"https:\/\/vimeo.com\/user4129345\" target=\"_blank\" rel=\"noreferrer noopener\">VIMEO<\/a><\/p>\n<\/div>\n\n\n\n<div class=\"wp-block-column is-layout-flow wp-block-column-is-layout-flow\">\n<p style=\"text-transform:uppercase\">Claire Terrien<br><strong><strong><strong><strong><strong>eldmessung (AT)<\/strong><\/strong><\/strong><\/strong><\/strong><br><sub>Site specific performance<\/sub><\/p>\n\n\n\n<p class=\"has-small-font-size\">Das Projekt Feldmessung (AT) beleuchtet Messvorg\u00e4nge, ihre Ungenauigkeiten und deren m\u00f6gliches Scheitern. Physische Gesetze und r\u00e4umliche Grenzen werden durch akrobatische Bewegungen, Lichtexperimente und die poetische Umnutzung von Werkzeugen untersucht. Eine eigene Methodik der Bodenmessung bringt performative Handlungen hervor, in denen Erdschichten, Landschaft oder Staub zu Akteurinnen werden.<\/p>\n\n\n\n<p class=\"has-small-font-size\"><a href=\"http:\/\/www.pomc-prod.de\/unmeasurement\/performances\/feldmessung\" target=\"_blank\" rel=\"noreferrer noopener\">WEBSEITE<\/a><\/p>\n<\/div>\n<\/div>\n\n\n\n<div class=\"wp-block-columns is-layout-flex wp-container-core-columns-is-layout-9d6595d7 wp-block-columns-is-layout-flex\">\n<div class=\"wp-block-column is-layout-flow wp-block-column-is-layout-flow\">\n<p style=\"text-transform:uppercase\">Rika&nbsp;Weniger<br><strong><strong><strong><strong><strong><strong>Hochhaus Waagestra\u00dfe<\/strong><\/strong><\/strong><\/strong><\/strong><\/strong><br><sub>Schauspiel<\/sub><strong><strong><strong><strong><strong>  <\/strong><\/strong><\/strong><\/strong><\/strong><\/p>\n\n\n\n<p class=\"has-small-font-size\">Sie bewegt sich in ihren eigenen Produktionen zwischen Schauspiel und Performance. In \u201eHochhaus Waagestra\u00dfe\u201c besch\u00e4ftigt sie sich mit Pr\u00e4gungen. Wie tief reichen Pr\u00e4gungen? Um dem nachzugehen begibt sie sich in das Hochhaus, in dem sie die ersten 11 Lebensjahre in Neubrandenburg gelebt hat. Sie wird sich vor Ort inspirieren lassen. Die Begegnungen mit den Anwohnern werden im Zentrum der Recherche stehen.<\/p>\n\n\n\n<p class=\"has-small-font-size\"><a href=\"https:\/\/un-erhoert.jimdofree.com\/laden\/hochhaus-waagestrasse\/\" target=\"_blank\" rel=\"noreferrer noopener\">WEBSEITE<\/a><\/p>\n<\/div>\n\n\n\n<div class=\"wp-block-column is-layout-flow wp-block-column-is-layout-flow\">\n<p style=\"text-transform:uppercase\">Nils Wollschl\u00e4ger<br><strong><strong><strong><strong><strong><strong>Zuk\u00fcnftige Partner gestalten <\/strong><\/strong><\/strong><\/strong><\/strong><\/strong><br><sub>Circus<\/sub><strong><strong><strong><strong><strong>  <\/strong><\/strong><\/strong><\/strong><\/strong><\/p>\n\n\n\n<p class=\"has-small-font-size\">Der Circusartist Nils Wollschl\u00e4ger tourt mit au\u00dfer gew\u00f6hnlichen artistischen Produktionen durch Europa. F\u00fcr zuk\u00fcnftige Ensemble-Produktionen werden neue Gro\u00dfrequisiten entwickelt, erforscht und in r\u00e4umliche Korrelation gebracht. Das Requisit als Partner der Artist:innen ist fundamentaler Bestandteil der Bewegung, Choreorafie und Dramaturgie jeder Circusauff\u00fchrung.<\/p>\n<\/div>\n<\/div>\n\n\n\n<div class=\"wp-block-columns is-layout-flex wp-container-core-columns-is-layout-9d6595d7 wp-block-columns-is-layout-flex\">\n<div class=\"wp-block-column is-layout-flow wp-block-column-is-layout-flow\">\n<p>#<strong>takecare<\/strong><\/p>\n\n\n\n<figure class=\"wp-block-image size-large is-style-default\"><img loading=\"lazy\" decoding=\"async\" width=\"1024\" height=\"162\" src=\"http:\/\/www.linda-neue.de\/sb\/wordpress\/wp-content\/uploads\/2022\/05\/DAKU_Logokombi_02-01-1024x162.jpg\" alt=\"\" class=\"wp-image-956\" srcset=\"http:\/\/www.linda-neue.de\/sb\/wordpress\/wp-content\/uploads\/2022\/05\/DAKU_Logokombi_02-01-1024x162.jpg 1024w, http:\/\/www.linda-neue.de\/sb\/wordpress\/wp-content\/uploads\/2022\/05\/DAKU_Logokombi_02-01-300x48.jpg 300w, http:\/\/www.linda-neue.de\/sb\/wordpress\/wp-content\/uploads\/2022\/05\/DAKU_Logokombi_02-01-768x122.jpg 768w, http:\/\/www.linda-neue.de\/sb\/wordpress\/wp-content\/uploads\/2022\/05\/DAKU_Logokombi_02-01-1536x243.jpg 1536w, http:\/\/www.linda-neue.de\/sb\/wordpress\/wp-content\/uploads\/2022\/05\/DAKU_Logokombi_02-01-2048x324.jpg 2048w\" sizes=\"auto, (max-width: 1024px) 100vw, 1024px\" \/><\/figure>\n\n\n\n<p class=\"has-small-font-size\">#TakeCareResidenzen, ein F\u00f6rderprogramm des Fonds Darstellende K\u00fcnste, f\u00f6rdert ergebnisoffene Recherchen, Labore oder konzeptionelle Vorhaben in Verbindung mit einer Residenz einer Spielst\u00e4tte des B\u00fcndnisses internationaler Produktionsh\u00e4user bzw. des flausen+bundesnetzwerks.<\/p>\n\n\n\n<p class=\"has-small-font-size\">Gef\u00f6rdert vom Fonds Darstellende K\u00fcnste im Rahmen von Neustart Kultur: #TakeThat. Realisiert durch das B\u00fcndnis internationaler Produktionsh\u00e4user und das flausen+bundesnetzwerk.&nbsp; Kofinanziert von dem Ministerium f\u00fcr&nbsp;Bildung, Wissenschaft und Kultur&nbsp;Mecklenburg-Vorpommern &nbsp;<\/p>\n<\/div>\n<\/div>\n\n\n\n<p class=\"has-text-align-center\"><a class=\"maxbutton-12 maxbutton maxbutton-zuruck-zur-ubersicht\" title=\"ZUR\u00dcCK ZUR \u00dcBERSICHT\" href=\"http:\/\/www.linda-neue.de\/sb\/wordpress\/residenz\/\"><span class='mb-text'>ZUR\u00dcCK ZUR \u00dcBERSICHT<\/span><\/a><\/p>\n\n\n\n<p><\/p>\n","protected":false},"excerpt":{"rendered":"<p>#TAKECARE Residenzen 2021 An zw\u00f6lf Residenzk\u00fcnstler:innen von schloss br\u00f6llin e. V. wurde ein Stipendium vergeben. Das Programm #TakeCareResidenzen des Fonds Darstellende K\u00fcnste, im Rahmen von NEUSTART Kultur der Beauftragten der Bundesregierung f\u00fcr Kultur und Medien (BKM), f\u00f6rdert ergebnisoffene Recherchen, allerdings in Verbindung mit Residenzen eines Hauses des flausen+bundesnetzwerkes, dem schloss br\u00f6llin e. V. seit 2019 [&hellip;]<\/p>\n","protected":false},"author":1,"featured_media":0,"parent":0,"menu_order":0,"comment_status":"closed","ping_status":"closed","template":"","meta":{"footnotes":""},"class_list":["post-950","page","type-page","status-publish","hentry"],"_links":{"self":[{"href":"http:\/\/www.linda-neue.de\/sb\/wordpress\/wp-json\/wp\/v2\/pages\/950","targetHints":{"allow":["GET"]}}],"collection":[{"href":"http:\/\/www.linda-neue.de\/sb\/wordpress\/wp-json\/wp\/v2\/pages"}],"about":[{"href":"http:\/\/www.linda-neue.de\/sb\/wordpress\/wp-json\/wp\/v2\/types\/page"}],"author":[{"embeddable":true,"href":"http:\/\/www.linda-neue.de\/sb\/wordpress\/wp-json\/wp\/v2\/users\/1"}],"replies":[{"embeddable":true,"href":"http:\/\/www.linda-neue.de\/sb\/wordpress\/wp-json\/wp\/v2\/comments?post=950"}],"version-history":[{"count":4,"href":"http:\/\/www.linda-neue.de\/sb\/wordpress\/wp-json\/wp\/v2\/pages\/950\/revisions"}],"predecessor-version":[{"id":1093,"href":"http:\/\/www.linda-neue.de\/sb\/wordpress\/wp-json\/wp\/v2\/pages\/950\/revisions\/1093"}],"wp:attachment":[{"href":"http:\/\/www.linda-neue.de\/sb\/wordpress\/wp-json\/wp\/v2\/media?parent=950"}],"curies":[{"name":"wp","href":"https:\/\/api.w.org\/{rel}","templated":true}]}}