{"id":9,"date":"2022-03-11T15:38:38","date_gmt":"2022-03-11T14:38:38","guid":{"rendered":"http:\/\/www.linda-neue.de\/sb\/wordpress\/?page_id=9"},"modified":"2022-05-12T15:21:34","modified_gmt":"2022-05-12T13:21:34","slug":"home","status":"publish","type":"page","link":"http:\/\/www.linda-neue.de\/sb\/wordpress\/","title":{"rendered":"PLACE FOR ART"},"content":{"rendered":"\n<p style=\"font-size:30px\"><strong><a href=\"http:\/\/www.linda-neue.de\/sb\/wordpress\/30-jahre\/\">30 JAHRE GEGENWART<\/a><\/strong><\/p>\n\n\n\n<p>Schloss Br\u00f6llin ist ein offener Ort f\u00fcr Kunstschaffende und G\u00e4ste aus aller Welt. Die denkmalgesch\u00fctzte Gutsanlage liegt etwa 40 km westlich von Stettin und 130 km n\u00f6rdlich von Berlin. Wir begreifen uns als internationales Produktionszentrum f\u00fcr performative K\u00fcnste, bieten R\u00e4ume und Fl\u00e4chen sowie kreativen Austausch und Freiheit f\u00fcr k\u00fcnstlerisches Arbeiten jeder Disziplin. <\/p>\n\n\n\n<figure class=\"wp-block-gallery alignfull has-nested-images columns-default is-cropped wp-block-gallery-1 is-layout-flex wp-block-gallery-is-layout-flex\">\n<figure class=\"wp-block-image size-large is-style-default\"><img loading=\"lazy\" decoding=\"async\" width=\"1024\" height=\"683\" data-id=\"325\" src=\"http:\/\/www.linda-neue.de\/sb\/wordpress\/wp-content\/uploads\/2022\/03\/3VH9113-1024x683.jpg\" alt=\"\" class=\"wp-image-325\" srcset=\"http:\/\/www.linda-neue.de\/sb\/wordpress\/wp-content\/uploads\/2022\/03\/3VH9113-1024x683.jpg 1024w, http:\/\/www.linda-neue.de\/sb\/wordpress\/wp-content\/uploads\/2022\/03\/3VH9113-300x200.jpg 300w, http:\/\/www.linda-neue.de\/sb\/wordpress\/wp-content\/uploads\/2022\/03\/3VH9113-768x512.jpg 768w, http:\/\/www.linda-neue.de\/sb\/wordpress\/wp-content\/uploads\/2022\/03\/3VH9113-1536x1024.jpg 1536w, http:\/\/www.linda-neue.de\/sb\/wordpress\/wp-content\/uploads\/2022\/03\/3VH9113.jpg 1920w\" sizes=\"auto, (max-width: 1024px) 100vw, 1024px\" \/><\/figure>\n\n\n\n<figure class=\"wp-block-image size-large is-style-default\"><img loading=\"lazy\" decoding=\"async\" width=\"1024\" height=\"683\" data-id=\"334\" src=\"http:\/\/www.linda-neue.de\/sb\/wordpress\/wp-content\/uploads\/2022\/03\/5VH9838-1024x683.jpg\" alt=\"\" class=\"wp-image-334\" srcset=\"http:\/\/www.linda-neue.de\/sb\/wordpress\/wp-content\/uploads\/2022\/03\/5VH9838-1024x683.jpg 1024w, http:\/\/www.linda-neue.de\/sb\/wordpress\/wp-content\/uploads\/2022\/03\/5VH9838-300x200.jpg 300w, http:\/\/www.linda-neue.de\/sb\/wordpress\/wp-content\/uploads\/2022\/03\/5VH9838-768x512.jpg 768w, http:\/\/www.linda-neue.de\/sb\/wordpress\/wp-content\/uploads\/2022\/03\/5VH9838-1536x1024.jpg 1536w, http:\/\/www.linda-neue.de\/sb\/wordpress\/wp-content\/uploads\/2022\/03\/5VH9838.jpg 1920w\" sizes=\"auto, (max-width: 1024px) 100vw, 1024px\" \/><\/figure>\n\n\n\n<figure class=\"wp-block-image size-large is-style-default\"><img loading=\"lazy\" decoding=\"async\" width=\"1024\" height=\"683\" data-id=\"328\" src=\"http:\/\/www.linda-neue.de\/sb\/wordpress\/wp-content\/uploads\/2022\/03\/PVH1159-1024x683.jpg\" alt=\"\" class=\"wp-image-328\" srcset=\"http:\/\/www.linda-neue.de\/sb\/wordpress\/wp-content\/uploads\/2022\/03\/PVH1159-1024x683.jpg 1024w, http:\/\/www.linda-neue.de\/sb\/wordpress\/wp-content\/uploads\/2022\/03\/PVH1159-300x200.jpg 300w, http:\/\/www.linda-neue.de\/sb\/wordpress\/wp-content\/uploads\/2022\/03\/PVH1159-768x512.jpg 768w, http:\/\/www.linda-neue.de\/sb\/wordpress\/wp-content\/uploads\/2022\/03\/PVH1159-1536x1024.jpg 1536w, http:\/\/www.linda-neue.de\/sb\/wordpress\/wp-content\/uploads\/2022\/03\/PVH1159.jpg 1920w\" sizes=\"auto, (max-width: 1024px) 100vw, 1024px\" \/><\/figure>\n<\/figure>\n\n\n\n<p class=\"has-text-align-center\"><sup><a class=\"maxbutton-4 maxbutton maxbutton-newsletter\" title=\"NEWSLETTER ABONNIEREN\" href=\"mailto:kontakt@linda-neue.de?subject=Ja%20ich%20will&body=Hallo%20schloss%20br\u00f6llin,%0D%0A%0D%0Abitte%20sendet%20mir%20euren%20Newsletter! %0D%0A%0D%0ADanke (:\"><span class='mb-text'>NEWSLETTER ABONNIEREN<\/span><\/a><\/sup><\/p>\n","protected":false},"excerpt":{"rendered":"<p>30 JAHRE GEGENWART Schloss Br\u00f6llin ist ein offener Ort f\u00fcr Kunstschaffende und G\u00e4ste aus aller Welt. Die denkmalgesch\u00fctzte Gutsanlage liegt etwa 40 km westlich von Stettin und 130 km n\u00f6rdlich von Berlin. Wir begreifen uns als internationales Produktionszentrum f\u00fcr performative K\u00fcnste, bieten R\u00e4ume und Fl\u00e4chen sowie kreativen Austausch und Freiheit f\u00fcr k\u00fcnstlerisches Arbeiten jeder Disziplin.<\/p>\n","protected":false},"author":1,"featured_media":0,"parent":0,"menu_order":0,"comment_status":"closed","ping_status":"closed","template":"","meta":{"footnotes":""},"class_list":["post-9","page","type-page","status-publish","hentry"],"_links":{"self":[{"href":"http:\/\/www.linda-neue.de\/sb\/wordpress\/wp-json\/wp\/v2\/pages\/9","targetHints":{"allow":["GET"]}}],"collection":[{"href":"http:\/\/www.linda-neue.de\/sb\/wordpress\/wp-json\/wp\/v2\/pages"}],"about":[{"href":"http:\/\/www.linda-neue.de\/sb\/wordpress\/wp-json\/wp\/v2\/types\/page"}],"author":[{"embeddable":true,"href":"http:\/\/www.linda-neue.de\/sb\/wordpress\/wp-json\/wp\/v2\/users\/1"}],"replies":[{"embeddable":true,"href":"http:\/\/www.linda-neue.de\/sb\/wordpress\/wp-json\/wp\/v2\/comments?post=9"}],"version-history":[{"count":36,"href":"http:\/\/www.linda-neue.de\/sb\/wordpress\/wp-json\/wp\/v2\/pages\/9\/revisions"}],"predecessor-version":[{"id":1211,"href":"http:\/\/www.linda-neue.de\/sb\/wordpress\/wp-json\/wp\/v2\/pages\/9\/revisions\/1211"}],"wp:attachment":[{"href":"http:\/\/www.linda-neue.de\/sb\/wordpress\/wp-json\/wp\/v2\/media?parent=9"}],"curies":[{"name":"wp","href":"https:\/\/api.w.org\/{rel}","templated":true}]}}