{"id":860,"date":"2022-05-04T14:44:40","date_gmt":"2022-05-04T12:44:40","guid":{"rendered":"http:\/\/www.linda-neue.de\/sb\/wordpress\/?page_id=860"},"modified":"2022-05-12T14:31:00","modified_gmt":"2022-05-12T12:31:00","slug":"residenz","status":"publish","type":"page","link":"http:\/\/www.linda-neue.de\/sb\/wordpress\/residenz\/","title":{"rendered":"RESIDENZEN"},"content":{"rendered":"\n<p style=\"font-size:30px\"><strong>RESIDENZEN<\/strong><\/p>\n\n\n\n<p>Auf Schloss Br\u00f6llin gibt es verschiedene M\u00f6glichkeiten\u00a0f\u00fcr Residenzaufenthalte von internationalen Gruppen und Kunstschaffenden:\u00a0<\/p>\n\n\n\n<div class=\"wp-block-columns is-layout-flex wp-container-core-columns-is-layout-9d6595d7 wp-block-columns-is-layout-flex\">\n<div class=\"wp-block-column is-layout-flow wp-block-column-is-layout-flow\">\n<figure class=\"wp-block-image size-full is-style-default\"><img loading=\"lazy\" decoding=\"async\" width=\"1000\" height=\"667\" src=\"http:\/\/www.linda-neue.de\/sb\/wordpress\/wp-content\/uploads\/2022\/05\/Residenz.jpg\" alt=\"\" class=\"wp-image-973\" srcset=\"http:\/\/www.linda-neue.de\/sb\/wordpress\/wp-content\/uploads\/2022\/05\/Residenz.jpg 1000w, http:\/\/www.linda-neue.de\/sb\/wordpress\/wp-content\/uploads\/2022\/05\/Residenz-300x200.jpg 300w, http:\/\/www.linda-neue.de\/sb\/wordpress\/wp-content\/uploads\/2022\/05\/Residenz-768x512.jpg 768w\" sizes=\"auto, (max-width: 1000px) 100vw, 1000px\" \/><\/figure>\n\n\n\n<p style=\"font-size:16px;text-transform:uppercase\"><strong>Schloss Br\u00f6llin Residenzprogramm<\/strong><\/p>\n\n\n\n<p class=\"has-small-font-size\">Zentraler Bestandteil von schloss br\u00f6llin e.V. ist das Residenzprogramm, f\u00fcr das sich K\u00fcnstler:innengruppen einmal j\u00e4hrlich bewerben k\u00f6nnen.<\/p>\n\n\n\n<a class=\"maxbutton-7 maxbutton maxbutton-mehr-erfahren\" title=\"MEHR ERFAHREN\" href=\"http:\/\/www.linda-neue.de\/sb\/wordpress\/residenzprogramm\/\"><span class='mb-text'>MEHR ERFAHREN<\/span><\/a>\n\n\n\n<div style=\"height:20px\" aria-hidden=\"true\" class=\"wp-block-spacer\"><\/div>\n<\/div>\n\n\n\n<div class=\"wp-block-column is-layout-flow wp-block-column-is-layout-flow\">\n<figure class=\"wp-block-image size-full is-style-default\"><img loading=\"lazy\" decoding=\"async\" width=\"1000\" height=\"667\" src=\"http:\/\/www.linda-neue.de\/sb\/wordpress\/wp-content\/uploads\/2022\/05\/Einmietung.jpg\" alt=\"\" class=\"wp-image-974\" srcset=\"http:\/\/www.linda-neue.de\/sb\/wordpress\/wp-content\/uploads\/2022\/05\/Einmietung.jpg 1000w, http:\/\/www.linda-neue.de\/sb\/wordpress\/wp-content\/uploads\/2022\/05\/Einmietung-300x200.jpg 300w, http:\/\/www.linda-neue.de\/sb\/wordpress\/wp-content\/uploads\/2022\/05\/Einmietung-768x512.jpg 768w\" sizes=\"auto, (max-width: 1000px) 100vw, 1000px\" \/><\/figure>\n\n\n\n<p style=\"font-size:16px;text-transform:uppercase\"><strong>Einmietung von K\u00fcnstler:innen<\/strong><\/p>\n\n\n\n<p class=\"has-small-font-size\">Auch eine Einmietung auf Schloss Br\u00f6llin ist m\u00f6glich. F\u00fcr Informationen, Verf\u00fcgbarkeiten und Preise wenden Sie sich gern an unser <a href=\"mailto:booking@broellin.de\"><strong>Booking<\/strong><\/a>. <br><br>Eine \u00dcbersicht \u00fcber unsere r\u00e4umlichen M\u00f6glichkeiten finden Sie <strong><a href=\"http:\/\/www.linda-neue.de\/sb\/wordpress\/ort\/\">hier<\/a><\/strong>.<\/p>\n\n\n\n<div style=\"height:20px\" aria-hidden=\"true\" class=\"wp-block-spacer\"><\/div>\n<\/div>\n<\/div>\n\n\n\n<div class=\"wp-block-columns is-layout-flex wp-container-core-columns-is-layout-9d6595d7 wp-block-columns-is-layout-flex\">\n<div class=\"wp-block-column is-layout-flow wp-block-column-is-layout-flow\">\n<figure class=\"wp-block-image size-full is-style-default\"><img loading=\"lazy\" decoding=\"async\" width=\"1000\" height=\"667\" src=\"http:\/\/www.linda-neue.de\/sb\/wordpress\/wp-content\/uploads\/2022\/05\/Omni.jpg\" alt=\"\" class=\"wp-image-971\" srcset=\"http:\/\/www.linda-neue.de\/sb\/wordpress\/wp-content\/uploads\/2022\/05\/Omni.jpg 1000w, http:\/\/www.linda-neue.de\/sb\/wordpress\/wp-content\/uploads\/2022\/05\/Omni-300x200.jpg 300w, http:\/\/www.linda-neue.de\/sb\/wordpress\/wp-content\/uploads\/2022\/05\/Omni-768x512.jpg 768w\" sizes=\"auto, (max-width: 1000px) 100vw, 1000px\" \/><\/figure>\n\n\n\n<p style=\"font-size:16px;text-transform:uppercase\"><strong>Assoziierte KUNSTSCHAFFENDE<\/strong><\/p>\n\n\n\n<p class=\"has-small-font-size\">Mit dem Ziel einer gemeinsamen Entwicklung und l\u00e4ngerfristigen Bindung gibt es kontinuierliche Verbindungen zwischen schloss br\u00f6llin e.V. und unterschiedlichen Kunstschaffenden  \u2013 derzeit mit <br><a href=\"http:\/\/www.omnivolant.de\/\"><strong>Omnivolant<\/strong><\/a> (Circus).<\/p>\n\n\n\n<div style=\"height:20px\" aria-hidden=\"true\" class=\"wp-block-spacer\"><\/div>\n<\/div>\n\n\n\n<div class=\"wp-block-column is-layout-flow wp-block-column-is-layout-flow\">\n<figure class=\"wp-block-image size-full is-style-default\"><img loading=\"lazy\" decoding=\"async\" width=\"1000\" height=\"667\" src=\"http:\/\/www.linda-neue.de\/sb\/wordpress\/wp-content\/uploads\/2022\/05\/Dorfresidenz.jpg\" alt=\"\" class=\"wp-image-972\" srcset=\"http:\/\/www.linda-neue.de\/sb\/wordpress\/wp-content\/uploads\/2022\/05\/Dorfresidenz.jpg 1000w, http:\/\/www.linda-neue.de\/sb\/wordpress\/wp-content\/uploads\/2022\/05\/Dorfresidenz-300x200.jpg 300w, http:\/\/www.linda-neue.de\/sb\/wordpress\/wp-content\/uploads\/2022\/05\/Dorfresidenz-768x512.jpg 768w\" sizes=\"auto, (max-width: 1000px) 100vw, 1000px\" \/><\/figure>\n\n\n\n<p style=\"font-size:16px;text-transform:uppercase\"><strong><strong>Produktionsresidenz MV tanzt an<\/strong><\/strong><\/p>\n\n\n\n<p class=\"has-small-font-size\">MV tanzt an schreibt j\u00e4hrlich eine Produktionsresidenz f\u00fcr Tanz aus, die sich thematisch mit der Region Vorpommern und ihren Menschen auseinandersetzt. Sie wird in Form eines Stipendiums auf Schloss Br\u00f6llin realisiert und von einer Fachjury ausgew\u00e4hlt. Informationen zur Produktionsresidenz von MV tanzt an finden Sie&nbsp;<strong><a rel=\"noreferrer noopener\" href=\"https:\/\/vorpommern-tanzt-an.de\/vorpommern-tanzt-an\/produktionsresidenz\" target=\"_blank\">hier<\/a><\/strong>.<\/p>\n\n\n\n<div style=\"height:20px\" aria-hidden=\"true\" class=\"wp-block-spacer\"><\/div>\n<\/div>\n<\/div>\n\n\n\n<div class=\"wp-block-columns is-layout-flex wp-container-core-columns-is-layout-9d6595d7 wp-block-columns-is-layout-flex\">\n<div class=\"wp-block-column is-layout-flow wp-block-column-is-layout-flow\">\n<figure class=\"wp-block-image size-large is-style-default\"><img loading=\"lazy\" decoding=\"async\" width=\"1024\" height=\"603\" src=\"http:\/\/www.linda-neue.de\/sb\/wordpress\/wp-content\/uploads\/2022\/05\/network-1024x603.jpg\" alt=\"\" class=\"wp-image-970\" srcset=\"http:\/\/www.linda-neue.de\/sb\/wordpress\/wp-content\/uploads\/2022\/05\/network-1024x603.jpg 1024w, http:\/\/www.linda-neue.de\/sb\/wordpress\/wp-content\/uploads\/2022\/05\/network-300x177.jpg 300w, http:\/\/www.linda-neue.de\/sb\/wordpress\/wp-content\/uploads\/2022\/05\/network-768x452.jpg 768w, http:\/\/www.linda-neue.de\/sb\/wordpress\/wp-content\/uploads\/2022\/05\/network-1536x904.jpg 1536w, http:\/\/www.linda-neue.de\/sb\/wordpress\/wp-content\/uploads\/2022\/05\/network-2048x1205.jpg 2048w\" sizes=\"auto, (max-width: 1024px) 100vw, 1024px\" \/><figcaption><sup>Foto: Ahmad Odeh\/unsplash<\/sup><\/figcaption><\/figure>\n\n\n\n<p style=\"font-size:16px;text-transform:uppercase\"><strong>Kooperationen UND Netzwerke<\/strong><\/p>\n\n\n\n<p class=\"has-small-font-size\"><strong>Das schloss br\u00f6llin e.V. Residenzprogramm ist unter anderem Mitglied bei:<\/strong><br><a href=\"https:\/\/resartis.org\/\" target=\"_blank\" rel=\"noreferrer noopener\">RES ARTIS<\/a><br><a href=\"http:\/\/www.kuenstlerresidenzen.de\/\" target=\"_blank\" rel=\"noreferrer noopener\">Arbeitskreis deutscher internationaler Residenzprogramme<\/a><\/p>\n\n\n\n<p class=\"has-small-font-size\"><strong>Netzwerkpartner von:<\/strong><br><a href=\"https:\/\/www.jointadventures.net\/nationales-performance-netz\/\" target=\"_blank\" rel=\"noreferrer noopener\">NATIONALES PERFORMANCE NETZ<\/a><\/p>\n\n\n\n<p class=\"has-small-font-size\"><strong>Kooperationen mit:<\/strong><br><a href=\"https:\/\/flausen.plus\/\" target=\"_blank\" rel=\"noreferrer noopener\">FLAUSEN+ Bundesnetzwerk<\/a><br><a href=\"https:\/\/www.musicboard-berlin.de\/\" target=\"_blank\" rel=\"noreferrer noopener\">MUSIC BOARD BERLIN<\/a><\/p>\n\n\n\n<p class=\"has-small-font-size\">Das Residenzprogramm wird gef\u00f6rdert&nbsp;durch das Ministerium f\u00fcr Bildung, Wissenschaft und Kultur des Landes Mecklenburg-Vorpommern und dem Landkreis Vorpommern-Greifswald.<\/p>\n\n\n\n<div style=\"height:20px\" aria-hidden=\"true\" class=\"wp-block-spacer\"><\/div>\n<\/div>\n\n\n\n<div class=\"wp-block-column is-layout-flow wp-block-column-is-layout-flow\">\n<figure class=\"wp-block-image size-full is-style-default\"><img loading=\"lazy\" decoding=\"async\" width=\"1000\" height=\"589\" src=\"http:\/\/www.linda-neue.de\/sb\/wordpress\/wp-content\/uploads\/2022\/05\/dorf.jpg\" alt=\"\" class=\"wp-image-1162\" srcset=\"http:\/\/www.linda-neue.de\/sb\/wordpress\/wp-content\/uploads\/2022\/05\/dorf.jpg 1000w, http:\/\/www.linda-neue.de\/sb\/wordpress\/wp-content\/uploads\/2022\/05\/dorf-300x177.jpg 300w, http:\/\/www.linda-neue.de\/sb\/wordpress\/wp-content\/uploads\/2022\/05\/dorf-768x452.jpg 768w\" sizes=\"auto, (max-width: 1000px) 100vw, 1000px\" \/><figcaption><sup>Foto: Kulturlandb\u00fcro<\/sup><\/figcaption><\/figure>\n\n\n\n<p style=\"font-size:16px;text-transform:uppercase\"><strong>DORFRESIDENZEN KULTURLANDB\u00dcRO<\/strong><\/p>\n\n\n\n<p class=\"has-small-font-size\">Innerhalb der verschiedenen Projekte auf Schloss Br\u00f6llin gibt es weitere Residenzm\u00f6glichkeiten. Genauere Informationen zu den Dorfresidenzen vom Kulturlandb\u00fcro finden Sie auf der Webseite des&nbsp;<strong><a href=\"https:\/\/www.kulturlandbuero.de\/\" target=\"_blank\" rel=\"noreferrer noopener\">Kulturlandb\u00fcro<\/a>.<\/strong><\/p>\n\n\n\n<p><\/p>\n\n\n\n<div style=\"height:20px\" aria-hidden=\"true\" class=\"wp-block-spacer\"><\/div>\n<\/div>\n<\/div>\n\n\n\n<div class=\"wp-block-columns is-layout-flex wp-container-core-columns-is-layout-9d6595d7 wp-block-columns-is-layout-flex\">\n<div class=\"wp-block-column is-layout-flow wp-block-column-is-layout-flow\">\n<figure class=\"wp-block-image size-large is-resized is-style-default\"><img loading=\"lazy\" decoding=\"async\" src=\"http:\/\/www.linda-neue.de\/sb\/wordpress\/wp-content\/uploads\/2022\/05\/tc_residenzen_2-1024x658.jpg\" alt=\"\" class=\"wp-image-953\" width=\"322\" height=\"206\" srcset=\"http:\/\/www.linda-neue.de\/sb\/wordpress\/wp-content\/uploads\/2022\/05\/tc_residenzen_2-1024x658.jpg 1024w, http:\/\/www.linda-neue.de\/sb\/wordpress\/wp-content\/uploads\/2022\/05\/tc_residenzen_2-300x193.jpg 300w, http:\/\/www.linda-neue.de\/sb\/wordpress\/wp-content\/uploads\/2022\/05\/tc_residenzen_2-768x494.jpg 768w, http:\/\/www.linda-neue.de\/sb\/wordpress\/wp-content\/uploads\/2022\/05\/tc_residenzen_2-1536x987.jpg 1536w, http:\/\/www.linda-neue.de\/sb\/wordpress\/wp-content\/uploads\/2022\/05\/tc_residenzen_2-2048x1317.jpg 2048w\" sizes=\"auto, (max-width: 322px) 100vw, 322px\" \/><figcaption><sup>Foto: Residenzen 2021<\/sup><\/figcaption><\/figure>\n\n\n\n<p style=\"font-size:16px;text-transform:uppercase\">#<strong>TakeCare Residenzen 2021<\/strong><\/p>\n\n\n\n<p class=\"has-small-font-size\">An zw\u00f6lf Residenzk\u00fcnstler:innen von schloss br\u00f6llin e. V. wurde ein Stipendium vergeben. <\/p>\n\n\n\n<a class=\"maxbutton-9 maxbutton maxbutton-mehr-erfahren\" title=\"MEHR ERFAHREN\" href=\"http:\/\/www.linda-neue.de\/sb\/wordpress\/takecare\/\"><span class='mb-text'>MEHR ERFAHREN<\/span><\/a>\n\n\n\n<div style=\"height:20px\" aria-hidden=\"true\" class=\"wp-block-spacer\"><\/div>\n<\/div>\n\n\n\n<div class=\"wp-block-column is-layout-flow wp-block-column-is-layout-flow\">\n<figure class=\"wp-block-image size-large is-style-default\"><img loading=\"lazy\" decoding=\"async\" width=\"1024\" height=\"658\" src=\"http:\/\/www.linda-neue.de\/sb\/wordpress\/wp-content\/uploads\/2022\/05\/1024-1024x658.jpg\" alt=\"\" class=\"wp-image-1161\" srcset=\"http:\/\/www.linda-neue.de\/sb\/wordpress\/wp-content\/uploads\/2022\/05\/1024-1024x658.jpg 1024w, http:\/\/www.linda-neue.de\/sb\/wordpress\/wp-content\/uploads\/2022\/05\/1024-300x193.jpg 300w, http:\/\/www.linda-neue.de\/sb\/wordpress\/wp-content\/uploads\/2022\/05\/1024-768x494.jpg 768w, http:\/\/www.linda-neue.de\/sb\/wordpress\/wp-content\/uploads\/2022\/05\/1024-1536x987.jpg 1536w, http:\/\/www.linda-neue.de\/sb\/wordpress\/wp-content\/uploads\/2022\/05\/1024-2048x1316.jpg 2048w\" sizes=\"auto, (max-width: 1024px) 100vw, 1024px\" \/><figcaption><sup>Foto: Morgan Petroski\/unsplash<\/sup><\/figcaption><\/figure>\n\n\n\n<p style=\"font-size:16px;text-transform:uppercase\"><strong>#TakeHeart Residenzf\u00f6rderung 2022<\/strong><\/p>\n\n\n\n<p class=\"has-small-font-size\">Mit #TakeHeart setzt der Fonds Darstellende K\u00fcnste im Rahmen von NEUSTART KULTUR \u2013 dem von der Beauftragten der Bundesregierung f\u00fcr Kultur und Medien (BKM) finanzierten Rettungs- und Zukunftspaket f\u00fcr den Kultur- und Medienbereich \u2013 seine umfassenden F\u00f6rderma\u00dfnahmen fort.<\/p>\n\n\n\n<a class=\"maxbutton-8 maxbutton maxbutton-mehr-erfahren\" title=\"MEHR ERFAHREN\" href=\"http:\/\/www.linda-neue.de\/sb\/wordpress\/takeheart\/\"><span class='mb-text'>MEHR ERFAHREN<\/span><\/a>\n<\/div>\n<\/div>\n","protected":false},"excerpt":{"rendered":"<p>RESIDENZEN Auf Schloss Br\u00f6llin gibt es verschiedene M\u00f6glichkeiten\u00a0f\u00fcr Residenzaufenthalte von internationalen Gruppen und Kunstschaffenden:\u00a0 Schloss Br\u00f6llin Residenzprogramm Zentraler Bestandteil von schloss br\u00f6llin e.V. ist das Residenzprogramm, f\u00fcr das sich K\u00fcnstler:innengruppen einmal j\u00e4hrlich bewerben k\u00f6nnen. Einmietung von K\u00fcnstler:innen Auch eine Einmietung auf Schloss Br\u00f6llin ist m\u00f6glich. F\u00fcr Informationen, Verf\u00fcgbarkeiten und Preise wenden Sie sich gern an [&hellip;]<\/p>\n","protected":false},"author":1,"featured_media":0,"parent":0,"menu_order":0,"comment_status":"closed","ping_status":"closed","template":"","meta":{"footnotes":""},"class_list":["post-860","page","type-page","status-publish","hentry"],"_links":{"self":[{"href":"http:\/\/www.linda-neue.de\/sb\/wordpress\/wp-json\/wp\/v2\/pages\/860","targetHints":{"allow":["GET"]}}],"collection":[{"href":"http:\/\/www.linda-neue.de\/sb\/wordpress\/wp-json\/wp\/v2\/pages"}],"about":[{"href":"http:\/\/www.linda-neue.de\/sb\/wordpress\/wp-json\/wp\/v2\/types\/page"}],"author":[{"embeddable":true,"href":"http:\/\/www.linda-neue.de\/sb\/wordpress\/wp-json\/wp\/v2\/users\/1"}],"replies":[{"embeddable":true,"href":"http:\/\/www.linda-neue.de\/sb\/wordpress\/wp-json\/wp\/v2\/comments?post=860"}],"version-history":[{"count":18,"href":"http:\/\/www.linda-neue.de\/sb\/wordpress\/wp-json\/wp\/v2\/pages\/860\/revisions"}],"predecessor-version":[{"id":1199,"href":"http:\/\/www.linda-neue.de\/sb\/wordpress\/wp-json\/wp\/v2\/pages\/860\/revisions\/1199"}],"wp:attachment":[{"href":"http:\/\/www.linda-neue.de\/sb\/wordpress\/wp-json\/wp\/v2\/media?parent=860"}],"curies":[{"name":"wp","href":"https:\/\/api.w.org\/{rel}","templated":true}]}}