{"id":850,"date":"2022-05-04T14:23:22","date_gmt":"2022-05-04T12:23:22","guid":{"rendered":"http:\/\/www.linda-neue.de\/sb\/wordpress\/?page_id=850"},"modified":"2022-05-06T09:54:47","modified_gmt":"2022-05-06T07:54:47","slug":"literatur","status":"publish","type":"page","link":"http:\/\/www.linda-neue.de\/sb\/wordpress\/literatur\/","title":{"rendered":"LITERATUR"},"content":{"rendered":"\n<p style=\"font-size:30px;text-transform:uppercase\"><strong>Von Wurzeln und Fl\u00fcgeln<\/strong><\/p>\n\n\n\n<p>Dank einer F\u00f6rderung des Literarischen Colloquiums Berlin im Programm Und seitab liegt die Stadt findet 2022 erstmalig eine Lesereihe auf Schloss Br\u00f6llin statt. Ein gro\u00dfes Dankesch\u00f6n geht hiermit an Ulrike Sebert, die den Impuls f\u00fcr die Bewerbung gab. Auf die Bez\u00fcge zur Region, Positionen und Vorstellungen zur Zukunft d\u00fcrfen Sie gespannt sein. <\/p>\n\n\n\n<figure class=\"wp-block-image size-large is-style-default\"><img loading=\"lazy\" decoding=\"async\" width=\"1024\" height=\"768\" src=\"http:\/\/www.linda-neue.de\/sb\/wordpress\/wp-content\/uploads\/2022\/05\/Ulrike-Sebert_2020-05-29_07-21-19-1024x768.jpg\" alt=\"\" class=\"wp-image-851\" srcset=\"http:\/\/www.linda-neue.de\/sb\/wordpress\/wp-content\/uploads\/2022\/05\/Ulrike-Sebert_2020-05-29_07-21-19-1024x768.jpg 1024w, http:\/\/www.linda-neue.de\/sb\/wordpress\/wp-content\/uploads\/2022\/05\/Ulrike-Sebert_2020-05-29_07-21-19-300x225.jpg 300w, http:\/\/www.linda-neue.de\/sb\/wordpress\/wp-content\/uploads\/2022\/05\/Ulrike-Sebert_2020-05-29_07-21-19-768x576.jpg 768w, http:\/\/www.linda-neue.de\/sb\/wordpress\/wp-content\/uploads\/2022\/05\/Ulrike-Sebert_2020-05-29_07-21-19.jpg 1280w\" sizes=\"auto, (max-width: 1024px) 100vw, 1024px\" \/><figcaption><sup>Foto: Ulrike Sebert<\/sup><\/figcaption><\/figure>\n\n\n\n<p style=\"font-size:16px\">Den Auftakt macht Verena Ke\u00dfler am 28. Mai und liest aus ihrem Roman \u201eDie Gespenster von Demmin\u201c. Am 16. Juli sind Ulrike Sebert, Gregor Sander und Jan Wagner eingeladen das Publikum mit einer weiten Spanne von Prosa bis Lyrik zu verzaubern. Gregor Sander wird an diesem Tag auch einen Workshop zum Kreativen Schreiben anbieten. Da Im Juli auch die Festwochen von schloss br\u00f6llin e.V. geplant sind, ist an diesem Wochenende mit besonders viel Leben auf dem Hof zu rechnen.<br>Im Sp\u00e4tsommer wird Simone Labs am 24. September mit einer Lesung aus \u201eMit den Kranichen ziehen\u201c die kleine Lesereihe beschlie\u00dfen. Kim Archipova wird moderieren. Wir freuen uns auf neue G\u00e4ste -bei gutem Wetter vorm Bienenhaus, bei schlechtem in der Sommergalerie.<br>Der Beginn der Veranstaltungen an den Samstagen ist immer um 17 Uhr geplant. F\u00fcr \u00dcbernachtungsw\u00fcnsche empfehlen wir fr\u00fchzeitige Anmeldungen und machen m\u00f6glich was geht.<\/p>\n\n\n\n<div class=\"wp-block-columns is-layout-flex wp-container-core-columns-is-layout-9d6595d7 wp-block-columns-is-layout-flex\">\n<div class=\"wp-block-column is-layout-flow wp-block-column-is-layout-flow\">\n<p style=\"font-size:16px\"><strong>Anmeldungen f\u00fcr \u00dcbernachtungen:<\/strong><br><a rel=\"noreferrer noopener\" href=\"http:\/\/www.mv-tanzt-an.de\" target=\"_blank\">Kim Archipova<br><a rel=\"noreferrer noopener\" href=\"mailto:martin.stiefermann@vorpommern-tanzt-an.de\" target=\"_blank\">kim.archipova@broellin.de<\/a><\/a><\/p>\n\n\n\n<div style=\"height:10px\" aria-hidden=\"true\" class=\"wp-block-spacer\"><\/div>\n\n\n\n<p style=\"font-size:16px\"><strong>Gef\u00f6rdert durch das Programm &#8222;Und seitab liegt die Stadt<\/strong>&#8222;<\/p>\n<\/div>\n<\/div>\n\n\n\n<figure class=\"wp-block-image size-full is-style-default\"><img loading=\"lazy\" decoding=\"async\" width=\"500\" height=\"87\" src=\"http:\/\/www.linda-neue.de\/sb\/wordpress\/wp-content\/uploads\/2022\/05\/Logoleiste.png\" alt=\"\" class=\"wp-image-852\" srcset=\"http:\/\/www.linda-neue.de\/sb\/wordpress\/wp-content\/uploads\/2022\/05\/Logoleiste.png 500w, http:\/\/www.linda-neue.de\/sb\/wordpress\/wp-content\/uploads\/2022\/05\/Logoleiste-300x52.png 300w\" sizes=\"auto, (max-width: 500px) 100vw, 500px\" \/><\/figure>\n\n\n\n<p class=\"has-text-align-center\"><a class=\"maxbutton-11 maxbutton maxbutton-zuruck-zur-ubersicht\" title=\"ZUR\u00dcCK ZUR \u00dcBERSICHT\" href=\"http:\/\/www.linda-neue.de\/sb\/wordpress\/projekte\/\"><span class='mb-text'>ZUR\u00dcCK ZUR \u00dcBERSICHT<\/span><\/a><\/p>\n\n\n\n<p><\/p>\n","protected":false},"excerpt":{"rendered":"<p>Von Wurzeln und Fl\u00fcgeln Dank einer F\u00f6rderung des Literarischen Colloquiums Berlin im Programm Und seitab liegt die Stadt findet 2022 erstmalig eine Lesereihe auf Schloss Br\u00f6llin statt. Ein gro\u00dfes Dankesch\u00f6n geht hiermit an Ulrike Sebert, die den Impuls f\u00fcr die Bewerbung gab. Auf die Bez\u00fcge zur Region, Positionen und Vorstellungen zur Zukunft d\u00fcrfen Sie gespannt [&hellip;]<\/p>\n","protected":false},"author":1,"featured_media":0,"parent":0,"menu_order":0,"comment_status":"closed","ping_status":"closed","template":"","meta":{"footnotes":""},"class_list":["post-850","page","type-page","status-publish","hentry"],"_links":{"self":[{"href":"http:\/\/www.linda-neue.de\/sb\/wordpress\/wp-json\/wp\/v2\/pages\/850","targetHints":{"allow":["GET"]}}],"collection":[{"href":"http:\/\/www.linda-neue.de\/sb\/wordpress\/wp-json\/wp\/v2\/pages"}],"about":[{"href":"http:\/\/www.linda-neue.de\/sb\/wordpress\/wp-json\/wp\/v2\/types\/page"}],"author":[{"embeddable":true,"href":"http:\/\/www.linda-neue.de\/sb\/wordpress\/wp-json\/wp\/v2\/users\/1"}],"replies":[{"embeddable":true,"href":"http:\/\/www.linda-neue.de\/sb\/wordpress\/wp-json\/wp\/v2\/comments?post=850"}],"version-history":[{"count":2,"href":"http:\/\/www.linda-neue.de\/sb\/wordpress\/wp-json\/wp\/v2\/pages\/850\/revisions"}],"predecessor-version":[{"id":1077,"href":"http:\/\/www.linda-neue.de\/sb\/wordpress\/wp-json\/wp\/v2\/pages\/850\/revisions\/1077"}],"wp:attachment":[{"href":"http:\/\/www.linda-neue.de\/sb\/wordpress\/wp-json\/wp\/v2\/media?parent=850"}],"curies":[{"name":"wp","href":"https:\/\/api.w.org\/{rel}","templated":true}]}}