{"id":785,"date":"2022-05-04T11:45:15","date_gmt":"2022-05-04T09:45:15","guid":{"rendered":"http:\/\/www.linda-neue.de\/sb\/wordpress\/?page_id=785"},"modified":"2022-05-12T14:25:01","modified_gmt":"2022-05-12T12:25:01","slug":"ort","status":"publish","type":"page","link":"http:\/\/www.linda-neue.de\/sb\/wordpress\/ort\/","title":{"rendered":"ORT"},"content":{"rendered":"\n<p style=\"font-size:30px\"><strong>EIN AREAL F\u00dcR KUNST UND MENSCHEN<\/strong><\/p>\n\n\n\n<p>Ob Hoch- oder Subkultur, Tanz, Theater, Zirkus, Bildende Kunst, Musik, Literatur oder Jugenprojekte \u2013 auf unserem historischen Gel\u00e4nde finden sich unz\u00e4hlige ungew\u00f6hnliche Orte und Fl\u00e4chen, auf denen nahezu alles m\u00f6glich ist.<\/p>\n\n\n\n<div class=\"wp-block-columns alignwide is-layout-flex wp-container-core-columns-is-layout-9d6595d7 wp-block-columns-is-layout-flex\">\n<div class=\"wp-block-column is-vertically-aligned-top is-layout-flow wp-block-column-is-layout-flow\">\n<div class=\"wp-block-cover alignfull is-light\" style=\"min-height:246px;aspect-ratio:unset;\"><span aria-hidden=\"true\" class=\"has-background-dim-0 wp-block-cover__gradient-background has-background-dim\"><\/span><img loading=\"lazy\" decoding=\"async\" width=\"922\" height=\"650\" class=\"wp-block-cover__image-background wp-image-938\" alt=\"\" src=\"http:\/\/www.linda-neue.de\/sb\/wordpress\/wp-content\/uploads\/2022\/05\/ButtonA-1.png\" style=\"object-position:100% 0%\" data-object-fit=\"cover\" data-object-position=\"100% 0%\" srcset=\"http:\/\/www.linda-neue.de\/sb\/wordpress\/wp-content\/uploads\/2022\/05\/ButtonA-1.png 922w, http:\/\/www.linda-neue.de\/sb\/wordpress\/wp-content\/uploads\/2022\/05\/ButtonA-1-300x211.png 300w, http:\/\/www.linda-neue.de\/sb\/wordpress\/wp-content\/uploads\/2022\/05\/ButtonA-1-768x541.png 768w\" sizes=\"auto, (max-width: 922px) 100vw, 922px\" \/><div class=\"wp-block-cover__inner-container is-layout-flow wp-block-cover-is-layout-flow\">\n<p class=\"has-text-align-right\"><strong><a class=\"maxbutton-3 maxbutton maxbutton-innen\" title=\"INDOOR\" href=\"http:\/\/www.linda-neue.de\/sb\/wordpress\/produktion\/\"><span class='mb-text'>INDOOR<\/span><\/a><\/strong><\/p>\n<\/div><\/div>\n<\/div>\n\n\n\n<div class=\"wp-block-column is-vertically-aligned-top is-layout-flow wp-block-column-is-layout-flow\">\n<div class=\"wp-block-cover alignfull is-light\" style=\"min-height:246px;aspect-ratio:unset;\"><span aria-hidden=\"true\" class=\"has-background-dim-0 wp-block-cover__gradient-background has-background-dim\"><\/span><img loading=\"lazy\" decoding=\"async\" width=\"922\" height=\"650\" class=\"wp-block-cover__image-background wp-image-939\" alt=\"\" src=\"http:\/\/www.linda-neue.de\/sb\/wordpress\/wp-content\/uploads\/2022\/05\/ButtonB-1.png\" style=\"object-position:100% 0%\" data-object-fit=\"cover\" data-object-position=\"100% 0%\" srcset=\"http:\/\/www.linda-neue.de\/sb\/wordpress\/wp-content\/uploads\/2022\/05\/ButtonB-1.png 922w, http:\/\/www.linda-neue.de\/sb\/wordpress\/wp-content\/uploads\/2022\/05\/ButtonB-1-300x211.png 300w, http:\/\/www.linda-neue.de\/sb\/wordpress\/wp-content\/uploads\/2022\/05\/ButtonB-1-768x541.png 768w\" sizes=\"auto, (max-width: 922px) 100vw, 922px\" \/><div class=\"wp-block-cover__inner-container is-layout-flow wp-block-cover-is-layout-flow\">\n<p class=\"has-text-align-right\"><strong><a class=\"maxbutton-2 maxbutton maxbutton-aussen\" title=\"OUTDOOR\" href=\"http:\/\/www.linda-neue.de\/sb\/wordpress\/gelaende\/\"><span class='mb-text'>OUTDOOR<\/span><\/a><\/strong><\/p>\n<\/div><\/div>\n<\/div>\n\n\n\n<div class=\"wp-block-column is-vertically-aligned-top is-layout-flow wp-block-column-is-layout-flow\">\n<div class=\"wp-block-cover alignfull is-light\" style=\"min-height:244px;aspect-ratio:unset;\"><span aria-hidden=\"true\" class=\"has-background-dim-0 wp-block-cover__gradient-background has-background-dim\"><\/span><img loading=\"lazy\" decoding=\"async\" width=\"922\" height=\"650\" class=\"wp-block-cover__image-background wp-image-942\" alt=\"\" src=\"http:\/\/www.linda-neue.de\/sb\/wordpress\/wp-content\/uploads\/2022\/05\/ButtonC-2.png\" style=\"object-position:100% 0%\" data-object-fit=\"cover\" data-object-position=\"100% 0%\" srcset=\"http:\/\/www.linda-neue.de\/sb\/wordpress\/wp-content\/uploads\/2022\/05\/ButtonC-2.png 922w, http:\/\/www.linda-neue.de\/sb\/wordpress\/wp-content\/uploads\/2022\/05\/ButtonC-2-300x211.png 300w, http:\/\/www.linda-neue.de\/sb\/wordpress\/wp-content\/uploads\/2022\/05\/ButtonC-2-768x541.png 768w\" sizes=\"auto, (max-width: 922px) 100vw, 922px\" \/><div class=\"wp-block-cover__inner-container is-layout-flow wp-block-cover-is-layout-flow\">\n<p class=\"has-text-align-right\"><strong><a class=\"maxbutton-1 maxbutton maxbutton-gaste\" title=\"G\u00c4STE\" href=\"http:\/\/www.linda-neue.de\/sb\/wordpress\/gaeste\/\"><span class='mb-text'>G\u00c4STE<\/span><\/a><\/strong><\/p>\n<\/div><\/div>\n<\/div>\n<\/div>\n\n\n\n<p><\/p>\n","protected":false},"excerpt":{"rendered":"<p>EIN AREAL F\u00dcR KUNST UND MENSCHEN Ob Hoch- oder Subkultur, Tanz, Theater, Zirkus, Bildende Kunst, Musik, Literatur oder Jugenprojekte \u2013 auf unserem historischen Gel\u00e4nde finden sich unz\u00e4hlige ungew\u00f6hnliche Orte und Fl\u00e4chen, auf denen nahezu alles m\u00f6glich ist.<\/p>\n","protected":false},"author":1,"featured_media":0,"parent":0,"menu_order":0,"comment_status":"closed","ping_status":"closed","template":"","meta":{"footnotes":""},"class_list":["post-785","page","type-page","status-publish","hentry"],"_links":{"self":[{"href":"http:\/\/www.linda-neue.de\/sb\/wordpress\/wp-json\/wp\/v2\/pages\/785","targetHints":{"allow":["GET"]}}],"collection":[{"href":"http:\/\/www.linda-neue.de\/sb\/wordpress\/wp-json\/wp\/v2\/pages"}],"about":[{"href":"http:\/\/www.linda-neue.de\/sb\/wordpress\/wp-json\/wp\/v2\/types\/page"}],"author":[{"embeddable":true,"href":"http:\/\/www.linda-neue.de\/sb\/wordpress\/wp-json\/wp\/v2\/users\/1"}],"replies":[{"embeddable":true,"href":"http:\/\/www.linda-neue.de\/sb\/wordpress\/wp-json\/wp\/v2\/comments?post=785"}],"version-history":[{"count":67,"href":"http:\/\/www.linda-neue.de\/sb\/wordpress\/wp-json\/wp\/v2\/pages\/785\/revisions"}],"predecessor-version":[{"id":1194,"href":"http:\/\/www.linda-neue.de\/sb\/wordpress\/wp-json\/wp\/v2\/pages\/785\/revisions\/1194"}],"wp:attachment":[{"href":"http:\/\/www.linda-neue.de\/sb\/wordpress\/wp-json\/wp\/v2\/media?parent=785"}],"curies":[{"name":"wp","href":"https:\/\/api.w.org\/{rel}","templated":true}]}}