{"id":754,"date":"2022-04-29T11:05:14","date_gmt":"2022-04-29T09:05:14","guid":{"rendered":"http:\/\/www.linda-neue.de\/sb\/wordpress\/?page_id=754"},"modified":"2022-05-06T09:53:15","modified_gmt":"2022-05-06T07:53:15","slug":"kulturlandbuero","status":"publish","type":"page","link":"http:\/\/www.linda-neue.de\/sb\/wordpress\/kulturlandbuero\/","title":{"rendered":"KULTURLANDB\u00dcRO"},"content":{"rendered":"\n<p style=\"font-size:30px\"><strong>KULTURLANDB\u00dcRO<\/strong><\/p>\n\n\n\n<p>Das&nbsp;Kulturlandb\u00fcro&nbsp;auf&nbsp;Schloss Br\u00f6llin&nbsp;ist Beratungs-, Kommunikations- &nbsp;und Netzwerkstelle f\u00fcr Kultur in Uecker-Randow. Hier sind wir Ansprechpartner f\u00fcr alle Kulturinteressierten und aktivieren mit&nbsp;Dorfresidenzen&nbsp;und der Kulturlandschau Gemeinschaft.&nbsp;<\/p>\n\n\n\n<figure class=\"wp-block-image size-full is-style-default\"><img loading=\"lazy\" decoding=\"async\" width=\"1024\" height=\"680\" src=\"http:\/\/www.linda-neue.de\/sb\/wordpress\/wp-content\/uploads\/2022\/05\/KLB_Team.jpg\" alt=\"\" class=\"wp-image-829\" srcset=\"http:\/\/www.linda-neue.de\/sb\/wordpress\/wp-content\/uploads\/2022\/05\/KLB_Team.jpg 1024w, http:\/\/www.linda-neue.de\/sb\/wordpress\/wp-content\/uploads\/2022\/05\/KLB_Team-300x199.jpg 300w, http:\/\/www.linda-neue.de\/sb\/wordpress\/wp-content\/uploads\/2022\/05\/KLB_Team-768x510.jpg 768w\" sizes=\"auto, (max-width: 1024px) 100vw, 1024px\" \/><figcaption><sup>Foto: Kulturlandb\u00fcro<\/sup><\/figcaption><\/figure>\n\n\n\n<div class=\"wp-block-image is-style-default\"><figure class=\"alignleft size-full is-resized\"><a href=\"https:\/\/www.kulturlandbuero.de\/\" target=\"_blank\" rel=\"noopener\"><img loading=\"lazy\" decoding=\"async\" src=\"http:\/\/www.linda-neue.de\/sb\/wordpress\/wp-content\/uploads\/2022\/04\/Button_KLB.png\" alt=\"\" class=\"wp-image-767\" width=\"159\" height=\"159\" srcset=\"http:\/\/www.linda-neue.de\/sb\/wordpress\/wp-content\/uploads\/2022\/04\/Button_KLB.png 635w, http:\/\/www.linda-neue.de\/sb\/wordpress\/wp-content\/uploads\/2022\/04\/Button_KLB-300x300.png 300w, http:\/\/www.linda-neue.de\/sb\/wordpress\/wp-content\/uploads\/2022\/04\/Button_KLB-150x150.png 150w\" sizes=\"auto, (max-width: 159px) 100vw, 159px\" \/><\/a><\/figure><\/div>\n\n\n\n<p style=\"font-size:16px\">Wir m\u00f6chten das Wissen, die Erfahrung und die M\u00f6glichkeiten des KunstGutes Schloss Br\u00f6llin mit Ihnen teilen und die Region in kulturellen Belangen unterst\u00fctzen. Im Zentrum soll dabei immer Ihre Idee stehen, Ihr Vorhaben, Ihr Verein und Ihre Bedarfe. Dabei agiert das B\u00fcro als Schnittstelle zwischen der Landkreisverwaltung, den Kommunen, den B\u00fcrger*innen sowie den K\u00fcnstler*innen.&nbsp;&nbsp;<\/p>\n\n\n\n<p style=\"font-size:16px\">Das Kulturlandb\u00fcro verfolgt einen partizipativen Ansatz. Kunst soll vor Ort als Antriebskraft f\u00fcr Vernetzung und Regionalentwicklung wirken. Daf\u00fcr gibt es die beiden Formate Dorfresidenz und Kulturlandschau.<\/p>\n\n\n\n<p><\/p>\n\n\n\n<p style=\"font-size:16px\"><strong>Unsere Angebote:<\/strong><\/p>\n\n\n\n<p style=\"font-size:16px\">VERBINDEN<br>Wir <strong>erfassen<\/strong> und <strong>pflegen<\/strong> das Netzwerk Kulturland der regionalen Akteur*innen und Interessierten im Kulturbereich und <strong>informieren<\/strong> zu F\u00f6rderprogrammen, zur Umsetzung von Veranstaltungen und Ansprechpartner*innen.<\/p>\n\n\n\n<p style=\"font-size:16px\">PARTNER SEIN<br>Wir <strong>unterst\u00fctzen<\/strong> bei der individuellen Entwicklung kultureller Projekte und <strong>organisieren<\/strong> Theater-, Workshop- und Weiterbildungsangebote, sowie Informationsveranstaltungen von Partner*innen.<\/p>\n\n\n\n<p style=\"font-size:16px\">MITGESTALTEN<br>Wir laden alle Bewohner*innen zur <strong>Mitwirkung bei Dorfresidenzen<\/strong> und der <strong>Kulturlandschau<\/strong> ein.&nbsp;<\/p>\n\n\n\n<p style=\"font-size:16px\">ZEIGEN<br>Wir&nbsp;<strong>sammeln<\/strong>, <strong>vermitteln<\/strong> und <strong>zeigen<\/strong> gute Ideen, engagierte Akteur*innen sowie sch\u00f6ne Orte und <strong>entwickeln<\/strong> eine \u00fcbergreifende \u00d6ffentlichkeitsarbeit f\u00fcr die Kulturlandschaft Uecker-\u200bRandow<\/p>\n\n\n\n<div style=\"height:10px\" aria-hidden=\"true\" class=\"wp-block-spacer\"><\/div>\n\n\n\n<div class=\"wp-block-columns is-layout-flex wp-container-core-columns-is-layout-9d6595d7 wp-block-columns-is-layout-flex\">\n<div class=\"wp-block-column is-vertically-aligned-center is-layout-flow wp-block-column-is-layout-flow\">\n<p style=\"font-size:16px\"><strong>Kontakt:<\/strong><br>Kulturlandb\u00fcro Uecker-Randow<br>Schloss Br\u00f6llin<br>Br\u00f6llin 3 \/ 17309 Fahrenwalde<br><a rel=\"noreferrer noopener\" href=\"mailto:martin.stiefermann@vorpommern-tanzt-an.de\" target=\"_blank\">muh@kulturlandbuero.de<\/a><br>Tel: +49 (0)39747 5650-03<\/p>\n<\/div>\n\n\n\n<div class=\"wp-block-column is-vertically-aligned-center is-layout-flow wp-block-column-is-layout-flow\">\n<figure class=\"wp-block-image size-medium is-resized\"><img loading=\"lazy\" decoding=\"async\" src=\"http:\/\/www.linda-neue.de\/sb\/wordpress\/wp-content\/uploads\/2022\/05\/KLB_Web_Big-300x250.jpg\" alt=\"\" class=\"wp-image-833\" width=\"150\" height=\"125\" srcset=\"http:\/\/www.linda-neue.de\/sb\/wordpress\/wp-content\/uploads\/2022\/05\/KLB_Web_Big-300x250.jpg 300w, http:\/\/www.linda-neue.de\/sb\/wordpress\/wp-content\/uploads\/2022\/05\/KLB_Web_Big.jpg 451w\" sizes=\"auto, (max-width: 150px) 100vw, 150px\" \/><\/figure>\n<\/div>\n<\/div>\n\n\n\n<div class=\"wp-block-columns is-layout-flex wp-container-core-columns-is-layout-9d6595d7 wp-block-columns-is-layout-flex\">\n<div class=\"wp-block-column is-layout-flow wp-block-column-is-layout-flow\">\n<div style=\"height:10px\" aria-hidden=\"true\" class=\"wp-block-spacer\"><\/div>\n\n\n\n<p style=\"font-size:16px\"><strong>Das Kulturlandb\u00fcro wird gef\u00f6rdert von<\/strong><br>TRAFO \u2013 Modelle f\u00fcr Kultur im Wandel, einer Initiative der Kulturstiftung&nbsp;des Bundes, mit Mitteln zur kulturellen Projektf\u00f6rderung und des Vorpommern-Fonds des Landes Mecklenburg-Vorpommern, des Landkreises Vorpommern-Greifswald, der Ostdeutschen Sparkassenstiftung und der&nbsp;Sparkasse Uecker-Randow. <\/p>\n\n\n\n<figure class=\"wp-block-image size-large\"><img loading=\"lazy\" decoding=\"async\" width=\"1024\" height=\"216\" src=\"http:\/\/www.linda-neue.de\/sb\/wordpress\/wp-content\/uploads\/2022\/05\/TRAFO_Web_Big-1-1024x216.jpg\" alt=\"\" class=\"wp-image-836\" srcset=\"http:\/\/www.linda-neue.de\/sb\/wordpress\/wp-content\/uploads\/2022\/05\/TRAFO_Web_Big-1-1024x216.jpg 1024w, http:\/\/www.linda-neue.de\/sb\/wordpress\/wp-content\/uploads\/2022\/05\/TRAFO_Web_Big-1-300x63.jpg 300w, http:\/\/www.linda-neue.de\/sb\/wordpress\/wp-content\/uploads\/2022\/05\/TRAFO_Web_Big-1-768x162.jpg 768w, http:\/\/www.linda-neue.de\/sb\/wordpress\/wp-content\/uploads\/2022\/05\/TRAFO_Web_Big-1-1536x324.jpg 1536w, http:\/\/www.linda-neue.de\/sb\/wordpress\/wp-content\/uploads\/2022\/05\/TRAFO_Web_Big-1.jpg 1619w\" sizes=\"auto, (max-width: 1024px) 100vw, 1024px\" \/><\/figure>\n\n\n\n<figure class=\"wp-block-image size-large\"><img loading=\"lazy\" decoding=\"async\" width=\"1024\" height=\"130\" src=\"http:\/\/www.linda-neue.de\/sb\/wordpress\/wp-content\/uploads\/2022\/05\/Fo\u0308rderer2022_Web-1024x130.jpg\" alt=\"\" class=\"wp-image-835\" srcset=\"http:\/\/www.linda-neue.de\/sb\/wordpress\/wp-content\/uploads\/2022\/05\/Fo\u0308rderer2022_Web-1024x130.jpg 1024w, http:\/\/www.linda-neue.de\/sb\/wordpress\/wp-content\/uploads\/2022\/05\/Fo\u0308rderer2022_Web-300x38.jpg 300w, http:\/\/www.linda-neue.de\/sb\/wordpress\/wp-content\/uploads\/2022\/05\/Fo\u0308rderer2022_Web-768x97.jpg 768w, http:\/\/www.linda-neue.de\/sb\/wordpress\/wp-content\/uploads\/2022\/05\/Fo\u0308rderer2022_Web-1536x195.jpg 1536w, http:\/\/www.linda-neue.de\/sb\/wordpress\/wp-content\/uploads\/2022\/05\/Fo\u0308rderer2022_Web-2048x260.jpg 2048w\" sizes=\"auto, (max-width: 1024px) 100vw, 1024px\" \/><\/figure>\n<\/div>\n<\/div>\n\n\n\n<p class=\"has-text-align-center\"><a class=\"maxbutton-11 maxbutton maxbutton-zuruck-zur-ubersicht\" title=\"ZUR\u00dcCK ZUR \u00dcBERSICHT\" href=\"http:\/\/www.linda-neue.de\/sb\/wordpress\/projekte\/\"><span class='mb-text'>ZUR\u00dcCK ZUR \u00dcBERSICHT<\/span><\/a><\/p>\n\n\n\n<p><\/p>\n","protected":false},"excerpt":{"rendered":"<p>KULTURLANDB\u00dcRO Das&nbsp;Kulturlandb\u00fcro&nbsp;auf&nbsp;Schloss Br\u00f6llin&nbsp;ist Beratungs-, Kommunikations- &nbsp;und Netzwerkstelle f\u00fcr Kultur in Uecker-Randow. Hier sind wir Ansprechpartner f\u00fcr alle Kulturinteressierten und aktivieren mit&nbsp;Dorfresidenzen&nbsp;und der Kulturlandschau Gemeinschaft.&nbsp; Wir m\u00f6chten das Wissen, die Erfahrung und die M\u00f6glichkeiten des KunstGutes Schloss Br\u00f6llin mit Ihnen teilen und die Region in kulturellen Belangen unterst\u00fctzen. Im Zentrum soll dabei immer Ihre Idee stehen, [&hellip;]<\/p>\n","protected":false},"author":1,"featured_media":0,"parent":0,"menu_order":0,"comment_status":"closed","ping_status":"closed","template":"","meta":{"footnotes":""},"class_list":["post-754","page","type-page","status-publish","hentry"],"_links":{"self":[{"href":"http:\/\/www.linda-neue.de\/sb\/wordpress\/wp-json\/wp\/v2\/pages\/754","targetHints":{"allow":["GET"]}}],"collection":[{"href":"http:\/\/www.linda-neue.de\/sb\/wordpress\/wp-json\/wp\/v2\/pages"}],"about":[{"href":"http:\/\/www.linda-neue.de\/sb\/wordpress\/wp-json\/wp\/v2\/types\/page"}],"author":[{"embeddable":true,"href":"http:\/\/www.linda-neue.de\/sb\/wordpress\/wp-json\/wp\/v2\/users\/1"}],"replies":[{"embeddable":true,"href":"http:\/\/www.linda-neue.de\/sb\/wordpress\/wp-json\/wp\/v2\/comments?post=754"}],"version-history":[{"count":17,"href":"http:\/\/www.linda-neue.de\/sb\/wordpress\/wp-json\/wp\/v2\/pages\/754\/revisions"}],"predecessor-version":[{"id":1074,"href":"http:\/\/www.linda-neue.de\/sb\/wordpress\/wp-json\/wp\/v2\/pages\/754\/revisions\/1074"}],"wp:attachment":[{"href":"http:\/\/www.linda-neue.de\/sb\/wordpress\/wp-json\/wp\/v2\/media?parent=754"}],"curies":[{"name":"wp","href":"https:\/\/api.w.org\/{rel}","templated":true}]}}