{"id":688,"date":"2022-04-14T17:38:08","date_gmt":"2022-04-14T15:38:08","guid":{"rendered":"http:\/\/www.linda-neue.de\/sb\/wordpress\/?page_id=688"},"modified":"2022-05-06T09:52:49","modified_gmt":"2022-05-06T07:52:49","slug":"jugend","status":"publish","type":"page","link":"http:\/\/www.linda-neue.de\/sb\/wordpress\/jugend\/","title":{"rendered":"JUGEND"},"content":{"rendered":"\n<p style=\"font-size:30px;text-transform:uppercase\"><strong>JUGENDARBEIT AUF SCHLOSS BR\u00d6LLIN<\/strong><\/p>\n\n\n\n<p>Auf Schloss Br\u00f6llin \u2013 aber auch in unserem direkten, regionalen Umfeld \u2013 sind regelm\u00e4\u00dfig junge Menschen in Form von verschiedenen Angeboten zum Mitmachen und Mitgestalten eingeladen.<\/p>\n\n\n\n<figure class=\"wp-block-image size-full is-style-default\"><img loading=\"lazy\" decoding=\"async\" width=\"1024\" height=\"768\" src=\"http:\/\/www.linda-neue.de\/sb\/wordpress\/wp-content\/uploads\/2022\/04\/Gruppenbild.jpg\" alt=\"\" class=\"wp-image-702\" srcset=\"http:\/\/www.linda-neue.de\/sb\/wordpress\/wp-content\/uploads\/2022\/04\/Gruppenbild.jpg 1024w, http:\/\/www.linda-neue.de\/sb\/wordpress\/wp-content\/uploads\/2022\/04\/Gruppenbild-300x225.jpg 300w, http:\/\/www.linda-neue.de\/sb\/wordpress\/wp-content\/uploads\/2022\/04\/Gruppenbild-768x576.jpg 768w\" sizes=\"auto, (max-width: 1024px) 100vw, 1024px\" \/><\/figure>\n\n\n\n<div class=\"wp-block-columns is-layout-flex wp-container-core-columns-is-layout-9d6595d7 wp-block-columns-is-layout-flex\">\n<div class=\"wp-block-column is-layout-flow wp-block-column-is-layout-flow\">\n<figure class=\"wp-block-image size-full is-style-default\"><img loading=\"lazy\" decoding=\"async\" width=\"692\" height=\"379\" src=\"http:\/\/www.linda-neue.de\/sb\/wordpress\/wp-content\/uploads\/2022\/04\/music.jpg\" alt=\"\" class=\"wp-image-703\" srcset=\"http:\/\/www.linda-neue.de\/sb\/wordpress\/wp-content\/uploads\/2022\/04\/music.jpg 692w, http:\/\/www.linda-neue.de\/sb\/wordpress\/wp-content\/uploads\/2022\/04\/music-300x164.jpg 300w\" sizes=\"auto, (max-width: 692px) 100vw, 692px\" \/><\/figure>\n<\/div>\n\n\n\n<div class=\"wp-block-column is-layout-flow wp-block-column-is-layout-flow\">\n<figure class=\"wp-block-image size-large is-style-default\"><img loading=\"lazy\" decoding=\"async\" width=\"1024\" height=\"561\" src=\"http:\/\/www.linda-neue.de\/sb\/wordpress\/wp-content\/uploads\/2022\/04\/IGP9398-001-1-1024x561.jpg\" alt=\"\" class=\"wp-image-700\" srcset=\"http:\/\/www.linda-neue.de\/sb\/wordpress\/wp-content\/uploads\/2022\/04\/IGP9398-001-1-1024x561.jpg 1024w, http:\/\/www.linda-neue.de\/sb\/wordpress\/wp-content\/uploads\/2022\/04\/IGP9398-001-1-300x164.jpg 300w, http:\/\/www.linda-neue.de\/sb\/wordpress\/wp-content\/uploads\/2022\/04\/IGP9398-001-1-768x420.jpg 768w, http:\/\/www.linda-neue.de\/sb\/wordpress\/wp-content\/uploads\/2022\/04\/IGP9398-001-1-1536x841.jpg 1536w, http:\/\/www.linda-neue.de\/sb\/wordpress\/wp-content\/uploads\/2022\/04\/IGP9398-001-1.jpg 1600w\" sizes=\"auto, (max-width: 1024px) 100vw, 1024px\" \/><\/figure>\n<\/div>\n\n\n\n<div class=\"wp-block-column is-layout-flow wp-block-column-is-layout-flow\">\n<figure class=\"wp-block-image size-full is-style-default\"><img loading=\"lazy\" decoding=\"async\" width=\"500\" height=\"274\" src=\"http:\/\/www.linda-neue.de\/sb\/wordpress\/wp-content\/uploads\/2022\/04\/service-4.jpg\" alt=\"\" class=\"wp-image-699\" srcset=\"http:\/\/www.linda-neue.de\/sb\/wordpress\/wp-content\/uploads\/2022\/04\/service-4.jpg 500w, http:\/\/www.linda-neue.de\/sb\/wordpress\/wp-content\/uploads\/2022\/04\/service-4-300x164.jpg 300w\" sizes=\"auto, (max-width: 500px) 100vw, 500px\" \/><\/figure>\n<\/div>\n<\/div>\n\n\n\n<div class=\"wp-block-image is-style-default\"><figure class=\"alignleft size-thumbnail\"><a href=\"http:\/\/www.linda-neue.de\/sb\/wordpress\/jugendprogramm\/\"><img loading=\"lazy\" decoding=\"async\" width=\"150\" height=\"150\" src=\"http:\/\/www.linda-neue.de\/sb\/wordpress\/wp-content\/uploads\/2022\/04\/Button_Jugend-150x150.png\" alt=\"\" class=\"wp-image-695\" srcset=\"http:\/\/www.linda-neue.de\/sb\/wordpress\/wp-content\/uploads\/2022\/04\/Button_Jugend-150x150.png 150w, http:\/\/www.linda-neue.de\/sb\/wordpress\/wp-content\/uploads\/2022\/04\/Button_Jugend-300x300.png 300w, http:\/\/www.linda-neue.de\/sb\/wordpress\/wp-content\/uploads\/2022\/04\/Button_Jugend.png 635w\" sizes=\"auto, (max-width: 150px) 100vw, 150px\" \/><\/a><\/figure><\/div>\n\n\n\n<p style=\"font-size:16px\">Als soziokulturelle Einrichtung richtet sich der schloss br\u00f6llin e.V. nicht nur an professionelle Partner aus dem Kulturbetrieb, sondern auch direkt an Jugendliche aus den unterschiedlichsten L\u00e4ndern Europas und aus unserer Region Vorpommern-Greifswald. <\/p>\n\n\n\n<p style=\"font-size:16px\"><strong>Pr\u00e4vention und Partizipation<\/strong><br>Als Ort f\u00fcr Pr\u00e4vention und Partizipation mit einem kulturp\u00e4dagogischen Ansatz erreichen wir mithilfe ihrer eigenen Interessen die Jugendlichen und tragen so als au\u00dferschulischer Anbieter zu deren Bildung und den Aufbau sozialer Kompetenzen bei. Dieses Jahr bieten wir beispielsweise einen Theater- und einen Hip Hop-Workshop an, ein Deutsch-Polnisches Musical, sowie den kreativen Umgang mit Texten und Sprache.<br><br><strong>Alle zwischen 13 und 25 Jahren sind willkommen!<\/strong><\/p>\n\n\n\n<p><\/p>\n\n\n\n<div class=\"wp-block-columns is-layout-flex wp-container-core-columns-is-layout-9d6595d7 wp-block-columns-is-layout-flex\">\n<div class=\"wp-block-column is-layout-flow wp-block-column-is-layout-flow\">\n<p style=\"font-size:16px\"><strong>Kontakt<\/strong><br>Christine Lauenstein<br>c.lauenstein@broellin.de<br>Tel: +49 (0)39747 \/ 565025<\/p>\n<\/div>\n\n\n\n<div class=\"wp-block-column is-layout-flow wp-block-column-is-layout-flow\">\n<p style=\"font-size:16px\"><strong>Gef\u00f6rdert durch<\/strong><\/p>\n\n\n\n<figure class=\"wp-block-image size-full is-style-default\"><img loading=\"lazy\" decoding=\"async\" width=\"692\" height=\"596\" src=\"http:\/\/www.linda-neue.de\/sb\/wordpress\/wp-content\/uploads\/2022\/04\/ESF_Logo_f_Zusatz_unten-1.jpg\" alt=\"\" class=\"wp-image-708\" srcset=\"http:\/\/www.linda-neue.de\/sb\/wordpress\/wp-content\/uploads\/2022\/04\/ESF_Logo_f_Zusatz_unten-1.jpg 692w, http:\/\/www.linda-neue.de\/sb\/wordpress\/wp-content\/uploads\/2022\/04\/ESF_Logo_f_Zusatz_unten-1-300x258.jpg 300w\" sizes=\"auto, (max-width: 692px) 100vw, 692px\" \/><\/figure>\n<\/div>\n<\/div>\n\n\n\n<p class=\"has-text-align-center\"><a class=\"maxbutton-11 maxbutton maxbutton-zuruck-zur-ubersicht\" title=\"ZUR\u00dcCK ZUR \u00dcBERSICHT\" href=\"http:\/\/www.linda-neue.de\/sb\/wordpress\/projekte\/\"><span class='mb-text'>ZUR\u00dcCK ZUR \u00dcBERSICHT<\/span><\/a><\/p>\n\n\n\n<p><\/p>\n\n\n\n<p style=\"font-size:16px\"><br><\/p>\n","protected":false},"excerpt":{"rendered":"<p>JUGENDARBEIT AUF SCHLOSS BR\u00d6LLIN Auf Schloss Br\u00f6llin \u2013 aber auch in unserem direkten, regionalen Umfeld \u2013 sind regelm\u00e4\u00dfig junge Menschen in Form von verschiedenen Angeboten zum Mitmachen und Mitgestalten eingeladen. Als soziokulturelle Einrichtung richtet sich der schloss br\u00f6llin e.V. nicht nur an professionelle Partner aus dem Kulturbetrieb, sondern auch direkt an Jugendliche aus den unterschiedlichsten [&hellip;]<\/p>\n","protected":false},"author":1,"featured_media":0,"parent":0,"menu_order":0,"comment_status":"closed","ping_status":"closed","template":"","meta":{"footnotes":""},"class_list":["post-688","page","type-page","status-publish","hentry"],"_links":{"self":[{"href":"http:\/\/www.linda-neue.de\/sb\/wordpress\/wp-json\/wp\/v2\/pages\/688","targetHints":{"allow":["GET"]}}],"collection":[{"href":"http:\/\/www.linda-neue.de\/sb\/wordpress\/wp-json\/wp\/v2\/pages"}],"about":[{"href":"http:\/\/www.linda-neue.de\/sb\/wordpress\/wp-json\/wp\/v2\/types\/page"}],"author":[{"embeddable":true,"href":"http:\/\/www.linda-neue.de\/sb\/wordpress\/wp-json\/wp\/v2\/users\/1"}],"replies":[{"embeddable":true,"href":"http:\/\/www.linda-neue.de\/sb\/wordpress\/wp-json\/wp\/v2\/comments?post=688"}],"version-history":[{"count":10,"href":"http:\/\/www.linda-neue.de\/sb\/wordpress\/wp-json\/wp\/v2\/pages\/688\/revisions"}],"predecessor-version":[{"id":1073,"href":"http:\/\/www.linda-neue.de\/sb\/wordpress\/wp-json\/wp\/v2\/pages\/688\/revisions\/1073"}],"wp:attachment":[{"href":"http:\/\/www.linda-neue.de\/sb\/wordpress\/wp-json\/wp\/v2\/media?parent=688"}],"curies":[{"name":"wp","href":"https:\/\/api.w.org\/{rel}","templated":true}]}}