{"id":655,"date":"2022-04-11T16:55:07","date_gmt":"2022-04-11T14:55:07","guid":{"rendered":"http:\/\/www.linda-neue.de\/sb\/wordpress\/?page_id=655"},"modified":"2022-05-06T09:54:12","modified_gmt":"2022-05-06T07:54:12","slug":"mv-tanzt-an","status":"publish","type":"page","link":"http:\/\/www.linda-neue.de\/sb\/wordpress\/mv-tanzt-an\/","title":{"rendered":"MV TANZT AN"},"content":{"rendered":"\n<p style=\"font-size:30px\"><strong>MECKLENBURG-VORPOMMERN TANZT AN<\/strong><\/p>\n\n\n\n<p>\u2026 unter diesem Motto initiiert der 2018 gegr\u00fcndete Zusammenschluss von Perform[d]ance, Schloss Br\u00f6llin und dem Theater Vorpommern vielf\u00e4ltige Projekte f\u00fcr Tanzschaffende und Zuschauer*innen aller Altersklassen, um den zeitgen\u00f6ssischen Tanz zun\u00e4chst in der Region Vorpommern und seit 2022 auch im gesamten Bundesland Mecklenburg-Vorpommern sichtbarer zu machen und strukturell zu st\u00e4rken.<\/p>\n\n\n\n<figure class=\"wp-block-image size-large is-style-default\"><img loading=\"lazy\" decoding=\"async\" width=\"1024\" height=\"732\" src=\"http:\/\/www.linda-neue.de\/sb\/wordpress\/wp-content\/uploads\/2022\/04\/MV_TANZT_700-1024x732.jpg\" alt=\"\" class=\"wp-image-663\" srcset=\"http:\/\/www.linda-neue.de\/sb\/wordpress\/wp-content\/uploads\/2022\/04\/MV_TANZT_700-1024x732.jpg 1024w, http:\/\/www.linda-neue.de\/sb\/wordpress\/wp-content\/uploads\/2022\/04\/MV_TANZT_700-300x214.jpg 300w, http:\/\/www.linda-neue.de\/sb\/wordpress\/wp-content\/uploads\/2022\/04\/MV_TANZT_700-768x549.jpg 768w, http:\/\/www.linda-neue.de\/sb\/wordpress\/wp-content\/uploads\/2022\/04\/MV_TANZT_700-1536x1097.jpg 1536w, http:\/\/www.linda-neue.de\/sb\/wordpress\/wp-content\/uploads\/2022\/04\/MV_TANZT_700-2048x1463.jpg 2048w\" sizes=\"auto, (max-width: 1024px) 100vw, 1024px\" \/><figcaption><sup>Foto: Peter van Heesen<\/sup><\/figcaption><\/figure>\n\n\n\n<p style=\"font-size:16px\">Im Mittelpunkt der Aktivit\u00e4ten stehen dabei die drei Leuchtt\u00fcrme: die Produktionsresidenz, das Klassenzimmerst\u00fcck Tanz und das Tanzfestival Tanzfusionen. Sie schaffen neue Produktionsstrukturen, Auff\u00fchrungsm\u00f6glichkeiten und Qualifikationsangebote f\u00fcr T\u00e4nzer<em>innen und Tanzvermittler<\/em>innen. Damit einher gehen Weiterqualifizierungs- und Vernetzungsangebote. Themen wie Migration, Diversit\u00e4t, demografische Entwicklung, Tanz in l\u00e4ndlichen R\u00e4umen jenseits g\u00e4ngiger Klischees werden dabei in den Blick genommen. Daf\u00fcr werden neue Partnerschaften mit den hiesigen Theaterh\u00e4usern und Ensembles, der freien Szene in den St\u00e4dten und Verbindungen zu den tanzp\u00e4dagogischen Bereichen im l\u00e4ndlichen Raum gekn\u00fcpft, um den Tanz in all seinen Facetten und Ausdrucksformen kontinuierlich und in der Fl\u00e4che gesellschaftlich st\u00e4rker zu verankern.<\/p>\n\n\n\n<figure class=\"wp-block-image size-large is-style-default\"><img loading=\"lazy\" decoding=\"async\" width=\"1024\" height=\"731\" src=\"http:\/\/www.linda-neue.de\/sb\/wordpress\/wp-content\/uploads\/2022\/04\/MV_TANZT_700_2-1024x731.jpg\" alt=\"\" class=\"wp-image-661\" srcset=\"http:\/\/www.linda-neue.de\/sb\/wordpress\/wp-content\/uploads\/2022\/04\/MV_TANZT_700_2-1024x731.jpg 1024w, http:\/\/www.linda-neue.de\/sb\/wordpress\/wp-content\/uploads\/2022\/04\/MV_TANZT_700_2-300x214.jpg 300w, http:\/\/www.linda-neue.de\/sb\/wordpress\/wp-content\/uploads\/2022\/04\/MV_TANZT_700_2-768x548.jpg 768w, http:\/\/www.linda-neue.de\/sb\/wordpress\/wp-content\/uploads\/2022\/04\/MV_TANZT_700_2.jpg 1294w\" sizes=\"auto, (max-width: 1024px) 100vw, 1024px\" \/><figcaption><sup>Foto: Peter van Heesen<\/sup><\/figcaption><\/figure>\n\n\n\n<div class=\"wp-block-columns is-layout-flex wp-container-core-columns-is-layout-9d6595d7 wp-block-columns-is-layout-flex\">\n<div class=\"wp-block-column is-layout-flow wp-block-column-is-layout-flow\">\n<p style=\"font-size:16px\"><strong>Weitere Infos und Termine:<\/strong><br><a rel=\"noreferrer noopener\" href=\"http:\/\/www.mv-tanzt-an.de\" target=\"_blank\">www.mv-tanzt-an.de<\/a><br><br><strong>Kontakt:<\/strong><br>Martin Stiefermann<br><a rel=\"noreferrer noopener\" href=\"mailto:martin.stiefermann@vorpommern-tanzt-an.de\" target=\"_blank\">martin.stiefermann@vorpommern-tanzt-an.de<\/a><br>Tel: +49 (0)1702334008<\/p>\n\n\n\n<p style=\"font-size:16px\">Sabine Gehm<br><a rel=\"noreferrer noopener\" href=\"mailto:sabine.gehm@vorpommern-tanzt-an.de\" target=\"_blank\">sabine.gehm@vorpommern-tanzt-an.de<\/a><\/p>\n\n\n\n<p><\/p>\n\n\n\n<p><\/p>\n<\/div>\n<\/div>\n\n\n\n<div class=\"wp-block-columns is-layout-flex wp-container-core-columns-is-layout-9d6595d7 wp-block-columns-is-layout-flex\">\n<div class=\"wp-block-column is-layout-flow wp-block-column-is-layout-flow\">\n<p><strong>Eine gemeinsame Initiative<\/strong><br>von Perform[d]ance, schloss br\u00f6llin e.V. und dem Theater Vorpommern.<\/p>\n\n\n\n<figure class=\"wp-block-image size-full is-resized is-style-default\"><img loading=\"lazy\" decoding=\"async\" src=\"http:\/\/www.linda-neue.de\/sb\/wordpress\/wp-content\/uploads\/2022\/04\/logo1.png\" alt=\"\" class=\"wp-image-673\" width=\"256\" height=\"131\" srcset=\"http:\/\/www.linda-neue.de\/sb\/wordpress\/wp-content\/uploads\/2022\/04\/logo1.png 1022w, http:\/\/www.linda-neue.de\/sb\/wordpress\/wp-content\/uploads\/2022\/04\/logo1-300x153.png 300w, http:\/\/www.linda-neue.de\/sb\/wordpress\/wp-content\/uploads\/2022\/04\/logo1-768x392.png 768w\" sizes=\"auto, (max-width: 256px) 100vw, 256px\" \/><\/figure>\n<\/div>\n<\/div>\n\n\n\n<p><strong>Gef\u00f6rdert von<\/strong><br>TANZPAKT Stadt-Land-Bund aus Mitteln&nbsp;der Beauftragten der Bundesregierung fu\u0308r&nbsp;Kultur und Medien, dem Ministerium fu\u0308r Wissenschaft, Kultur, Bundes- und Europaangelegenheiten Mecklenburg-Vorpommern und unterstu\u0308tzt durch&nbsp;die Hansestadt Greifswald.<\/p>\n\n\n\n<figure class=\"wp-block-image size-large is-style-default\"><img loading=\"lazy\" decoding=\"async\" width=\"1024\" height=\"181\" src=\"http:\/\/www.linda-neue.de\/sb\/wordpress\/wp-content\/uploads\/2022\/04\/mv_leiste-1024x181.jpg\" alt=\"\" class=\"wp-image-682\" srcset=\"http:\/\/www.linda-neue.de\/sb\/wordpress\/wp-content\/uploads\/2022\/04\/mv_leiste-1024x181.jpg 1024w, http:\/\/www.linda-neue.de\/sb\/wordpress\/wp-content\/uploads\/2022\/04\/mv_leiste-300x53.jpg 300w, http:\/\/www.linda-neue.de\/sb\/wordpress\/wp-content\/uploads\/2022\/04\/mv_leiste-768x136.jpg 768w, http:\/\/www.linda-neue.de\/sb\/wordpress\/wp-content\/uploads\/2022\/04\/mv_leiste-1536x272.jpg 1536w, http:\/\/www.linda-neue.de\/sb\/wordpress\/wp-content\/uploads\/2022\/04\/mv_leiste.jpg 1694w\" sizes=\"auto, (max-width: 1024px) 100vw, 1024px\" \/><\/figure>\n\n\n\n<p class=\"has-text-align-center\"><a class=\"maxbutton-11 maxbutton maxbutton-zuruck-zur-ubersicht\" title=\"ZUR\u00dcCK ZUR \u00dcBERSICHT\" href=\"http:\/\/www.linda-neue.de\/sb\/wordpress\/projekte\/\"><span class='mb-text'>ZUR\u00dcCK ZUR \u00dcBERSICHT<\/span><\/a><\/p>\n\n\n\n<p><\/p>\n","protected":false},"excerpt":{"rendered":"<p>MECKLENBURG-VORPOMMERN TANZT AN \u2026 unter diesem Motto initiiert der 2018 gegr\u00fcndete Zusammenschluss von Perform[d]ance, Schloss Br\u00f6llin und dem Theater Vorpommern vielf\u00e4ltige Projekte f\u00fcr Tanzschaffende und Zuschauer*innen aller Altersklassen, um den zeitgen\u00f6ssischen Tanz zun\u00e4chst in der Region Vorpommern und seit 2022 auch im gesamten Bundesland Mecklenburg-Vorpommern sichtbarer zu machen und strukturell zu st\u00e4rken. Im Mittelpunkt der [&hellip;]<\/p>\n","protected":false},"author":1,"featured_media":0,"parent":0,"menu_order":0,"comment_status":"closed","ping_status":"closed","template":"","meta":{"footnotes":""},"class_list":["post-655","page","type-page","status-publish","hentry"],"_links":{"self":[{"href":"http:\/\/www.linda-neue.de\/sb\/wordpress\/wp-json\/wp\/v2\/pages\/655","targetHints":{"allow":["GET"]}}],"collection":[{"href":"http:\/\/www.linda-neue.de\/sb\/wordpress\/wp-json\/wp\/v2\/pages"}],"about":[{"href":"http:\/\/www.linda-neue.de\/sb\/wordpress\/wp-json\/wp\/v2\/types\/page"}],"author":[{"embeddable":true,"href":"http:\/\/www.linda-neue.de\/sb\/wordpress\/wp-json\/wp\/v2\/users\/1"}],"replies":[{"embeddable":true,"href":"http:\/\/www.linda-neue.de\/sb\/wordpress\/wp-json\/wp\/v2\/comments?post=655"}],"version-history":[{"count":11,"href":"http:\/\/www.linda-neue.de\/sb\/wordpress\/wp-json\/wp\/v2\/pages\/655\/revisions"}],"predecessor-version":[{"id":1076,"href":"http:\/\/www.linda-neue.de\/sb\/wordpress\/wp-json\/wp\/v2\/pages\/655\/revisions\/1076"}],"wp:attachment":[{"href":"http:\/\/www.linda-neue.de\/sb\/wordpress\/wp-json\/wp\/v2\/media?parent=655"}],"curies":[{"name":"wp","href":"https:\/\/api.w.org\/{rel}","templated":true}]}}