{"id":57,"date":"2022-03-11T16:02:07","date_gmt":"2022-03-11T15:02:07","guid":{"rendered":"http:\/\/www.linda-neue.de\/sb\/wordpress\/?page_id=57"},"modified":"2022-05-06T14:43:03","modified_gmt":"2022-05-06T12:43:03","slug":"residenzprogramm","status":"publish","type":"page","link":"http:\/\/www.linda-neue.de\/sb\/wordpress\/residenzprogramm\/","title":{"rendered":"RESIDENZPROGRAMM"},"content":{"rendered":"\n<p style=\"font-size:30px\"><strong>RESIDENZPROGRAMM<\/strong><\/p>\n\n\n\n<p>Internationale K\u00fcnstlergruppen und K\u00fcnstler*innen k\u00f6nnen sich um einen Residenzaufenthalt f\u00fcr die Produktion von Tanz-, Theater-, Circus- und Performance-Projekten bis zu maximal zwei Wochen bewerben.<\/p>\n\n\n\n<figure class=\"wp-block-image size-full is-style-default\"><img loading=\"lazy\" decoding=\"async\" width=\"1000\" height=\"667\" src=\"http:\/\/www.linda-neue.de\/sb\/wordpress\/wp-content\/uploads\/2022\/05\/Residenz.jpg\" alt=\"\" class=\"wp-image-973\" srcset=\"http:\/\/www.linda-neue.de\/sb\/wordpress\/wp-content\/uploads\/2022\/05\/Residenz.jpg 1000w, http:\/\/www.linda-neue.de\/sb\/wordpress\/wp-content\/uploads\/2022\/05\/Residenz-300x200.jpg 300w, http:\/\/www.linda-neue.de\/sb\/wordpress\/wp-content\/uploads\/2022\/05\/Residenz-768x512.jpg 768w\" sizes=\"auto, (max-width: 1000px) 100vw, 1000px\" \/><\/figure>\n\n\n\n<div class=\"wp-block-image is-style-default\"><figure class=\"alignleft size-thumbnail\"><a href=\"http:\/\/www.linda-neue.de\/sb\/wordpress\/residenz-online-formular\/\"><img loading=\"lazy\" decoding=\"async\" width=\"150\" height=\"150\" src=\"http:\/\/www.linda-neue.de\/sb\/wordpress\/wp-content\/uploads\/2022\/04\/Button_Residenz-150x150.png\" alt=\"\" class=\"wp-image-634\" srcset=\"http:\/\/www.linda-neue.de\/sb\/wordpress\/wp-content\/uploads\/2022\/04\/Button_Residenz-150x150.png 150w, http:\/\/www.linda-neue.de\/sb\/wordpress\/wp-content\/uploads\/2022\/04\/Button_Residenz-300x300.png 300w, http:\/\/www.linda-neue.de\/sb\/wordpress\/wp-content\/uploads\/2022\/04\/Button_Residenz.png 635w\" sizes=\"auto, (max-width: 150px) 100vw, 150px\" \/><\/a><\/figure><\/div>\n\n\n\n<p style=\"font-size:16px\">Schloss Br\u00f6llin bietet mehrere Tanzstudios, Produktions- und Seminarr\u00e4ume sowie einen gro\u00dfen Au\u00dfenbereich \u2013 zum Proben, Experimentieren in ruhiger und kreativer Atmosph\u00e4re. Das Residenzprogramm auf Schloss Br\u00f6llin erm\u00f6glicht Ensembles und Gruppen, speziell wenn deren Schloss Br\u00f6llin bietet mehrere Tanzstudios, Produktions- und Seminarr\u00e4ume sowie einen gro\u00dfen Au\u00dfenbereich &#8211; zum Proben, Experimentieren in ruhiger und kreativer Atmosph\u00e4re. Das Residenzprogramm auf Schloss Br\u00f6llin erm\u00f6glicht Ensembles und Gruppen, speziell wenn deren Mitglieder aus verschiedenen Orten\/L\u00e4ndern kommen, eine konzentrierte Produktionsphase. W\u00e4hrend des Aufenthaltes werden entsprechende Arbeitsr\u00e4ume, Unterbringung, Beratung und Verpflegung zur Verf\u00fcgung gestellt. Das Residenzprogramm versteht sich als produktionsunterst\u00fctzend und richtet sich an K\u00fcnstler*innen die an einer neuen Produktion arbeiten oder ein fr\u00fcheres Projekt zur Wiederaufnahme \u00fcberarbeiten m\u00f6chten.<\/p>\n\n\n\n<p style=\"font-size:16px\"><strong>Die Ausschreibung f\u00fcr einen Residenzaufenthalt in 2023 erfolgt Mitte Mai 2022.<\/strong><\/p>\n\n\n\n<p style=\"font-size:16px\"><strong>F\u00fcr einen Aufenthalt im Rahmen des Residenzprogramms 2022 wurden von der Jury, bestehend aus Thomas Eder, Holger Ehrich, Sabine Gehm und Sandra Zabelt folgende K\u00fcnstler*innen ausgew\u00e4hlt:<\/strong><br><\/p>\n\n\n\n<p style=\"font-size:16px;text-transform:uppercase\"><a href=\"http:\/\/www.linda-neue.de\/sb\/wordpress\/aszodi\/\"><strong>Jessica Aszodi + Lulu Obermayer<\/strong> \/\/ Interdisziplin\u00e4res Musiktheater<\/a><br><a href=\"http:\/\/www.linda-neue.de\/sb\/wordpress\/peled\/\"><strong>Yotam Peled + the Free Radicals<\/strong> \/\/ Contemporary Dance &amp; Performance<\/a><br><a href=\"http:\/\/www.linda-neue.de\/sb\/wordpress\/globusgefuehl\/\"><strong>Hysterisches Globusgef\u00fchl<\/strong> \/\/ Performance<\/a><br><a href=\"http:\/\/www.linda-neue.de\/sb\/wordpress\/grotest\/\"><strong>Grotest Maru<\/strong> \/\/ Theater im \u00f6ffentlichen Raum<\/a><br><a href=\"http:\/\/www.linda-neue.de\/sb\/wordpress\/musicircus\/\"><strong>Liz + Howard MusiCircus<\/strong> \/\/ Contemporary Circus-Dance Theater<\/a><br><a href=\"http:\/\/www.linda-neue.de\/sb\/wordpress\/cobracobra\/\"><strong>cobracobra collective<\/strong> \/\/ Tanz<\/a><br><a href=\"http:\/\/www.linda-neue.de\/sb\/wordpress\/skadra\/\"><strong>Roman \u0160kadra<\/strong> \/\/ Zeitgen\u00f6ssischer Zirkus \/ Performance Art \/ Bildende Kunst<\/a><br><a href=\"http:\/\/www.linda-neue.de\/sb\/wordpress\/sinkingsideways\/\"><strong>Sinking Sideways<\/strong> \/\/ Contemporary Circus<\/a><br><a href=\"http:\/\/www.linda-neue.de\/sb\/wordpress\/kaminer\/\"><strong>Elischa Kaminer + Ensemble x.y<\/strong> \/\/ Musiktheater &amp; Performance<\/a><br><a href=\"http:\/\/www.linda-neue.de\/sb\/wordpress\/makisig\/\"><strong>Makisig Akin<\/strong> \/\/ Contemporary Dance<\/a><br><a href=\"http:\/\/www.linda-neue.de\/sb\/wordpress\/constructioncompany\/\"><strong>Construction Company<\/strong> \/\/ Tanz<\/a><\/p>\n\n\n\n<div class=\"wp-block-columns is-layout-flex wp-container-core-columns-is-layout-9d6595d7 wp-block-columns-is-layout-flex\">\n<div class=\"wp-block-column is-layout-flow wp-block-column-is-layout-flow\">\n<p style=\"font-size:16px\"><strong>Kontakt:<\/strong><br>Anne Rietschel<br><a href=\"mailto:residenz@broellin.de\">residenz@broellin.de<\/a><\/p>\n\n\n\n<p><\/p>\n<\/div>\n<\/div>\n\n\n\n<p style=\"font-size:16px\"><strong>Das Schloss Br\u00f6llin e.V. Residenzprogramm ist u.a. Mitglied bei:<\/strong><br><a href=\"https:\/\/resartis.org\/\">RES ARTIS<\/a><br><a href=\"http:\/\/www.kuenstlerresidenzen.de\/\">Arbeitskreis deutscher internationaler Residenzprogramme&nbsp;<\/a><br><br><strong>Netzwerkpartner von:<\/strong><br><a href=\"https:\/\/www.jointadventures.net\/nationales-performance-netz\/\">NATIONALES PERFORMANCE NETZ<\/a><br><br><strong>Kooperationen mit:<\/strong><br><a href=\"https:\/\/flausen.plus\/\">FLAUSEN+ Bundesnetzwerk<\/a><br><a href=\"https:\/\/www.musicboard-berlin.de\/\">MUSIC BOARD BERLIN<\/a><br><br>Das Residenzprogramm wird gef\u00f6rdert&nbsp;durch&nbsp;das Ministerium f\u00fcr Wissenschaft, Kultur, Bundes- und Europaangelegenheiten und dem&nbsp;Landkreis Vorpommern-Greifswald.<\/p>\n\n\n\n<figure class=\"wp-block-image size-large is-resized\"><img loading=\"lazy\" decoding=\"async\" src=\"http:\/\/www.linda-neue.de\/sb\/wordpress\/wp-content\/uploads\/2022\/05\/mv-logos-1024x299.png\" alt=\"\" class=\"wp-image-981\" width=\"512\" height=\"150\" srcset=\"http:\/\/www.linda-neue.de\/sb\/wordpress\/wp-content\/uploads\/2022\/05\/mv-logos-1024x299.png 1024w, http:\/\/www.linda-neue.de\/sb\/wordpress\/wp-content\/uploads\/2022\/05\/mv-logos-300x88.png 300w, http:\/\/www.linda-neue.de\/sb\/wordpress\/wp-content\/uploads\/2022\/05\/mv-logos-768x224.png 768w, http:\/\/www.linda-neue.de\/sb\/wordpress\/wp-content\/uploads\/2022\/05\/mv-logos-1536x449.png 1536w, http:\/\/www.linda-neue.de\/sb\/wordpress\/wp-content\/uploads\/2022\/05\/mv-logos.png 2000w\" sizes=\"auto, (max-width: 512px) 100vw, 512px\" \/><\/figure>\n\n\n\n<div style=\"height:25px\" aria-hidden=\"true\" class=\"wp-block-spacer\"><\/div>\n\n\n\n<p class=\"has-text-align-center\"><a class=\"maxbutton-11 maxbutton maxbutton-zuruck-zur-ubersicht\" title=\"ZUR\u00dcCK ZUR \u00dcBERSICHT\" href=\"http:\/\/www.linda-neue.de\/sb\/wordpress\/projekte\/\"><span class='mb-text'>ZUR\u00dcCK ZUR \u00dcBERSICHT<\/span><\/a><\/p>\n\n\n\n<p><\/p>\n","protected":false},"excerpt":{"rendered":"<p>RESIDENZPROGRAMM Internationale K\u00fcnstlergruppen und K\u00fcnstler*innen k\u00f6nnen sich um einen Residenzaufenthalt f\u00fcr die Produktion von Tanz-, Theater-, Circus- und Performance-Projekten bis zu maximal zwei Wochen bewerben. Schloss Br\u00f6llin bietet mehrere Tanzstudios, Produktions- und Seminarr\u00e4ume sowie einen gro\u00dfen Au\u00dfenbereich \u2013 zum Proben, Experimentieren in ruhiger und kreativer Atmosph\u00e4re. Das Residenzprogramm auf Schloss Br\u00f6llin erm\u00f6glicht Ensembles und Gruppen, [&hellip;]<\/p>\n","protected":false},"author":1,"featured_media":0,"parent":0,"menu_order":0,"comment_status":"closed","ping_status":"closed","template":"","meta":{"footnotes":""},"class_list":["post-57","page","type-page","status-publish","hentry"],"_links":{"self":[{"href":"http:\/\/www.linda-neue.de\/sb\/wordpress\/wp-json\/wp\/v2\/pages\/57","targetHints":{"allow":["GET"]}}],"collection":[{"href":"http:\/\/www.linda-neue.de\/sb\/wordpress\/wp-json\/wp\/v2\/pages"}],"about":[{"href":"http:\/\/www.linda-neue.de\/sb\/wordpress\/wp-json\/wp\/v2\/types\/page"}],"author":[{"embeddable":true,"href":"http:\/\/www.linda-neue.de\/sb\/wordpress\/wp-json\/wp\/v2\/users\/1"}],"replies":[{"embeddable":true,"href":"http:\/\/www.linda-neue.de\/sb\/wordpress\/wp-json\/wp\/v2\/comments?post=57"}],"version-history":[{"count":30,"href":"http:\/\/www.linda-neue.de\/sb\/wordpress\/wp-json\/wp\/v2\/pages\/57\/revisions"}],"predecessor-version":[{"id":1135,"href":"http:\/\/www.linda-neue.de\/sb\/wordpress\/wp-json\/wp\/v2\/pages\/57\/revisions\/1135"}],"wp:attachment":[{"href":"http:\/\/www.linda-neue.de\/sb\/wordpress\/wp-json\/wp\/v2\/media?parent=57"}],"curies":[{"name":"wp","href":"https:\/\/api.w.org\/{rel}","templated":true}]}}