{"id":443,"date":"2022-04-04T10:01:01","date_gmt":"2022-04-04T08:01:01","guid":{"rendered":"http:\/\/www.linda-neue.de\/sb\/wordpress\/?page_id=443"},"modified":"2022-06-02T13:13:54","modified_gmt":"2022-06-02T11:13:54","slug":"aktuelles","status":"publish","type":"page","link":"http:\/\/www.linda-neue.de\/sb\/wordpress\/aktuelles\/","title":{"rendered":"AKTUELL"},"content":{"rendered":"\n<div class=\"wp-block-columns alignwide is-layout-flex wp-container-core-columns-is-layout-9d6595d7 wp-block-columns-is-layout-flex\">\n<div class=\"wp-block-column is-layout-flow wp-block-column-is-layout-flow\" style=\"flex-basis:33.38%\">\n<p class=\"has-medium-font-size\" style=\"text-transform:uppercase\"><strong>Latvia, here we go!<\/strong><\/p>\n\n\n\n<figure class=\"wp-block-image size-large is-resized\"><img loading=\"lazy\" decoding=\"async\" src=\"http:\/\/www.linda-neue.de\/sb\/wordpress\/wp-content\/uploads\/2022\/06\/20220524_1852420-1024x646.jpg\" alt=\"\" class=\"wp-image-1235\" width=\"377\" height=\"237\" srcset=\"http:\/\/www.linda-neue.de\/sb\/wordpress\/wp-content\/uploads\/2022\/06\/20220524_1852420-1024x646.jpg 1024w, http:\/\/www.linda-neue.de\/sb\/wordpress\/wp-content\/uploads\/2022\/06\/20220524_1852420-300x189.jpg 300w, http:\/\/www.linda-neue.de\/sb\/wordpress\/wp-content\/uploads\/2022\/06\/20220524_1852420-768x484.jpg 768w, http:\/\/www.linda-neue.de\/sb\/wordpress\/wp-content\/uploads\/2022\/06\/20220524_1852420-1536x969.jpg 1536w, http:\/\/www.linda-neue.de\/sb\/wordpress\/wp-content\/uploads\/2022\/06\/20220524_1852420-2048x1292.jpg 2048w\" sizes=\"auto, (max-width: 377px) 100vw, 377px\" \/><figcaption><sup>Foto: Christine Lauenstein<\/sup><\/figcaption><\/figure>\n\n\n\n<p class=\"has-text-color\" style=\"color:#000000;font-size:16px\"><em>Riga<\/em> \u2013 Unser Team der Jugendarbeit hat sich im Mai aufgemacht und ist zum Fachtreffen f\u00fcr Jugenarbeit nach Lettland gefahren. Neben dem Austausch unter 20 internationalen Jugendarbeiter:innen blieb auch noch genug Zeit, gemeinsam das wundersch\u00f6ne Umfeld zu erkunden. Die Stimmung war herrlich, die Ideen frisch und die Sessions und Meetings haben uns wieder ganz neu f\u00fcr unsere Arbeit motiviert.<\/p>\n<\/div>\n\n\n\n<div class=\"wp-block-column is-layout-flow wp-block-column-is-layout-flow\" style=\"flex-basis:33%\">\n<p class=\"has-medium-font-size\" style=\"text-transform:uppercase\"><strong>Das Kulturlandb\u00fcro ist umgezogen<\/strong><\/p>\n\n\n\n<figure class=\"wp-block-image size-full\"><img loading=\"lazy\" decoding=\"async\" width=\"567\" height=\"358\" src=\"http:\/\/www.linda-neue.de\/sb\/wordpress\/wp-content\/uploads\/2022\/06\/KLB_Box.jpg\" alt=\"\" class=\"wp-image-1251\" srcset=\"http:\/\/www.linda-neue.de\/sb\/wordpress\/wp-content\/uploads\/2022\/06\/KLB_Box.jpg 567w, http:\/\/www.linda-neue.de\/sb\/wordpress\/wp-content\/uploads\/2022\/06\/KLB_Box-300x189.jpg 300w\" sizes=\"auto, (max-width: 567px) 100vw, 567px\" \/><figcaption><sup>Foto: Karolina Grabowska\/pexels<\/sup><\/figcaption><\/figure>\n\n\n\n<p style=\"font-size:16px\"><em>Schloss Br\u00f6llin<\/em> \u2013 Das Kulturlandb\u00fcro ist von seinen R\u00e4umlichkeiten im Gutshaus in den Anbau gezogen und hat die R\u00e4ume mit der G\u00e4stebetreuung getauscht. Das Kulturlandb\u00fcro<strong> <\/strong>ist Beratungs-, Kommunikations-\u200b\u200b\u200b und Netzwerkstelle f\u00fcr Kultur in Uecker-Randow. Dabei agiert das B\u00fcro als Schnittstelle zwischen der Landkreisverwaltung, den Kommunen, den B\u00fcrger:innen sowie den K\u00fcnstler:innen.<\/p>\n<\/div>\n\n\n\n<div class=\"wp-block-column is-layout-flow wp-block-column-is-layout-flow\" style=\"flex-basis:33.62%\">\n<figure class=\"wp-block-image size-full\"><img loading=\"lazy\" decoding=\"async\" width=\"380\" height=\"500\" src=\"http:\/\/www.linda-neue.de\/sb\/wordpress\/wp-content\/uploads\/2022\/06\/andres-siimon-QwkqiuQLqBc-unsplash-2.jpg\" alt=\"\" class=\"wp-image-1254\" srcset=\"http:\/\/www.linda-neue.de\/sb\/wordpress\/wp-content\/uploads\/2022\/06\/andres-siimon-QwkqiuQLqBc-unsplash-2.jpg 380w, http:\/\/www.linda-neue.de\/sb\/wordpress\/wp-content\/uploads\/2022\/06\/andres-siimon-QwkqiuQLqBc-unsplash-2-228x300.jpg 228w\" sizes=\"auto, (max-width: 380px) 100vw, 380px\" \/><figcaption><sup>Foto: Andres Siimon\/unsplash<\/sup><\/figcaption><\/figure>\n<\/div>\n<\/div>\n\n\n\n<div class=\"wp-block-columns alignwide is-layout-flex wp-container-core-columns-is-layout-9d6595d7 wp-block-columns-is-layout-flex\">\n<div class=\"wp-block-column is-layout-flow wp-block-column-is-layout-flow\" style=\"flex-basis:100%\">\n<figure class=\"wp-block-image size-full\"><img loading=\"lazy\" decoding=\"async\" width=\"1000\" height=\"667\" src=\"http:\/\/www.linda-neue.de\/sb\/wordpress\/wp-content\/uploads\/2022\/04\/Taube-1.jpg\" alt=\"\" class=\"wp-image-497\" srcset=\"http:\/\/www.linda-neue.de\/sb\/wordpress\/wp-content\/uploads\/2022\/04\/Taube-1.jpg 1000w, http:\/\/www.linda-neue.de\/sb\/wordpress\/wp-content\/uploads\/2022\/04\/Taube-1-300x200.jpg 300w, http:\/\/www.linda-neue.de\/sb\/wordpress\/wp-content\/uploads\/2022\/04\/Taube-1-768x512.jpg 768w\" sizes=\"auto, (max-width: 1000px) 100vw, 1000px\" \/><figcaption><sup>Foto: Agata Kaczowka\/unsplash<\/sup><\/figcaption><\/figure>\n\n\n\n<p style=\"font-size:16px\"><strong>Im Lauf der letzten Wochen ist die Welt eine andere geworden und fassungslos blicken wir in die Ukraine.<\/strong> <strong>Mit gro\u00dfer Solidarit\u00e4t schlie\u00dfen wir uns den Aufrufen von Initiativen gegen den Krieg an.<\/strong><\/p>\n\n\n\n<p style=\"font-size:16px\">Wir sind zutiefst schockiert \u00fcber die russische Milit\u00e4raggression, die zum Krieg gegen ein souver\u00e4nes Land und das ukrainische Volk gef\u00fchrt hat. Wir sind emp\u00f6rt \u00fcber die Verletzung des V\u00f6lkerrechts und die brutalen Milit\u00e4raktionen, die so vielen Menschen Schaden zuf\u00fcgen und unschuldiges Leben zerst\u00f6ren. Unser Mitgef\u00fchl gilt dem gesamten ukrainischen Volk, einschlie\u00dflich unserer vielen Freund:innen und Kolleg:innen, die sich nun inmitten von Gewalt und Tod wiederfinden. Es sind Menschen, die innerhalb weniger Wochen ihre Heimat, ihre berufliche Perspektive und die Sicherheit ihrer Zukunft verloren haben.<\/p>\n\n\n\n<p style=\"font-size:16px\">In einem Europa des 21. Jahrhunderts, das f\u00fcr Freiheit, Demokratie und eine offene Gesellschaft steht, betrifft jeder kriegerische Akt uns als eine Gemeinschaft mit tief verwurzelten gemeinsamen Werten unmittelbar. Wir d\u00fcrfen nicht tatenlos zusehen, wie die Werte, die uns lieb und teuer sind, durch einen Akt der aggressiven, brutalen Invasion verleumdet werden.<\/p>\n\n\n\n<p style=\"font-size:16px\">Die Unterst\u00fctzung darf sich jedoch nicht auf Solidarit\u00e4tsbekundungen oder parteipolitische \u00c4u\u00dferungen beschr\u00e4nken, sondern muss auch die Bewahrung der Menschenrechte und einer tausendj\u00e4hrigen Geschichte der ukrainischen Kunst und Kultur umfassen.<\/p>\n\n\n\n<p style=\"font-size:16px\">Wir rufen dazu auf, sich zu engagieren, Betroffene zu unterst\u00fctzen und sich gegen den Krieg und seine langwierigen Folgen zu stellen: F\u00fcr eine friedliche Welt!<\/p>\n<\/div>\n\n\n\n<div class=\"wp-block-column is-layout-flow wp-block-column-is-layout-flow\"><\/div>\n\n\n\n<div class=\"wp-block-column is-layout-flow wp-block-column-is-layout-flow\"><\/div>\n\n\n\n<div class=\"wp-block-column is-layout-flow wp-block-column-is-layout-flow\"><\/div>\n\n\n\n<div class=\"wp-block-column is-layout-flow wp-block-column-is-layout-flow\" style=\"flex-basis:33.33%\"><\/div>\n<\/div>\n\n\n\n<div style=\"height:54px\" aria-hidden=\"true\" class=\"wp-block-spacer\"><\/div>\n","protected":false},"excerpt":{"rendered":"<p>Latvia, here we go! Riga \u2013 Unser Team der Jugendarbeit hat sich im Mai aufgemacht und ist zum Fachtreffen f\u00fcr Jugenarbeit nach Lettland gefahren. Neben dem Austausch unter 20 internationalen Jugendarbeiter:innen blieb auch noch genug Zeit, gemeinsam das wundersch\u00f6ne Umfeld zu erkunden. Die Stimmung war herrlich, die Ideen frisch und die Sessions und Meetings haben [&hellip;]<\/p>\n","protected":false},"author":1,"featured_media":0,"parent":0,"menu_order":0,"comment_status":"closed","ping_status":"closed","template":"","meta":{"footnotes":""},"class_list":["post-443","page","type-page","status-publish","hentry"],"_links":{"self":[{"href":"http:\/\/www.linda-neue.de\/sb\/wordpress\/wp-json\/wp\/v2\/pages\/443","targetHints":{"allow":["GET"]}}],"collection":[{"href":"http:\/\/www.linda-neue.de\/sb\/wordpress\/wp-json\/wp\/v2\/pages"}],"about":[{"href":"http:\/\/www.linda-neue.de\/sb\/wordpress\/wp-json\/wp\/v2\/types\/page"}],"author":[{"embeddable":true,"href":"http:\/\/www.linda-neue.de\/sb\/wordpress\/wp-json\/wp\/v2\/users\/1"}],"replies":[{"embeddable":true,"href":"http:\/\/www.linda-neue.de\/sb\/wordpress\/wp-json\/wp\/v2\/comments?post=443"}],"version-history":[{"count":31,"href":"http:\/\/www.linda-neue.de\/sb\/wordpress\/wp-json\/wp\/v2\/pages\/443\/revisions"}],"predecessor-version":[{"id":1259,"href":"http:\/\/www.linda-neue.de\/sb\/wordpress\/wp-json\/wp\/v2\/pages\/443\/revisions\/1259"}],"wp:attachment":[{"href":"http:\/\/www.linda-neue.de\/sb\/wordpress\/wp-json\/wp\/v2\/media?parent=443"}],"curies":[{"name":"wp","href":"https:\/\/api.w.org\/{rel}","templated":true}]}}