{"id":294,"date":"2022-03-14T10:05:39","date_gmt":"2022-03-14T09:05:39","guid":{"rendered":"http:\/\/www.linda-neue.de\/sb\/wordpress\/?page_id=294"},"modified":"2022-05-12T17:43:33","modified_gmt":"2022-05-12T15:43:33","slug":"294-2","status":"publish","type":"page","link":"http:\/\/www.linda-neue.de\/sb\/wordpress\/pl\/294-2\/","title":{"rendered":"HOME_P"},"content":{"rendered":"\n<p class=\"has-large-font-size\"><strong>30 LAT OBECNO\u015aCI<\/strong><\/p>\n\n\n\n<p>Schloss Br\u00f6llin to miejsce otwarte dla artyst\u00f3w i go\u015bci z ca\u0142ego \u015bwiata. Wymienione osiedle jest po\u0142o\u017cone oko\u0142o 40 km na zach\u00f3d od Szczecina i 130 km na p\u00f3\u0142noc od Berlina. Postrzegamy siebie jako mi\u0119dzynarodowe centrum produkcji sztuk performatywnych, oferuj\u0105ce przestrzenie i obszary, a tak\u017ce tw\u00f3rcz\u0105 wymian\u0119 i wolno\u015b\u0107 dla pracy artystycznej w ka\u017cdej dziedzinie.<br><br><strong>Obecnie zajmujemy si\u0119 t\u0142umaczeniem naszej strony internetowej. Ju\u017c wkr\u00f3tce wszystkie strony b\u0119d\u0105 dost\u0119pne w j\u0119zyku angielskim! Zapraszamy do odwiedzin!<\/strong><\/p>\n\n\n\n<figure class=\"wp-block-gallery alignfull has-nested-images columns-default is-cropped wp-block-gallery-1 is-layout-flex wp-block-gallery-is-layout-flex\">\n<figure class=\"wp-block-image size-large is-style-default\"><img loading=\"lazy\" decoding=\"async\" width=\"1920\" height=\"1280\" data-id=\"325\" src=\"http:\/\/www.linda-neue.de\/sb\/wordpress\/wp-content\/uploads\/2022\/03\/3VH9113.jpg\" alt=\"\" class=\"wp-image-325\" srcset=\"http:\/\/www.linda-neue.de\/sb\/wordpress\/wp-content\/uploads\/2022\/03\/3VH9113.jpg 1920w, http:\/\/www.linda-neue.de\/sb\/wordpress\/wp-content\/uploads\/2022\/03\/3VH9113-300x200.jpg 300w, http:\/\/www.linda-neue.de\/sb\/wordpress\/wp-content\/uploads\/2022\/03\/3VH9113-1024x683.jpg 1024w, http:\/\/www.linda-neue.de\/sb\/wordpress\/wp-content\/uploads\/2022\/03\/3VH9113-768x512.jpg 768w, http:\/\/www.linda-neue.de\/sb\/wordpress\/wp-content\/uploads\/2022\/03\/3VH9113-1536x1024.jpg 1536w\" sizes=\"auto, (max-width: 1920px) 100vw, 1920px\" \/><\/figure>\n\n\n\n<figure class=\"wp-block-image size-large is-style-default\"><img loading=\"lazy\" decoding=\"async\" width=\"1920\" height=\"1280\" data-id=\"334\" src=\"http:\/\/www.linda-neue.de\/sb\/wordpress\/wp-content\/uploads\/2022\/03\/5VH9838.jpg\" alt=\"\" class=\"wp-image-334\" srcset=\"http:\/\/www.linda-neue.de\/sb\/wordpress\/wp-content\/uploads\/2022\/03\/5VH9838.jpg 1920w, http:\/\/www.linda-neue.de\/sb\/wordpress\/wp-content\/uploads\/2022\/03\/5VH9838-300x200.jpg 300w, http:\/\/www.linda-neue.de\/sb\/wordpress\/wp-content\/uploads\/2022\/03\/5VH9838-1024x683.jpg 1024w, http:\/\/www.linda-neue.de\/sb\/wordpress\/wp-content\/uploads\/2022\/03\/5VH9838-768x512.jpg 768w, http:\/\/www.linda-neue.de\/sb\/wordpress\/wp-content\/uploads\/2022\/03\/5VH9838-1536x1024.jpg 1536w\" sizes=\"auto, (max-width: 1920px) 100vw, 1920px\" \/><\/figure>\n\n\n\n<figure class=\"wp-block-image size-large is-style-default\"><img loading=\"lazy\" decoding=\"async\" width=\"1920\" height=\"1280\" data-id=\"328\" src=\"http:\/\/www.linda-neue.de\/sb\/wordpress\/wp-content\/uploads\/2022\/03\/PVH1159.jpg\" alt=\"\" class=\"wp-image-328\" srcset=\"http:\/\/www.linda-neue.de\/sb\/wordpress\/wp-content\/uploads\/2022\/03\/PVH1159.jpg 1920w, http:\/\/www.linda-neue.de\/sb\/wordpress\/wp-content\/uploads\/2022\/03\/PVH1159-300x200.jpg 300w, http:\/\/www.linda-neue.de\/sb\/wordpress\/wp-content\/uploads\/2022\/03\/PVH1159-1024x683.jpg 1024w, http:\/\/www.linda-neue.de\/sb\/wordpress\/wp-content\/uploads\/2022\/03\/PVH1159-768x512.jpg 768w, http:\/\/www.linda-neue.de\/sb\/wordpress\/wp-content\/uploads\/2022\/03\/PVH1159-1536x1024.jpg 1536w\" sizes=\"auto, (max-width: 1920px) 100vw, 1920px\" \/><\/figure>\n<\/figure>\n\n\n\n<div class=\"wp-block-buttons is-horizontal is-content-justification-center is-layout-flex wp-container-core-buttons-is-layout-499968f5 wp-block-buttons-is-layout-flex\"><\/div>\n\n\n\n<p class=\"has-text-align-center\"><strong><a class=\"maxbutton-15 maxbutton maxbutton-newsletter\" title=\"ZAPISZ SI\u0118 DO NEWSLETTERA\" href=\"mailto:kontakt@linda-neue.de?subject=Ja%20ich%20will&body=Hallo%20schloss%20br\u00f6llin,%0D%0A%0D%0Abitte%20sendet%20mir%20euren%20Newsletter! %0D%0A%0D%0ADanke (:\"><span class='mb-text'>ZAPISZ SI\u0118 DO NEWSLETTERA<\/span><\/a><\/strong><\/p>\n\n\n\n<p><\/p>\n","protected":false},"excerpt":{"rendered":"<p>30 LAT OBECNO\u015aCI Schloss Br\u00f6llin to miejsce otwarte dla artyst\u00f3w i go\u015bci z ca\u0142ego \u015bwiata. Wymienione osiedle jest po\u0142o\u017cone oko\u0142o 40 km na zach\u00f3d od Szczecina i 130 km na p\u00f3\u0142noc od Berlina. Postrzegamy siebie jako mi\u0119dzynarodowe centrum produkcji sztuk performatywnych, oferuj\u0105ce przestrzenie i obszary, a tak\u017ce tw\u00f3rcz\u0105 wymian\u0119 i wolno\u015b\u0107 dla pracy artystycznej w [&hellip;]<\/p>\n","protected":false},"author":1,"featured_media":0,"parent":0,"menu_order":0,"comment_status":"closed","ping_status":"closed","template":"","meta":{"footnotes":""},"class_list":["post-294","page","type-page","status-publish","hentry"],"_links":{"self":[{"href":"http:\/\/www.linda-neue.de\/sb\/wordpress\/wp-json\/wp\/v2\/pages\/294","targetHints":{"allow":["GET"]}}],"collection":[{"href":"http:\/\/www.linda-neue.de\/sb\/wordpress\/wp-json\/wp\/v2\/pages"}],"about":[{"href":"http:\/\/www.linda-neue.de\/sb\/wordpress\/wp-json\/wp\/v2\/types\/page"}],"author":[{"embeddable":true,"href":"http:\/\/www.linda-neue.de\/sb\/wordpress\/wp-json\/wp\/v2\/users\/1"}],"replies":[{"embeddable":true,"href":"http:\/\/www.linda-neue.de\/sb\/wordpress\/wp-json\/wp\/v2\/comments?post=294"}],"version-history":[{"count":5,"href":"http:\/\/www.linda-neue.de\/sb\/wordpress\/wp-json\/wp\/v2\/pages\/294\/revisions"}],"predecessor-version":[{"id":1221,"href":"http:\/\/www.linda-neue.de\/sb\/wordpress\/wp-json\/wp\/v2\/pages\/294\/revisions\/1221"}],"wp:attachment":[{"href":"http:\/\/www.linda-neue.de\/sb\/wordpress\/wp-json\/wp\/v2\/media?parent=294"}],"curies":[{"name":"wp","href":"https:\/\/api.w.org\/{rel}","templated":true}]}}