{"id":29,"date":"2022-03-11T15:44:32","date_gmt":"2022-03-11T14:44:32","guid":{"rendered":"http:\/\/www.linda-neue.de\/sb\/wordpress\/?page_id=29"},"modified":"2022-05-12T14:40:26","modified_gmt":"2022-05-12T12:40:26","slug":"kontakt","status":"publish","type":"page","link":"http:\/\/www.linda-neue.de\/sb\/wordpress\/kontakt\/","title":{"rendered":"KONTAKT"},"content":{"rendered":"\n<p style=\"font-size:30px\"><strong>KONTAKT<\/strong><\/p>\n\n\n\n<div class=\"wp-block-columns is-layout-flex wp-container-core-columns-is-layout-9d6595d7 wp-block-columns-is-layout-flex\">\n<div class=\"wp-block-column is-layout-flow wp-block-column-is-layout-flow\">\n<p><strong>schloss br\u00f6llin e.V.<\/strong><br>Br\u00f6llin 3<br>17309 Fahrenwalde<br>Tel. +49 (0) 39747 5650-00<br>info (at) broellin.de<\/p>\n\n\n\n<p><strong><strong><strong>Verwaltung<\/strong><br><\/strong><\/strong>Christoph Kayser<br>Sprechzeiten: Di\/Mi 10 \u2013 15 Uhr<br>Tel.: +49 (0) 39747 5650-26<br>verwaltung (at) broellin.de<\/p>\n\n\n\n<p><strong>G\u00e4stebetreuung<\/strong><br>service (at) broellin.de<\/p>\n<\/div>\n\n\n\n<div class=\"wp-block-column is-layout-flow wp-block-column-is-layout-flow\">\n<p><strong>Gesch\u00e4ftsf\u00fchrung<\/strong><br>Falko Reichardt<br>Tel.: +49 (0) 39747 5650-27<br>gf (at) broellin.de<\/p>\n\n\n\n<p><strong>Booking<\/strong><br>Maria Elsner<br>Sprechzeiten: Mo-Do 10 \u2013 12 Uhr<br>Tel. +49 (0) 39747 5650-21<br>booking (at) broellin.de<\/p>\n\n\n\n<p><strong>\u00d6ffentlichkeitsarbeit<\/strong><br>Linda Spokojny<br>pr (at) broellin.de<\/p>\n<\/div>\n<\/div>\n\n\n\n<p> <\/p>\n\n\n\n<hr class=\"wp-block-separator\"\/>\n\n\n\n<div class=\"wp-block-columns is-layout-flex wp-container-core-columns-is-layout-9d6595d7 wp-block-columns-is-layout-flex\">\n<div class=\"wp-block-column is-layout-flow wp-block-column-is-layout-flow\">\n<p><strong>Residenzprogramm<\/strong><br>Leitung: Anne Rietschel<br>residenz (at) broellin.de<br>Tel.: +49 (0) 39747-5650-28<\/p>\n\n\n\n<p><strong>Jugendarbeit<\/strong><br>Christine Lauenstein<br>Tel. +49 (0) 39747-5650-25&nbsp;<br>c.lauenstein (at) broellin.de<\/p>\n\n\n\n<p><strong>Kulturlandb\u00fcro<\/strong><br>Maria Elsner<br>Netzwerkkoordination<br>Sprechzeiten: Mo &amp; Do 14 \u2013 16 Uhr<br>Tel. +49 (0) 39747-5650-03<br>netzwerk (at) kulturlandbuero.de&nbsp;<\/p>\n\n\n\n<p><strong>KunstAcker<\/strong><br>Anneli Ketterer<br>K\u00fcnstlerische Leitung<br>kunstacker&nbsp;(at) broellin.de&nbsp;&nbsp;<\/p>\n<\/div>\n\n\n\n<div class=\"wp-block-column is-layout-flow wp-block-column-is-layout-flow\">\n<p><strong>RegioActive<\/strong><br>Magdalena Reichardt<br>Inhaltliche Koordination<br>Tel. +49 (0) 39747-5650-27<br>magdalena.reichardt (at) broellin.de<\/p>\n\n\n\n<p><strong>Mecklenburg Vorpommern tanzt an \u2013 movin\u00b4br\u00f6llin<\/strong><br>TANZPAKT Stadt-Land-Bund&nbsp;<br>K\u00fcnstlerische Projektleitung: Martin&nbsp;Stiefermann&nbsp;<br>Tel.: +49 (0) 1702334008<br>martin.stiefermann (at) vorpommern-tanzt-an.de<\/p>\n\n\n\n<p><strong>Demokratie leben!<\/strong><br>Koordinierungs- und Fachstelle&nbsp;<br>Pasewalk \/ Amt UER-Tal&nbsp;<br>Katharina Husemann&nbsp;<br>Tel.: +49 (0) 39747-5650-22<br>demokratie-leben (at) broellin.de<\/p>\n<\/div>\n<\/div>\n\n\n\n<p><\/p>\n\n\n\n<p><\/p>\n\n\n\n<p><\/p>\n","protected":false},"excerpt":{"rendered":"<p>KONTAKT schloss br\u00f6llin e.V.Br\u00f6llin 317309 FahrenwaldeTel. +49 (0) 39747 5650-00info (at) broellin.de VerwaltungChristoph KayserSprechzeiten: Di\/Mi 10 \u2013 15 UhrTel.: +49 (0) 39747 5650-26verwaltung (at) broellin.de G\u00e4stebetreuungservice (at) broellin.de Gesch\u00e4ftsf\u00fchrungFalko ReichardtTel.: +49 (0) 39747 5650-27gf (at) broellin.de BookingMaria ElsnerSprechzeiten: Mo-Do 10 \u2013 12 UhrTel. +49 (0) 39747 5650-21booking (at) broellin.de \u00d6ffentlichkeitsarbeitLinda Spokojnypr (at) broellin.de ResidenzprogrammLeitung: Anne [&hellip;]<\/p>\n","protected":false},"author":1,"featured_media":0,"parent":0,"menu_order":0,"comment_status":"closed","ping_status":"closed","template":"","meta":{"footnotes":""},"class_list":["post-29","page","type-page","status-publish","hentry"],"_links":{"self":[{"href":"http:\/\/www.linda-neue.de\/sb\/wordpress\/wp-json\/wp\/v2\/pages\/29","targetHints":{"allow":["GET"]}}],"collection":[{"href":"http:\/\/www.linda-neue.de\/sb\/wordpress\/wp-json\/wp\/v2\/pages"}],"about":[{"href":"http:\/\/www.linda-neue.de\/sb\/wordpress\/wp-json\/wp\/v2\/types\/page"}],"author":[{"embeddable":true,"href":"http:\/\/www.linda-neue.de\/sb\/wordpress\/wp-json\/wp\/v2\/users\/1"}],"replies":[{"embeddable":true,"href":"http:\/\/www.linda-neue.de\/sb\/wordpress\/wp-json\/wp\/v2\/comments?post=29"}],"version-history":[{"count":13,"href":"http:\/\/www.linda-neue.de\/sb\/wordpress\/wp-json\/wp\/v2\/pages\/29\/revisions"}],"predecessor-version":[{"id":1202,"href":"http:\/\/www.linda-neue.de\/sb\/wordpress\/wp-json\/wp\/v2\/pages\/29\/revisions\/1202"}],"wp:attachment":[{"href":"http:\/\/www.linda-neue.de\/sb\/wordpress\/wp-json\/wp\/v2\/media?parent=29"}],"curies":[{"name":"wp","href":"https:\/\/api.w.org\/{rel}","templated":true}]}}