{"id":27,"date":"2022-03-11T15:44:21","date_gmt":"2022-03-11T14:44:21","guid":{"rendered":"http:\/\/www.linda-neue.de\/sb\/wordpress\/?page_id=27"},"modified":"2022-05-12T15:16:19","modified_gmt":"2022-05-12T13:16:19","slug":"geschichte","status":"publish","type":"page","link":"http:\/\/www.linda-neue.de\/sb\/wordpress\/geschichte\/","title":{"rendered":"GESCHICHTE"},"content":{"rendered":"\n<p style=\"font-size:30px\"><strong>DIE GESCHICHTE<\/strong><\/p>\n\n\n\n<p>Schloss Br\u00f6llin ist einer der wenigen Gutsh\u00f6fe der Region, welche als Ganzes erhalten sind und somit auch ein wichtiges Zeugnis der Entwicklung der regionalen landwirtschaftlichen Produktion. In der Gemeinde Fahrenwalde ist es als Baudenkmal registriert.<\/p>\n\n\n\n<figure class=\"wp-block-image size-large is-style-default\"><img loading=\"lazy\" decoding=\"async\" width=\"1024\" height=\"658\" src=\"http:\/\/www.linda-neue.de\/sb\/wordpress\/wp-content\/uploads\/2022\/04\/Geschichte01-1024x658.jpg\" alt=\"\" class=\"wp-image-604\" srcset=\"http:\/\/www.linda-neue.de\/sb\/wordpress\/wp-content\/uploads\/2022\/04\/Geschichte01-1024x658.jpg 1024w, http:\/\/www.linda-neue.de\/sb\/wordpress\/wp-content\/uploads\/2022\/04\/Geschichte01-300x193.jpg 300w, http:\/\/www.linda-neue.de\/sb\/wordpress\/wp-content\/uploads\/2022\/04\/Geschichte01-768x494.jpg 768w, http:\/\/www.linda-neue.de\/sb\/wordpress\/wp-content\/uploads\/2022\/04\/Geschichte01-1536x987.jpg 1536w, http:\/\/www.linda-neue.de\/sb\/wordpress\/wp-content\/uploads\/2022\/04\/Geschichte01.jpg 1724w\" sizes=\"auto, (max-width: 1024px) 100vw, 1024px\" \/><figcaption><sup>Foto: David Baltzer<\/sup><\/figcaption><\/figure>\n\n\n\n<p style=\"font-size:16px\">Trotz des Namens handelt es sich beim \u201eSchloss\u201c Br\u00f6llin jedoch nicht um ein&nbsp;Schloss&nbsp;im eigentlichen Sinne, sondern um ein altes&nbsp;Rittergut.&nbsp;Inspiriert vom Turm des&nbsp;Gutshauses,&nbsp;begannen Anwohner in den 1970er Jahren, vom \u201eSchloss\u201c zu sprechen, was dem Ort seinen heutigen Namen verlieh.&nbsp;<\/p>\n\n\n\n<p style=\"font-size:16px\"><strong>1233<\/strong> wird Br\u00f6llin erstmals historisch erw\u00e4hnt, damals nach dem seinerzeitigen Lehnsherrn vom Bralin benannt. <br><strong>1854<\/strong> erwarb der Landwirt und Rittergutsbesitzer Stoewahs das Br\u00f6lliner Gut. Br\u00f6llin erfuhr eine erhebliche Erweiterung und Umstrukturierung. <br><strong>1860<\/strong> wird eine Brennerei erw\u00e4hnt, die sich in dem zentral auf dem Gutshof gelegenen Geb\u00e4udekomplex befand. Aus dieser Zeit stammt der \u00fcberwiegende Teil der heute noch vorhandenen Wirtschaftsgeb\u00e4ude und der Turm.<br><strong>Nach 1945<\/strong> wurde der Hof im Zuge der Bodenreform von unterschiedlichen Landwirtschaftlichen Produktionsgenossenschaften (LPG) gef\u00fchrt, in der 300 Angestellte arbeiteten, die sich um die Aufzucht und Pflege von 2500 Tieren k\u00fcmmerten.<br><strong>1990<\/strong> wurde der landwirtschaftliche Betrieb abgewickelt.<br><strong>1991<\/strong> entdeckte das RA.M.M. Theaterart Berlin das Gutsgel\u00e4nde zuf\u00e4llig auf der Suche nach Probenr\u00e4umen.<br><strong>1992<\/strong> mietete der neu gegr\u00fcndete Verein schloss br\u00f6llin e.V. das Gutsgel\u00e4nde von der Treuhandliegenschaftsgesellschaft und begann mit der Instandsetzung und dem Ausbau der Geb\u00e4ude.<br><strong>1993<\/strong> wurde durch Initiative des Vereins der \u00fcberwiegend aus Feldstein gebaute Gutshof insgesamt unter Denkmalschutz gestellt.<br><strong>Seit Herbst 2000<\/strong> ist der Verein schloss br\u00f6llin e.V. Eigent\u00fcmer des Gel\u00e4ndes. Kontinuierlich arbeitet der Verein am Auf- und Ausbau f\u00fcr die Nutzung als internationales Kompetenzzentrum f\u00fcr die k\u00fcnstlerische Produktion.<br><\/p>\n\n\n\n<figure class=\"wp-block-image size-large is-style-default\"><img loading=\"lazy\" decoding=\"async\" width=\"751\" height=\"1024\" src=\"http:\/\/www.linda-neue.de\/sb\/wordpress\/wp-content\/uploads\/2022\/05\/01chronik-751x1024.jpg\" alt=\"\" class=\"wp-image-1212\" srcset=\"http:\/\/www.linda-neue.de\/sb\/wordpress\/wp-content\/uploads\/2022\/05\/01chronik-751x1024.jpg 751w, http:\/\/www.linda-neue.de\/sb\/wordpress\/wp-content\/uploads\/2022\/05\/01chronik-220x300.jpg 220w, http:\/\/www.linda-neue.de\/sb\/wordpress\/wp-content\/uploads\/2022\/05\/01chronik-768x1047.jpg 768w, http:\/\/www.linda-neue.de\/sb\/wordpress\/wp-content\/uploads\/2022\/05\/01chronik.jpg 1078w\" sizes=\"auto, (max-width: 751px) 100vw, 751px\" \/><\/figure>\n","protected":false},"excerpt":{"rendered":"<p>DIE GESCHICHTE Schloss Br\u00f6llin ist einer der wenigen Gutsh\u00f6fe der Region, welche als Ganzes erhalten sind und somit auch ein wichtiges Zeugnis der Entwicklung der regionalen landwirtschaftlichen Produktion. In der Gemeinde Fahrenwalde ist es als Baudenkmal registriert. Trotz des Namens handelt es sich beim \u201eSchloss\u201c Br\u00f6llin jedoch nicht um ein&nbsp;Schloss&nbsp;im eigentlichen Sinne, sondern um ein [&hellip;]<\/p>\n","protected":false},"author":1,"featured_media":0,"parent":0,"menu_order":0,"comment_status":"closed","ping_status":"closed","template":"","meta":{"footnotes":""},"class_list":["post-27","page","type-page","status-publish","hentry"],"_links":{"self":[{"href":"http:\/\/www.linda-neue.de\/sb\/wordpress\/wp-json\/wp\/v2\/pages\/27","targetHints":{"allow":["GET"]}}],"collection":[{"href":"http:\/\/www.linda-neue.de\/sb\/wordpress\/wp-json\/wp\/v2\/pages"}],"about":[{"href":"http:\/\/www.linda-neue.de\/sb\/wordpress\/wp-json\/wp\/v2\/types\/page"}],"author":[{"embeddable":true,"href":"http:\/\/www.linda-neue.de\/sb\/wordpress\/wp-json\/wp\/v2\/users\/1"}],"replies":[{"embeddable":true,"href":"http:\/\/www.linda-neue.de\/sb\/wordpress\/wp-json\/wp\/v2\/comments?post=27"}],"version-history":[{"count":15,"href":"http:\/\/www.linda-neue.de\/sb\/wordpress\/wp-json\/wp\/v2\/pages\/27\/revisions"}],"predecessor-version":[{"id":1217,"href":"http:\/\/www.linda-neue.de\/sb\/wordpress\/wp-json\/wp\/v2\/pages\/27\/revisions\/1217"}],"wp:attachment":[{"href":"http:\/\/www.linda-neue.de\/sb\/wordpress\/wp-json\/wp\/v2\/media?parent=27"}],"curies":[{"name":"wp","href":"https:\/\/api.w.org\/{rel}","templated":true}]}}