{"id":23,"date":"2022-03-11T15:43:31","date_gmt":"2022-03-11T14:43:31","guid":{"rendered":"http:\/\/www.linda-neue.de\/sb\/wordpress\/?page_id=23"},"modified":"2022-05-12T17:41:20","modified_gmt":"2022-05-12T15:41:20","slug":"projekte","status":"publish","type":"page","link":"http:\/\/www.linda-neue.de\/sb\/wordpress\/projekte\/","title":{"rendered":"PROJEKTE"},"content":{"rendered":"\n<p class=\"has-text-align-left\" style=\"font-size:30px\"><strong>PROGRAMME, INITIATIVEN UND GRUPPEN<\/strong><\/p>\n\n\n\n<p class=\"has-text-align-left\">Schloss Br\u00f6llin ist eine Plattform f\u00fcr Kunst- und Kulturschaffende. Unterschiedlichste Projekte und Angebote richten sich an Menschen aus der Region und aller Welt und machen aus unserem Gutshof ein weltoffenes und zukunftsorientiertes Areal, in dem sich alle willkommen f\u00fchlen und ausprobieren k\u00f6nnen.<\/p>\n\n\n\n<div style=\"height:10px\" aria-hidden=\"true\" class=\"wp-block-spacer\"><\/div>\n\n\n\n<div class=\"wp-block-columns is-layout-flex wp-container-core-columns-is-layout-9d6595d7 wp-block-columns-is-layout-flex\">\n<div class=\"wp-block-column is-layout-flow wp-block-column-is-layout-flow\">\n<figure class=\"wp-block-image size-full is-style-default\"><img loading=\"lazy\" decoding=\"async\" width=\"500\" height=\"274\" src=\"http:\/\/www.linda-neue.de\/sb\/wordpress\/wp-content\/uploads\/2022\/05\/Residenz_Vorschau-1.png\" alt=\"\" class=\"wp-image-1005\" srcset=\"http:\/\/www.linda-neue.de\/sb\/wordpress\/wp-content\/uploads\/2022\/05\/Residenz_Vorschau-1.png 500w, http:\/\/www.linda-neue.de\/sb\/wordpress\/wp-content\/uploads\/2022\/05\/Residenz_Vorschau-1-300x164.png 300w\" sizes=\"auto, (max-width: 500px) 100vw, 500px\" \/><\/figure>\n\n\n\n<p class=\"has-text-color\" style=\"color:#5d918b;font-size:16px\"><strong><a href=\"http:\/\/www.linda-neue.de\/sb\/wordpress\/residenzprogramm\/\">RESIDENZPROGRAMM<\/a><\/strong><\/p>\n\n\n\n<p class=\"has-small-font-size\"><strong>SCHLOSS BR\u00d6LLIN RESIDENZPROGRAMM<\/strong><\/p>\n\n\n\n<p class=\"has-small-font-size\">Internationale K\u00fcnstlergruppen<br>und K\u00fcnstler*innen k\u00f6nnen sich um einen Residenzaufenthalt f\u00fcr die Produktion von Tanz-, Theater-, Circus und Performance-Projekten bis zu maximal zwei Wochen bewerben.<\/p>\n<\/div>\n\n\n\n<div class=\"wp-block-column is-layout-flow wp-block-column-is-layout-flow\">\n<figure class=\"wp-block-image size-full is-style-default\"><img loading=\"lazy\" decoding=\"async\" width=\"500\" height=\"274\" src=\"http:\/\/www.linda-neue.de\/sb\/wordpress\/wp-content\/uploads\/2022\/03\/DSC0814.jpg\" alt=\"\" class=\"wp-image-162\" srcset=\"http:\/\/www.linda-neue.de\/sb\/wordpress\/wp-content\/uploads\/2022\/03\/DSC0814.jpg 500w, http:\/\/www.linda-neue.de\/sb\/wordpress\/wp-content\/uploads\/2022\/03\/DSC0814-300x164.jpg 300w\" sizes=\"auto, (max-width: 500px) 100vw, 500px\" \/><\/figure>\n\n\n\n<p class=\"has-text-color\" style=\"color:#5d918b;font-size:16px;text-transform:uppercase\"><strong><a href=\"http:\/\/www.linda-neue.de\/sb\/wordpress\/jugend\/\">Jugendprogramm<\/a><\/strong><\/p>\n\n\n\n<p class=\"has-small-font-size\" style=\"text-transform:uppercase\"><strong>Jugendarbeit und SOZIOKULTUR ProJEKTE 2022<\/strong><\/p>\n\n\n\n<p class=\"has-small-font-size\">Es erwarten die Jugendlichen ein vielf\u00e4ltiges Programm zum Mitmachen von Theater- und Hip Hop-Workshops, \u00fcber ein Deutsch-Polnisches Musical, bis hin zur Auseinandersetzung und dem kreativen Umgang mit Texten und Sprache.<\/p>\n<\/div>\n\n\n\n<div class=\"wp-block-column is-layout-flow wp-block-column-is-layout-flow\">\n<figure class=\"wp-block-image size-full is-style-default\"><img loading=\"lazy\" decoding=\"async\" width=\"841\" height=\"461\" src=\"http:\/\/www.linda-neue.de\/sb\/wordpress\/wp-content\/uploads\/2022\/03\/Projekt_US062021.jpg\" alt=\"\" class=\"wp-image-161\" srcset=\"http:\/\/www.linda-neue.de\/sb\/wordpress\/wp-content\/uploads\/2022\/03\/Projekt_US062021.jpg 841w, http:\/\/www.linda-neue.de\/sb\/wordpress\/wp-content\/uploads\/2022\/03\/Projekt_US062021-300x164.jpg 300w, http:\/\/www.linda-neue.de\/sb\/wordpress\/wp-content\/uploads\/2022\/03\/Projekt_US062021-768x421.jpg 768w\" sizes=\"auto, (max-width: 841px) 100vw, 841px\" \/><\/figure>\n\n\n\n<p class=\"has-text-color\" style=\"color:#5d918b;font-size:16px\"><strong><a href=\"http:\/\/www.linda-neue.de\/sb\/wordpress\/kulturlandbuero\/\">KULTURLANDB\u00dcRO<\/a><\/strong><\/p>\n\n\n\n<p class=\"has-small-font-size\" style=\"text-transform:uppercase\"><strong>Gemeinschaft st\u00e4rken durch Kultur in UER<\/strong><\/p>\n\n\n\n<p class=\"has-small-font-size\">Das&nbsp;Kulturlandb\u00fcro<strong>&nbsp;<\/strong>ist Beratungs-, Kommunikations-\u200b\u200b\u200b&nbsp;und Netzwerkstelle f\u00fcr Kultur in Uecker-Randow und aktiviert mit&nbsp;Dorfresidenzen&nbsp;und der&nbsp;Kulturlandschau<strong>&nbsp;<\/strong>Gemeinschaft:&nbsp;<a rel=\"noreferrer noopener\" href=\"http:\/\/www.kulturlandbuero.de\" target=\"_blank\">www.kulturlandbuero.de<\/a><\/p>\n<\/div>\n<\/div>\n\n\n\n<div class=\"wp-block-columns is-layout-flex wp-container-core-columns-is-layout-9d6595d7 wp-block-columns-is-layout-flex\">\n<div class=\"wp-block-column is-layout-flow wp-block-column-is-layout-flow\">\n<figure class=\"wp-block-image size-full is-style-default\"><img loading=\"lazy\" decoding=\"async\" width=\"500\" height=\"274\" src=\"http:\/\/www.linda-neue.de\/sb\/wordpress\/wp-content\/uploads\/2022\/03\/PVH0450regio.jpg\" alt=\"\" class=\"wp-image-166\" srcset=\"http:\/\/www.linda-neue.de\/sb\/wordpress\/wp-content\/uploads\/2022\/03\/PVH0450regio.jpg 500w, http:\/\/www.linda-neue.de\/sb\/wordpress\/wp-content\/uploads\/2022\/03\/PVH0450regio-300x164.jpg 300w\" sizes=\"auto, (max-width: 500px) 100vw, 500px\" \/><\/figure>\n\n\n\n<p class=\"has-text-color\" style=\"color:#5d918b;font-size:16px;text-transform:uppercase\"><strong><a href=\"http:\/\/www.linda-neue.de\/sb\/wordpress\/regioactive\/\">RegioActive<\/a><\/strong><\/p>\n\n\n\n<p class=\"has-small-font-size\" style=\"text-transform:uppercase\"><strong>Gemeinschaft \u00fcber Grenzen hinweg<\/strong><\/p>\n\n\n\n<p class=\"has-small-font-size\">Wir teilen nicht nach L\u00e4ndern auf, sondern suchen nach Ankn\u00fcpfungspunkten f\u00fcr Gemeinden, K\u00fcnstler, Animateure, lokale Gruppen und jeden, der mitmachen m\u00f6chte. Kunst ist die Verbindung.<\/p>\n<\/div>\n\n\n\n<div class=\"wp-block-column is-layout-flow wp-block-column-is-layout-flow\">\n<figure class=\"wp-block-image size-full is-style-default\"><img loading=\"lazy\" decoding=\"async\" width=\"500\" height=\"274\" src=\"http:\/\/www.linda-neue.de\/sb\/wordpress\/wp-content\/uploads\/2022\/04\/DL_500.jpg\" alt=\"\" class=\"wp-image-643\" srcset=\"http:\/\/www.linda-neue.de\/sb\/wordpress\/wp-content\/uploads\/2022\/04\/DL_500.jpg 500w, http:\/\/www.linda-neue.de\/sb\/wordpress\/wp-content\/uploads\/2022\/04\/DL_500-300x164.jpg 300w\" sizes=\"auto, (max-width: 500px) 100vw, 500px\" \/><\/figure>\n\n\n\n<p class=\"has-text-color\" style=\"color:#5d918b;font-size:16px\"><strong><a href=\"http:\/\/www.linda-neue.de\/sb\/wordpress\/demokratie-leben\/\"><strong><\/strong><\/a><strong><a href=\"http:\/\/www.linda-neue.de\/sb\/wordpress\/demokratie-leben\/\">DEMOKRATIE LEBEN<\/a><\/strong><\/strong><\/p>\n\n\n\n<p class=\"has-small-font-size\" style=\"text-transform:uppercase\"><strong>Partnerschaften f\u00fcr Demokratie<\/strong><\/p>\n\n\n\n<p class=\"has-small-font-size\">Zahlreiche Initiativen und engagierte Menschen setzen sich t\u00e4glich f\u00fcr ein vielf\u00e4ltiges, gewaltfreies und demokratisches Miteinander ein. Unterst\u00fctzt wird diese wichtige Arbeit durch das Bundesprogramm.<\/p>\n<\/div>\n\n\n\n<div class=\"wp-block-column is-layout-flow wp-block-column-is-layout-flow\">\n<figure class=\"wp-block-image size-large is-style-default\"><img loading=\"lazy\" decoding=\"async\" width=\"1024\" height=\"561\" src=\"http:\/\/www.linda-neue.de\/sb\/wordpress\/wp-content\/uploads\/2022\/04\/MV_TANZT_KLEIN-1024x561.jpg\" alt=\"\" class=\"wp-image-666\" srcset=\"http:\/\/www.linda-neue.de\/sb\/wordpress\/wp-content\/uploads\/2022\/04\/MV_TANZT_KLEIN-1024x561.jpg 1024w, http:\/\/www.linda-neue.de\/sb\/wordpress\/wp-content\/uploads\/2022\/04\/MV_TANZT_KLEIN-300x164.jpg 300w, http:\/\/www.linda-neue.de\/sb\/wordpress\/wp-content\/uploads\/2022\/04\/MV_TANZT_KLEIN-768x421.jpg 768w, http:\/\/www.linda-neue.de\/sb\/wordpress\/wp-content\/uploads\/2022\/04\/MV_TANZT_KLEIN-1536x842.jpg 1536w, http:\/\/www.linda-neue.de\/sb\/wordpress\/wp-content\/uploads\/2022\/04\/MV_TANZT_KLEIN-2048x1122.jpg 2048w\" sizes=\"auto, (max-width: 1024px) 100vw, 1024px\" \/><\/figure>\n\n\n\n<p class=\"has-text-color\" style=\"color:#5d918b;font-size:16px;text-transform:uppercase\"><strong><a href=\"http:\/\/www.linda-neue.de\/sb\/wordpress\/mv-tanzt-an\/\">MV TANZT AN<\/a><\/strong><\/p>\n\n\n\n<p class=\"has-small-font-size\" style=\"text-transform:uppercase\"><strong>MECKLENBURG VORPOMMERN TANZT AN \u2013 movin`br\u00f6llin<\/strong><\/p>\n\n\n\n<p class=\"has-small-font-size\">\u2026unter diesem Motto initiiert der 2018 gegr\u00fcndete Zusammenschluss von Perform[d]ance, Schloss Br\u00f6llin und dem Theater Vorpommern vielf\u00e4ltige Projekte f\u00fcr Tanzschaffende und Zuschauer*innen aller Altersklassen.<\/p>\n<\/div>\n<\/div>\n\n\n\n<div class=\"wp-block-columns is-layout-flex wp-container-core-columns-is-layout-9d6595d7 wp-block-columns-is-layout-flex\">\n<div class=\"wp-block-column is-layout-flow wp-block-column-is-layout-flow\">\n<figure class=\"wp-block-image size-full is-style-default\"><img loading=\"lazy\" decoding=\"async\" width=\"500\" height=\"274\" src=\"http:\/\/www.linda-neue.de\/sb\/wordpress\/wp-content\/uploads\/2022\/05\/kinder.jpg\" alt=\"\" class=\"wp-image-1004\" srcset=\"http:\/\/www.linda-neue.de\/sb\/wordpress\/wp-content\/uploads\/2022\/05\/kinder.jpg 500w, http:\/\/www.linda-neue.de\/sb\/wordpress\/wp-content\/uploads\/2022\/05\/kinder-300x164.jpg 300w\" sizes=\"auto, (max-width: 500px) 100vw, 500px\" \/><\/figure>\n\n\n\n<p style=\"font-size:16px\"><strong>KUNST MIT KINDERN<\/strong><\/p>\n\n\n\n<p class=\"has-small-font-size\" style=\"text-transform:uppercase\"><strong>Spielen, Malen, EXKURSIONEN  rund um das Thema Kunst<\/strong><\/p>\n\n\n\n<p class=\"has-small-font-size\">Unterschiedliche Projekte richten sich direkt an Kinder. Die Feuerv\u00f6gel finden als Workshops und Ferienwerkst\u00e4tten in Kooperation mit der Jugendfeuerwehr Fahrenwalde statt. Als au\u00dferschulischer Lernort er\u00f6ffnen wir mit Kunst eine spannende Erlebniswelt!<\/p>\n<\/div>\n\n\n\n<div class=\"wp-block-column is-layout-flow wp-block-column-is-layout-flow\">\n<figure class=\"wp-block-image size-full is-style-default\"><img loading=\"lazy\" decoding=\"async\" width=\"500\" height=\"274\" src=\"http:\/\/www.linda-neue.de\/sb\/wordpress\/wp-content\/uploads\/2022\/03\/PVH4226-4.jpg\" alt=\"\" class=\"wp-image-165\" srcset=\"http:\/\/www.linda-neue.de\/sb\/wordpress\/wp-content\/uploads\/2022\/03\/PVH4226-4.jpg 500w, http:\/\/www.linda-neue.de\/sb\/wordpress\/wp-content\/uploads\/2022\/03\/PVH4226-4-300x164.jpg 300w\" sizes=\"auto, (max-width: 500px) 100vw, 500px\" \/><\/figure>\n\n\n\n<p style=\"font-size:16px\"><strong>KUNSTACKER<\/strong><\/p>\n\n\n\n<p class=\"has-small-font-size\" style=\"text-transform:uppercase\"><strong><strong>Bodenlabor f\u00fcr Kunst und Wissenschaft<\/strong><\/strong><\/p>\n\n\n\n<p class=\"has-small-font-size\">Das Projekt KunstAcker des schloss br\u00f6llin e.V. hat in den letzten Jahren \u00fcber die F\u00f6rderung LandKultur des Bundesministeriums f\u00fcr Landwirtschaft und Ern\u00e4hrung einen Experimentier- und Lernort f\u00fcr Boden in Kunst, Kultur und nachhaltiger Bildung geschaffen.<\/p>\n<\/div>\n\n\n\n<div class=\"wp-block-column is-layout-flow wp-block-column-is-layout-flow\">\n<figure class=\"wp-block-image size-full is-style-default\"><img loading=\"lazy\" decoding=\"async\" width=\"500\" height=\"274\" src=\"http:\/\/www.linda-neue.de\/sb\/wordpress\/wp-content\/uploads\/2022\/03\/platzhalter.jpg\" alt=\"\" class=\"wp-image-55\" srcset=\"http:\/\/www.linda-neue.de\/sb\/wordpress\/wp-content\/uploads\/2022\/03\/platzhalter.jpg 500w, http:\/\/www.linda-neue.de\/sb\/wordpress\/wp-content\/uploads\/2022\/03\/platzhalter-300x164.jpg 300w\" sizes=\"auto, (max-width: 500px) 100vw, 500px\" \/><\/figure>\n\n\n\n<p style=\"font-size:16px\"><strong>NEUE AUFTRAGGEBER<\/strong><\/p>\n\n\n\n<p class=\"has-small-font-size\" style=\"text-transform:uppercase\"><strong>Schloss Br\u00f6llin ist \u201eAnkerpunkt\u201c<\/strong><\/p>\n\n\n\n<p class=\"has-small-font-size\">Neue Auftraggeber sind Menschen, die etwas ver\u00e4ndern wollen. Sie beauftragen K\u00fcnstlerinnen und K\u00fcnstler damit, Kunstwerke zu entwickeln, die einem Anliegen in ihrer Stadt oder ihrem Dorf Ausdruck geben. Jeder kann ein Neuer Auftraggeber sein.<\/p>\n<\/div>\n<\/div>\n\n\n\n<div class=\"wp-block-columns is-layout-flex wp-container-core-columns-is-layout-9d6595d7 wp-block-columns-is-layout-flex\">\n<div class=\"wp-block-column is-layout-flow wp-block-column-is-layout-flow\">\n<figure class=\"wp-block-image size-full is-style-default\"><img loading=\"lazy\" decoding=\"async\" width=\"500\" height=\"274\" src=\"http:\/\/www.linda-neue.de\/sb\/wordpress\/wp-content\/uploads\/2022\/05\/Literatur.png\" alt=\"\" class=\"wp-image-1003\" srcset=\"http:\/\/www.linda-neue.de\/sb\/wordpress\/wp-content\/uploads\/2022\/05\/Literatur.png 500w, http:\/\/www.linda-neue.de\/sb\/wordpress\/wp-content\/uploads\/2022\/05\/Literatur-300x164.png 300w\" sizes=\"auto, (max-width: 500px) 100vw, 500px\" \/><\/figure>\n\n\n\n<p class=\"has-text-color\" style=\"color:#5d918b;font-size:16px;text-transform:uppercase\"><strong><a href=\"http:\/\/www.linda-neue.de\/sb\/wordpress\/literatur\/\">LITERATUR<\/a><\/strong><\/p>\n\n\n\n<p class=\"has-small-font-size\" style=\"text-transform:uppercase\"><strong><strong>VON WURZELN UND FL\u00dcGELN \u2013 EINE KLEINE LESEREIHE<\/strong><\/strong><\/p>\n\n\n\n<p class=\"has-small-font-size\">Unsere Lesereihe findet von Mai bis September stets am Sp\u00e4tnachmittag  zur blauen Stunde statt. Die eingeladenen AutorInnen haben alle einen Bezug zu der Region, der sich teilweise auch in ihren Werken wiederfindet. Positionen und Vorstellungen zur Zukunft sind im Fokus des Programms.<\/p>\n<\/div>\n\n\n\n<div class=\"wp-block-column is-layout-flow wp-block-column-is-layout-flow\"><\/div>\n\n\n\n<div class=\"wp-block-column is-layout-flow wp-block-column-is-layout-flow\"><\/div>\n<\/div>\n","protected":false},"excerpt":{"rendered":"<p>PROGRAMME, INITIATIVEN UND GRUPPEN Schloss Br\u00f6llin ist eine Plattform f\u00fcr Kunst- und Kulturschaffende. Unterschiedlichste Projekte und Angebote richten sich an Menschen aus der Region und aller Welt und machen aus unserem Gutshof ein weltoffenes und zukunftsorientiertes Areal, in dem sich alle willkommen f\u00fchlen und ausprobieren k\u00f6nnen. RESIDENZPROGRAMM SCHLOSS BR\u00d6LLIN RESIDENZPROGRAMM Internationale K\u00fcnstlergruppenund K\u00fcnstler*innen k\u00f6nnen sich [&hellip;]<\/p>\n","protected":false},"author":1,"featured_media":0,"parent":0,"menu_order":0,"comment_status":"closed","ping_status":"closed","template":"","meta":{"footnotes":""},"class_list":["post-23","page","type-page","status-publish","hentry"],"_links":{"self":[{"href":"http:\/\/www.linda-neue.de\/sb\/wordpress\/wp-json\/wp\/v2\/pages\/23","targetHints":{"allow":["GET"]}}],"collection":[{"href":"http:\/\/www.linda-neue.de\/sb\/wordpress\/wp-json\/wp\/v2\/pages"}],"about":[{"href":"http:\/\/www.linda-neue.de\/sb\/wordpress\/wp-json\/wp\/v2\/types\/page"}],"author":[{"embeddable":true,"href":"http:\/\/www.linda-neue.de\/sb\/wordpress\/wp-json\/wp\/v2\/users\/1"}],"replies":[{"embeddable":true,"href":"http:\/\/www.linda-neue.de\/sb\/wordpress\/wp-json\/wp\/v2\/comments?post=23"}],"version-history":[{"count":43,"href":"http:\/\/www.linda-neue.de\/sb\/wordpress\/wp-json\/wp\/v2\/pages\/23\/revisions"}],"predecessor-version":[{"id":1219,"href":"http:\/\/www.linda-neue.de\/sb\/wordpress\/wp-json\/wp\/v2\/pages\/23\/revisions\/1219"}],"wp:attachment":[{"href":"http:\/\/www.linda-neue.de\/sb\/wordpress\/wp-json\/wp\/v2\/media?parent=23"}],"curies":[{"name":"wp","href":"https:\/\/api.w.org\/{rel}","templated":true}]}}