{"id":18,"date":"2022-03-11T15:42:42","date_gmt":"2022-03-11T14:42:42","guid":{"rendered":"http:\/\/www.linda-neue.de\/sb\/wordpress\/?page_id=18"},"modified":"2022-05-06T09:51:05","modified_gmt":"2022-05-06T07:51:05","slug":"gaeste","status":"publish","type":"page","link":"http:\/\/www.linda-neue.de\/sb\/wordpress\/gaeste\/","title":{"rendered":"G\u00c4STE"},"content":{"rendered":"\n<p style=\"font-size:30px\"><strong>G\u00c4STEBETRIEB<\/strong><\/p>\n\n\n\n<p>Wir bieten \u00dcbernachtung und Verpflegung, sowie Technik und jede Menge Ruhe f\u00fcr Gruppen aller Art. Bei einem l\u00e4ngeren Aufenthalt k\u00f6nnen auf Anfrage individuelle Angebote zu einem Paketpreis erstellt werden.&nbsp;F\u00fcr Kunstschaffende im Sinne der&nbsp;Vereinssatzung gew\u00e4hren wir Sonderkonditionen.<\/p>\n\n\n\n<div class=\"wp-block-columns is-layout-flex wp-container-core-columns-is-layout-9d6595d7 wp-block-columns-is-layout-flex\">\n<div class=\"wp-block-column is-layout-flow wp-block-column-is-layout-flow\">\n<figure class=\"wp-block-image size-large\"><img loading=\"lazy\" decoding=\"async\" width=\"780\" height=\"1024\" src=\"http:\/\/www.linda-neue.de\/sb\/wordpress\/wp-content\/uploads\/2022\/03\/5VH4230-1-780x1024.jpg\" alt=\"\" class=\"wp-image-342\" srcset=\"http:\/\/www.linda-neue.de\/sb\/wordpress\/wp-content\/uploads\/2022\/03\/5VH4230-1-780x1024.jpg 780w, http:\/\/www.linda-neue.de\/sb\/wordpress\/wp-content\/uploads\/2022\/03\/5VH4230-1-229x300.jpg 229w, http:\/\/www.linda-neue.de\/sb\/wordpress\/wp-content\/uploads\/2022\/03\/5VH4230-1-768x1008.jpg 768w, http:\/\/www.linda-neue.de\/sb\/wordpress\/wp-content\/uploads\/2022\/03\/5VH4230-1.jpg 975w\" sizes=\"auto, (max-width: 780px) 100vw, 780px\" \/><\/figure>\n\n\n\n<p style=\"font-size:14px\"><strong>UNTERK\u00dcNFTE<\/strong><br>f\u00fcr kleine und gro\u00dfe Gruppen<\/p>\n<\/div>\n\n\n\n<div class=\"wp-block-column is-layout-flow wp-block-column-is-layout-flow\">\n<div style=\"height:40px\" aria-hidden=\"true\" class=\"wp-block-spacer\"><\/div>\n\n\n\n<p style=\"font-size:14px\"><strong>G\u00c4STEZIMMER<\/strong><br>in verschiedenen Gr\u00f6\u00dfen und mit unterschiedlicher Ausstattung<\/p>\n\n\n\n<figure class=\"wp-block-image size-large\"><img loading=\"lazy\" decoding=\"async\" width=\"780\" height=\"1024\" src=\"http:\/\/www.linda-neue.de\/sb\/wordpress\/wp-content\/uploads\/2022\/04\/Zimmer-780x1024.jpg\" alt=\"\" class=\"wp-image-543\" srcset=\"http:\/\/www.linda-neue.de\/sb\/wordpress\/wp-content\/uploads\/2022\/04\/Zimmer-780x1024.jpg 780w, http:\/\/www.linda-neue.de\/sb\/wordpress\/wp-content\/uploads\/2022\/04\/Zimmer-229x300.jpg 229w, http:\/\/www.linda-neue.de\/sb\/wordpress\/wp-content\/uploads\/2022\/04\/Zimmer-768x1008.jpg 768w, http:\/\/www.linda-neue.de\/sb\/wordpress\/wp-content\/uploads\/2022\/04\/Zimmer.jpg 975w\" sizes=\"auto, (max-width: 780px) 100vw, 780px\" \/><\/figure>\n<\/div>\n<\/div>\n\n\n\n<div class=\"wp-block-columns is-layout-flex wp-container-core-columns-is-layout-9d6595d7 wp-block-columns-is-layout-flex\">\n<div class=\"wp-block-column is-layout-flow wp-block-column-is-layout-flow\">\n<figure class=\"wp-block-image size-large\"><img loading=\"lazy\" decoding=\"async\" width=\"781\" height=\"1024\" src=\"http:\/\/www.linda-neue.de\/sb\/wordpress\/wp-content\/uploads\/2022\/03\/5VH8993-1-781x1024.jpg\" alt=\"\" class=\"wp-image-345\" srcset=\"http:\/\/www.linda-neue.de\/sb\/wordpress\/wp-content\/uploads\/2022\/03\/5VH8993-1-781x1024.jpg 781w, http:\/\/www.linda-neue.de\/sb\/wordpress\/wp-content\/uploads\/2022\/03\/5VH8993-1-229x300.jpg 229w, http:\/\/www.linda-neue.de\/sb\/wordpress\/wp-content\/uploads\/2022\/03\/5VH8993-1-768x1007.jpg 768w, http:\/\/www.linda-neue.de\/sb\/wordpress\/wp-content\/uploads\/2022\/03\/5VH8993-1.jpg 976w\" sizes=\"auto, (max-width: 781px) 100vw, 781px\" \/><\/figure>\n\n\n\n<p style=\"font-size:14px\"><strong><strong>ARBEITSR\u00c4UME<\/strong><br><\/strong>technisch ausgestattet nach Wunsch<\/p>\n<\/div>\n\n\n\n<div class=\"wp-block-column is-layout-flow wp-block-column-is-layout-flow\">\n<div style=\"height:40px\" aria-hidden=\"true\" class=\"wp-block-spacer\"><\/div>\n\n\n\n<p style=\"font-size:14px\"><strong>K\u00fcche<\/strong><br>zur Selbstnutzung oder mit Catering<\/p>\n\n\n\n<figure class=\"wp-block-image size-large\"><img loading=\"lazy\" decoding=\"async\" width=\"780\" height=\"1024\" src=\"http:\/\/www.linda-neue.de\/sb\/wordpress\/wp-content\/uploads\/2022\/04\/Ku\u0308che-780x1024.jpg\" alt=\"\" class=\"wp-image-542\" srcset=\"http:\/\/www.linda-neue.de\/sb\/wordpress\/wp-content\/uploads\/2022\/04\/Ku\u0308che-780x1024.jpg 780w, http:\/\/www.linda-neue.de\/sb\/wordpress\/wp-content\/uploads\/2022\/04\/Ku\u0308che-229x300.jpg 229w, http:\/\/www.linda-neue.de\/sb\/wordpress\/wp-content\/uploads\/2022\/04\/Ku\u0308che-768x1008.jpg 768w, http:\/\/www.linda-neue.de\/sb\/wordpress\/wp-content\/uploads\/2022\/04\/Ku\u0308che.jpg 975w\" sizes=\"auto, (max-width: 780px) 100vw, 780px\" \/><\/figure>\n<\/div>\n<\/div>\n\n\n\n<div class=\"wp-block-columns is-layout-flex wp-container-core-columns-is-layout-9d6595d7 wp-block-columns-is-layout-flex\">\n<div class=\"wp-block-column is-layout-flow wp-block-column-is-layout-flow\">\n<figure class=\"wp-block-image size-large\"><img loading=\"lazy\" decoding=\"async\" width=\"781\" height=\"1024\" src=\"http:\/\/www.linda-neue.de\/sb\/wordpress\/wp-content\/uploads\/2022\/03\/event-781x1024.jpg\" alt=\"\" class=\"wp-image-73\" srcset=\"http:\/\/www.linda-neue.de\/sb\/wordpress\/wp-content\/uploads\/2022\/03\/event-781x1024.jpg 781w, http:\/\/www.linda-neue.de\/sb\/wordpress\/wp-content\/uploads\/2022\/03\/event-229x300.jpg 229w, http:\/\/www.linda-neue.de\/sb\/wordpress\/wp-content\/uploads\/2022\/03\/event-768x1007.jpg 768w, http:\/\/www.linda-neue.de\/sb\/wordpress\/wp-content\/uploads\/2022\/03\/event-1171x1536.jpg 1171w, http:\/\/www.linda-neue.de\/sb\/wordpress\/wp-content\/uploads\/2022\/03\/event.jpg 1271w\" sizes=\"auto, (max-width: 781px) 100vw, 781px\" \/><\/figure>\n\n\n\n<p style=\"font-size:14px\"><strong>EVENT<\/strong><br>Unterschiedliche R\u00e4ume f\u00fcr alle Arten von Veranstaltungen<\/p>\n<\/div>\n\n\n\n<div class=\"wp-block-column is-layout-flow wp-block-column-is-layout-flow\">\n<div style=\"height:100px\" aria-hidden=\"true\" class=\"wp-block-spacer\"><\/div>\n\n\n\n<p style=\"font-size:14px\"><strong><strong>CAMPING<\/strong><\/strong><br>mit Zelt oder Bulli direkt auf dem Gel\u00e4nde und Nutzung der Sanit\u00e4reinrich<\/p>\n\n\n\n<figure class=\"wp-block-image size-large is-style-default\"><img loading=\"lazy\" decoding=\"async\" width=\"780\" height=\"1024\" src=\"http:\/\/www.linda-neue.de\/sb\/wordpress\/wp-content\/uploads\/2022\/03\/camping-780x1024.jpg\" alt=\"\" class=\"wp-image-74\" srcset=\"http:\/\/www.linda-neue.de\/sb\/wordpress\/wp-content\/uploads\/2022\/03\/camping-780x1024.jpg 780w, http:\/\/www.linda-neue.de\/sb\/wordpress\/wp-content\/uploads\/2022\/03\/camping-229x300.jpg 229w, http:\/\/www.linda-neue.de\/sb\/wordpress\/wp-content\/uploads\/2022\/03\/camping-768x1008.jpg 768w, http:\/\/www.linda-neue.de\/sb\/wordpress\/wp-content\/uploads\/2022\/03\/camping-1170x1536.jpg 1170w, http:\/\/www.linda-neue.de\/sb\/wordpress\/wp-content\/uploads\/2022\/03\/camping-1561x2048.jpg 1561w, http:\/\/www.linda-neue.de\/sb\/wordpress\/wp-content\/uploads\/2022\/03\/camping-scaled.jpg 1951w\" sizes=\"auto, (max-width: 780px) 100vw, 780px\" \/><figcaption><sup>Foto: Alireza Shojaei\/unsplash<\/sup><\/figcaption><\/figure>\n<\/div>\n<\/div>\n\n\n\n<p class=\"has-text-align-center\"><a class=\"maxbutton-10 maxbutton maxbutton-zuruck-zur-ubersicht\" title=\"ZUR\u00dcCK ZUR \u00dcBERSICHT\" href=\"http:\/\/www.linda-neue.de\/sb\/wordpress\/ort\/\"><span class='mb-text'>ZUR\u00dcCK ZUR \u00dcBERSICHT<\/span><\/a><\/p>\n\n\n\n<p><\/p>\n","protected":false},"excerpt":{"rendered":"<p>G\u00c4STEBETRIEB Wir bieten \u00dcbernachtung und Verpflegung, sowie Technik und jede Menge Ruhe f\u00fcr Gruppen aller Art. Bei einem l\u00e4ngeren Aufenthalt k\u00f6nnen auf Anfrage individuelle Angebote zu einem Paketpreis erstellt werden.&nbsp;F\u00fcr Kunstschaffende im Sinne der&nbsp;Vereinssatzung gew\u00e4hren wir Sonderkonditionen. UNTERK\u00dcNFTEf\u00fcr kleine und gro\u00dfe Gruppen G\u00c4STEZIMMERin verschiedenen Gr\u00f6\u00dfen und mit unterschiedlicher Ausstattung ARBEITSR\u00c4UMEtechnisch ausgestattet nach Wunsch K\u00fcchezur Selbstnutzung [&hellip;]<\/p>\n","protected":false},"author":1,"featured_media":0,"parent":0,"menu_order":0,"comment_status":"closed","ping_status":"closed","template":"","meta":{"footnotes":""},"class_list":["post-18","page","type-page","status-publish","hentry"],"_links":{"self":[{"href":"http:\/\/www.linda-neue.de\/sb\/wordpress\/wp-json\/wp\/v2\/pages\/18","targetHints":{"allow":["GET"]}}],"collection":[{"href":"http:\/\/www.linda-neue.de\/sb\/wordpress\/wp-json\/wp\/v2\/pages"}],"about":[{"href":"http:\/\/www.linda-neue.de\/sb\/wordpress\/wp-json\/wp\/v2\/types\/page"}],"author":[{"embeddable":true,"href":"http:\/\/www.linda-neue.de\/sb\/wordpress\/wp-json\/wp\/v2\/users\/1"}],"replies":[{"embeddable":true,"href":"http:\/\/www.linda-neue.de\/sb\/wordpress\/wp-json\/wp\/v2\/comments?post=18"}],"version-history":[{"count":9,"href":"http:\/\/www.linda-neue.de\/sb\/wordpress\/wp-json\/wp\/v2\/pages\/18\/revisions"}],"predecessor-version":[{"id":1071,"href":"http:\/\/www.linda-neue.de\/sb\/wordpress\/wp-json\/wp\/v2\/pages\/18\/revisions\/1071"}],"wp:attachment":[{"href":"http:\/\/www.linda-neue.de\/sb\/wordpress\/wp-json\/wp\/v2\/media?parent=18"}],"curies":[{"name":"wp","href":"https:\/\/api.w.org\/{rel}","templated":true}]}}