{"id":168,"date":"2022-03-12T16:14:21","date_gmt":"2022-03-12T15:14:21","guid":{"rendered":"http:\/\/www.linda-neue.de\/sb\/wordpress\/?page_id=168"},"modified":"2022-05-06T09:53:43","modified_gmt":"2022-05-06T07:53:43","slug":"demokratie-leben","status":"publish","type":"page","link":"http:\/\/www.linda-neue.de\/sb\/wordpress\/demokratie-leben\/","title":{"rendered":"DEMOKRATIE LEBEN"},"content":{"rendered":"\n<p style=\"font-size:30px;text-transform:uppercase\"><strong>DEMOKRATIE LEBEN!<\/strong><\/p>\n\n\n\n<p>Als Partnerschaften f\u00fcr Demokratie setzen sich zahlreiche Initiativen f\u00fcr ein vielf\u00e4ltiges, gewaltfreies und demokratisches Miteinander ein. F\u00fcr die Stadt Pasewalk mit dem Amt Uecker-Randow-Tal unterst\u00fctzt Sie dabei die auf Schloss Br\u00f6llin ans\u00e4ssige Koordinierungs- und Fachstelle.<\/p>\n\n\n\n<figure class=\"wp-block-image size-full is-style-default\"><img loading=\"lazy\" decoding=\"async\" width=\"1000\" height=\"667\" src=\"http:\/\/www.linda-neue.de\/sb\/wordpress\/wp-content\/uploads\/2022\/04\/DL_1000.jpg\" alt=\"\" class=\"wp-image-642\" srcset=\"http:\/\/www.linda-neue.de\/sb\/wordpress\/wp-content\/uploads\/2022\/04\/DL_1000.jpg 1000w, http:\/\/www.linda-neue.de\/sb\/wordpress\/wp-content\/uploads\/2022\/04\/DL_1000-300x200.jpg 300w, http:\/\/www.linda-neue.de\/sb\/wordpress\/wp-content\/uploads\/2022\/04\/DL_1000-768x512.jpg 768w\" sizes=\"auto, (max-width: 1000px) 100vw, 1000px\" \/><figcaption><sup>Foto: Peter van Heesen<\/sup><\/figcaption><\/figure>\n\n\n\n<p style=\"font-size:16px\"><strong>Ihre lokale Partnerschaft f\u00fcr Demokratie<\/strong><br>Der Stadt Pasewalk mit dem Amtsbereich Uecker-Randow-Tal stehen Mittel f\u00fcr einen Aktions- und Initiativfonds zur Verf\u00fcgung, aus dem konkrete Einzelma\u00dfnahmen zur F\u00f6rderung von Demokratie und Vielfalt finanziert werden k\u00f6nnen. Hierbei kann es sich beispielsweise um einen Workshop, eine Plakataktion oder Filmvorf\u00fchrung, ein Feriencamp oder auch um Lehr- und Informationsmaterialien handeln.<br><br>\u00dcber die zu verwirklichenden Einzelma\u00dfnahmen entscheidet ein Begleitausschuss, der als \u00dcber die zu verwirklichenden Einzelma\u00dfnahmen entscheidet ein Begleitausschuss, der als strategisch handelndes, zentrales Gremium fungiert. Die Koordinierungs- und Fachstelle ist f\u00fcr die Steuerung der Umsetzung der lokalen \u201ePartnerschaft f\u00fcr Demokratie\u201c zust\u00e4ndig, ist Ansprechpartner und ber\u00e4t alle Interessierten.<\/p>\n\n\n\n<p style=\"font-size:16px\"><strong>Projekte realisieren!<\/strong><br>Sie haben eine Idee? Wir beraten, unterst\u00fctzen und begleiten Sie gerne dabei!<\/p>\n\n\n\n<p style=\"font-size:16px\">Alle B\u00fcrgerinnen und B\u00fcrger, Jugendliche und Erwachsene, denen die Stadt Pasewalk mit dem Amtsbereich Uecker-Randow-Tal am Herzen liegt, k\u00f6nnen ihre Ideen einbringen und gemeinsam mit anderen verwirklichen.<\/p>\n\n\n\n<p style=\"font-size:16px\"><em>Amt Uecker-Randow-Tal: Brietzig, Fahrenwalde, Gro\u00df Luckow, Jatznick, Koblentz, Krugsdorf, Nieden, Papendorf, Polzow, Rollwitz, Sch\u00f6nwalde, Viereck und Zerrenthin<\/em><\/p>\n\n\n\n<p style=\"font-size:16px\">Gef\u00f6rdert werden Initiativen, Veranstaltungen und Aktionen, die ein Zeichen f\u00fcr Toleranz und Verst\u00e4ndigung setzen. Antr\u00e4ge mit einer F\u00f6rdersumme bis zu 500 Euro k\u00f6nnen laufend gestellt werden. Die Abstimmungen f\u00fcr Antr\u00e4ge bis 3.000 Euro finden alle zwei bis drei Monate in den Begleitausschuss-Sitzungen statt.<\/p>\n\n\n\n<p style=\"font-size:16px\">Wollen Sie mehr \u00fcber das Programm wissen?<br>Haben Sie Interesse mitzuwirken?<br>Brauchen Sie Hilfe bei der Ideenformulierung oder der Antragstellung?<\/p>\n\n\n\n<p style=\"font-size:16px\"><strong>Weiterf\u00fchrende Informationen finden Sie hier:<\/strong><br>Zum Bundesprogramm: <a href=\"http:\/\/www.demokratie-leben.de\">www.demokratie-<\/a><a rel=\"noreferrer noopener\" href=\"http:\/\/www.demokratie-leben.de\" target=\"_blank\">leben<\/a><a href=\"http:\/\/www.demokratie-leben.de\">.de<\/a><br>Zur lokalen Partnerschaft f\u00fcr Demokratie: <a rel=\"noreferrer noopener\" href=\"http:\/\/www.demokratieleben-fuerpw.de\" target=\"_blank\">www.demokratieleben-fuerpw.de<\/a><br>\u00dcbersicht \u00fcber weitere Kontaktstellen im Landkreis Vorpommern-Greifswald: <br><a rel=\"noreferrer noopener\" href=\"https:\/\/demokratie-vg.de\" target=\"_blank\">www.demokratie-vg.de<\/a><\/p>\n\n\n\n<p style=\"font-size:16px\"><strong>Sprechen Sie uns an:<\/strong><br>Demokratie leben! Partnerschaften f\u00fcr Demokratie<br>Koordinierungs- und Fachstelle Stadt Pasewalk mit dem Amt Uecker-Randow-Tal<br>schloss br\u00f6llin e.V.<br>17309 Fahrenwalde, OT Broellin 3<br>Katharina Husemann, Tel. 039747 5650 22<br>E-Mail: <a href=\"mailto:demokratie-leben@broellin.de\">demokratie-leben@broellin.de<\/a><\/p>\n\n\n\n<p style=\"font-size:16px\">Ein Projekt der Stadt Pasewalk, gef\u00f6rdert durch das Bundesprogramm \u201eDemokratie leben!\u201c vom Bundesministerium f\u00fcr Familie, Senioren, Frauen und Jugend.<\/p>\n\n\n\n<div class=\"wp-block-columns is-layout-flex wp-container-core-columns-is-layout-9d6595d7 wp-block-columns-is-layout-flex\">\n<div class=\"wp-block-column is-layout-flow wp-block-column-is-layout-flow\">\n<figure class=\"wp-block-image size-large is-resized is-style-default\"><img loading=\"lazy\" decoding=\"async\" src=\"http:\/\/www.linda-neue.de\/sb\/wordpress\/wp-content\/uploads\/2022\/04\/BMFSFJ_DL_mitFoerderzusatz-1024x347.png\" alt=\"\" class=\"wp-image-648\" width=\"512\" height=\"174\" srcset=\"http:\/\/www.linda-neue.de\/sb\/wordpress\/wp-content\/uploads\/2022\/04\/BMFSFJ_DL_mitFoerderzusatz-1024x347.png 1024w, http:\/\/www.linda-neue.de\/sb\/wordpress\/wp-content\/uploads\/2022\/04\/BMFSFJ_DL_mitFoerderzusatz-300x102.png 300w, http:\/\/www.linda-neue.de\/sb\/wordpress\/wp-content\/uploads\/2022\/04\/BMFSFJ_DL_mitFoerderzusatz-768x260.png 768w, http:\/\/www.linda-neue.de\/sb\/wordpress\/wp-content\/uploads\/2022\/04\/BMFSFJ_DL_mitFoerderzusatz-1536x520.png 1536w, http:\/\/www.linda-neue.de\/sb\/wordpress\/wp-content\/uploads\/2022\/04\/BMFSFJ_DL_mitFoerderzusatz.png 1677w\" sizes=\"auto, (max-width: 512px) 100vw, 512px\" \/><\/figure>\n<\/div>\n<\/div>\n\n\n\n<figure class=\"wp-block-image size-thumbnail is-style-default\"><img loading=\"lazy\" decoding=\"async\" width=\"150\" height=\"150\" src=\"http:\/\/www.linda-neue.de\/sb\/wordpress\/wp-content\/uploads\/2022\/04\/StadtPasewalk-freigestellt-150x150.png\" alt=\"\" class=\"wp-image-650\"\/><\/figure>\n\n\n\n<p class=\"has-text-align-center\"><a class=\"maxbutton-11 maxbutton maxbutton-zuruck-zur-ubersicht\" title=\"ZUR\u00dcCK ZUR \u00dcBERSICHT\" href=\"http:\/\/www.linda-neue.de\/sb\/wordpress\/projekte\/\"><span class='mb-text'>ZUR\u00dcCK ZUR \u00dcBERSICHT<\/span><\/a><\/p>\n\n\n\n<p><\/p>\n","protected":false},"excerpt":{"rendered":"<p>DEMOKRATIE LEBEN! Als Partnerschaften f\u00fcr Demokratie setzen sich zahlreiche Initiativen f\u00fcr ein vielf\u00e4ltiges, gewaltfreies und demokratisches Miteinander ein. F\u00fcr die Stadt Pasewalk mit dem Amt Uecker-Randow-Tal unterst\u00fctzt Sie dabei die auf Schloss Br\u00f6llin ans\u00e4ssige Koordinierungs- und Fachstelle. Ihre lokale Partnerschaft f\u00fcr DemokratieDer Stadt Pasewalk mit dem Amtsbereich Uecker-Randow-Tal stehen Mittel f\u00fcr einen Aktions- und Initiativfonds [&hellip;]<\/p>\n","protected":false},"author":1,"featured_media":0,"parent":0,"menu_order":0,"comment_status":"closed","ping_status":"closed","template":"","meta":{"footnotes":""},"class_list":["post-168","page","type-page","status-publish","hentry"],"_links":{"self":[{"href":"http:\/\/www.linda-neue.de\/sb\/wordpress\/wp-json\/wp\/v2\/pages\/168","targetHints":{"allow":["GET"]}}],"collection":[{"href":"http:\/\/www.linda-neue.de\/sb\/wordpress\/wp-json\/wp\/v2\/pages"}],"about":[{"href":"http:\/\/www.linda-neue.de\/sb\/wordpress\/wp-json\/wp\/v2\/types\/page"}],"author":[{"embeddable":true,"href":"http:\/\/www.linda-neue.de\/sb\/wordpress\/wp-json\/wp\/v2\/users\/1"}],"replies":[{"embeddable":true,"href":"http:\/\/www.linda-neue.de\/sb\/wordpress\/wp-json\/wp\/v2\/comments?post=168"}],"version-history":[{"count":7,"href":"http:\/\/www.linda-neue.de\/sb\/wordpress\/wp-json\/wp\/v2\/pages\/168\/revisions"}],"predecessor-version":[{"id":1075,"href":"http:\/\/www.linda-neue.de\/sb\/wordpress\/wp-json\/wp\/v2\/pages\/168\/revisions\/1075"}],"wp:attachment":[{"href":"http:\/\/www.linda-neue.de\/sb\/wordpress\/wp-json\/wp\/v2\/media?parent=168"}],"curies":[{"name":"wp","href":"https:\/\/api.w.org\/{rel}","templated":true}]}}