{"id":16,"date":"2022-03-11T15:42:30","date_gmt":"2022-03-11T14:42:30","guid":{"rendered":"http:\/\/www.linda-neue.de\/sb\/wordpress\/?page_id=16"},"modified":"2022-05-12T14:30:16","modified_gmt":"2022-05-12T12:30:16","slug":"verein","status":"publish","type":"page","link":"http:\/\/www.linda-neue.de\/sb\/wordpress\/verein\/","title":{"rendered":"VEREIN"},"content":{"rendered":"\n<p style=\"font-size:30px\"><strong>DER VEREIN<\/strong><\/p>\n\n\n\n<figure class=\"wp-block-image size-large is-style-default\"><img loading=\"lazy\" decoding=\"async\" width=\"1024\" height=\"683\" src=\"http:\/\/www.linda-neue.de\/sb\/wordpress\/wp-content\/uploads\/2022\/03\/jon-tyson-xQhTc798gXM-unsplash-1024x683.jpg\" alt=\"\" class=\"wp-image-64\" srcset=\"http:\/\/www.linda-neue.de\/sb\/wordpress\/wp-content\/uploads\/2022\/03\/jon-tyson-xQhTc798gXM-unsplash-1024x683.jpg 1024w, http:\/\/www.linda-neue.de\/sb\/wordpress\/wp-content\/uploads\/2022\/03\/jon-tyson-xQhTc798gXM-unsplash-300x200.jpg 300w, http:\/\/www.linda-neue.de\/sb\/wordpress\/wp-content\/uploads\/2022\/03\/jon-tyson-xQhTc798gXM-unsplash-768x512.jpg 768w, http:\/\/www.linda-neue.de\/sb\/wordpress\/wp-content\/uploads\/2022\/03\/jon-tyson-xQhTc798gXM-unsplash-1536x1024.jpg 1536w, http:\/\/www.linda-neue.de\/sb\/wordpress\/wp-content\/uploads\/2022\/03\/jon-tyson-xQhTc798gXM-unsplash-2048x1365.jpg 2048w\" sizes=\"auto, (max-width: 1024px) 100vw, 1024px\" \/><figcaption><sup>Foto: Jon Tyson\/unsplash<\/sup><\/figcaption><\/figure>\n\n\n\n<div class=\"wp-block-image is-style-default\"><figure class=\"alignleft size-full is-resized\"><a href=\"http:\/\/www.linda-neue.de\/media\/Mitgliedsantrag.pdf\" target=\"_blank\" rel=\"noopener\"><img loading=\"lazy\" decoding=\"async\" src=\"http:\/\/www.linda-neue.de\/sb\/wordpress\/wp-content\/uploads\/2022\/04\/Button_Mitglied.png\" alt=\"\" class=\"wp-image-518\" width=\"159\" height=\"159\" srcset=\"http:\/\/www.linda-neue.de\/sb\/wordpress\/wp-content\/uploads\/2022\/04\/Button_Mitglied.png 635w, http:\/\/www.linda-neue.de\/sb\/wordpress\/wp-content\/uploads\/2022\/04\/Button_Mitglied-300x300.png 300w, http:\/\/www.linda-neue.de\/sb\/wordpress\/wp-content\/uploads\/2022\/04\/Button_Mitglied-150x150.png 150w\" sizes=\"auto, (max-width: 159px) 100vw, 159px\" \/><\/a><\/figure><\/div>\n\n\n\n<p>schloss br\u00f6llin e.V. wurde 1992 von kreativen K\u00f6pfen und engagierten Menschen gegr\u00fcndet. Im Jahr 2000 erwarb der Verein das Grundst\u00fcck mit einer Fl\u00e4che von 53.000 m<sup>2<\/sup> und bietet heute eine Vielzahl von Innen- und Au\u00dfenprobenr\u00e4ume, mehrere Konferenz- und Seminarr\u00e4ume sowie Optionen f\u00fcr die Unterbringung.<\/p>\n\n\n\n<p><strong>Aufgaben und Ziele<\/strong><br>Der Tr\u00e4gerverein setzt sich aktiv f\u00fcr die Kunstproduktion, die regionale Vernetzung, die kulturelle Jugendarbeit, das Mitwirken in der nationalen und internationalen Kulturszene sowie den Erhalt der historischen Geb\u00e4ude ein.<\/p>\n\n\n\n<p>\u00dcber 500 Tanz-, Theater- und Performanceprojekte wurden auf Schloss Br\u00f6llin produziert die regional, bundesweit und international zur Auff\u00fchrung kamen. Residenz- und Kooperationsprogramme des Vereins f\u00f6rdern j\u00e4hrlich mehrere Gruppen auf vielf\u00e4ltige Weise.<\/p>\n\n\n\n<p><strong>Mitglieder<\/strong><br>Der Verein hat im 30. Jahr seiner Gr\u00fcndung 171 Mitglieder, davon ist die H\u00e4lfte in der Region ans\u00e4ssig. Die Entscheidungsgremien sind die Mitgliederversammlung und der Vorstand, der \u00fcber die Projekte des Vereins entscheidet. Ein k\u00fcnstlerischer Beirat steht dem Vorstand beratend zur Seite. Der Gesch\u00e4ftsf\u00fchrung mit ihren Mitarbeitern in den Arbeitsbereichen Kultur, Jugend, Verwaltung, Bau, Unterbringung und G\u00e4stebetreuung wird gr\u00f6\u00dftm\u00f6gliche Entscheidungsfreiheit einger\u00e4umt.Ein Gro\u00dfteil der Arbeit wird weiterhin von aktiven Mitgliedern, Freiwilligen und ehrenamtlich arbeitenden Personen geleistet.<\/p>\n\n\n\n<p>Der\u00a0schloss br\u00f6llin e.V. braucht Unterst\u00fctzung! <strong><a rel=\"noreferrer noopener\" href=\"http:\/\/www.linda-neue.de\/media\/Mitgliedsantrag.pdf\" target=\"_blank\">Mitglied werden<\/a><\/strong> aktiv oder f\u00f6rdernd! Hier finden Sie unsere <strong><a rel=\"noreferrer noopener\" href=\"https:\/\/broellin.de\/images\/documents\/Satzung-20052017-.pdf\" target=\"_blank\">Satzung<\/a><\/strong>.<\/p>\n\n\n\n<p><strong>Vorstand<\/strong>:&nbsp;Katharina Husemann (Vorsitzende), Wibke Janssen, Joachim Mohr<\/p>\n\n\n\n<p><\/p>\n","protected":false},"excerpt":{"rendered":"<p>DER VEREIN schloss br\u00f6llin e.V. wurde 1992 von kreativen K\u00f6pfen und engagierten Menschen gegr\u00fcndet. Im Jahr 2000 erwarb der Verein das Grundst\u00fcck mit einer Fl\u00e4che von 53.000 m2 und bietet heute eine Vielzahl von Innen- und Au\u00dfenprobenr\u00e4ume, mehrere Konferenz- und Seminarr\u00e4ume sowie Optionen f\u00fcr die Unterbringung. Aufgaben und ZieleDer Tr\u00e4gerverein setzt sich aktiv f\u00fcr die [&hellip;]<\/p>\n","protected":false},"author":1,"featured_media":0,"parent":0,"menu_order":0,"comment_status":"closed","ping_status":"closed","template":"","meta":{"footnotes":""},"class_list":["post-16","page","type-page","status-publish","hentry"],"_links":{"self":[{"href":"http:\/\/www.linda-neue.de\/sb\/wordpress\/wp-json\/wp\/v2\/pages\/16","targetHints":{"allow":["GET"]}}],"collection":[{"href":"http:\/\/www.linda-neue.de\/sb\/wordpress\/wp-json\/wp\/v2\/pages"}],"about":[{"href":"http:\/\/www.linda-neue.de\/sb\/wordpress\/wp-json\/wp\/v2\/types\/page"}],"author":[{"embeddable":true,"href":"http:\/\/www.linda-neue.de\/sb\/wordpress\/wp-json\/wp\/v2\/users\/1"}],"replies":[{"embeddable":true,"href":"http:\/\/www.linda-neue.de\/sb\/wordpress\/wp-json\/wp\/v2\/comments?post=16"}],"version-history":[{"count":20,"href":"http:\/\/www.linda-neue.de\/sb\/wordpress\/wp-json\/wp\/v2\/pages\/16\/revisions"}],"predecessor-version":[{"id":1198,"href":"http:\/\/www.linda-neue.de\/sb\/wordpress\/wp-json\/wp\/v2\/pages\/16\/revisions\/1198"}],"wp:attachment":[{"href":"http:\/\/www.linda-neue.de\/sb\/wordpress\/wp-json\/wp\/v2\/media?parent=16"}],"curies":[{"name":"wp","href":"https:\/\/api.w.org\/{rel}","templated":true}]}}