{"id":1203,"date":"2022-05-12T14:50:28","date_gmt":"2022-05-12T12:50:28","guid":{"rendered":"http:\/\/www.linda-neue.de\/sb\/wordpress\/?page_id=1203"},"modified":"2022-05-12T14:54:30","modified_gmt":"2022-05-12T12:54:30","slug":"30-jahre","status":"publish","type":"page","link":"http:\/\/www.linda-neue.de\/sb\/wordpress\/30-jahre\/","title":{"rendered":"30 JAHRE"},"content":{"rendered":"\n<figure class=\"wp-block-image alignwide size-large\"><img loading=\"lazy\" decoding=\"async\" width=\"1024\" height=\"446\" src=\"http:\/\/www.linda-neue.de\/sb\/wordpress\/wp-content\/uploads\/2022\/05\/GEgENwart-1-1024x446.png\" alt=\"\" class=\"wp-image-1208\" srcset=\"http:\/\/www.linda-neue.de\/sb\/wordpress\/wp-content\/uploads\/2022\/05\/GEgENwart-1-1024x446.png 1024w, http:\/\/www.linda-neue.de\/sb\/wordpress\/wp-content\/uploads\/2022\/05\/GEgENwart-1-300x131.png 300w, http:\/\/www.linda-neue.de\/sb\/wordpress\/wp-content\/uploads\/2022\/05\/GEgENwart-1-768x335.png 768w, http:\/\/www.linda-neue.de\/sb\/wordpress\/wp-content\/uploads\/2022\/05\/GEgENwart-1-1536x669.png 1536w, http:\/\/www.linda-neue.de\/sb\/wordpress\/wp-content\/uploads\/2022\/05\/GEgENwart-1-2048x892.png 2048w\" sizes=\"auto, (max-width: 1024px) 100vw, 1024px\" \/><\/figure>\n\n\n\n<p>Vom 21.-24. Juli 2022 laden der schloss br\u00f6llin e.V. zusammen mit dem Projekt RegioActive ein auf den denkmalgesch\u00fctzen Gutshofs zu einem Programm mit <strong>Theater<\/strong>, <strong>Musik<\/strong>, <strong>Zirkus<\/strong>, <strong>Tanz<\/strong>, <strong>Film<\/strong>, <strong>Ausstellung<\/strong>, <strong>Installationen<\/strong>, einem <strong>skurrilen Jahrmarkt<\/strong>, einem <strong>Trecker Konzert<\/strong>, <strong>M\u00e4rchenerz\u00e4hlen<\/strong> und vielem mehr\u2026 <\/p>\n\n\n\n<p>Das Gel\u00e4nde verwandelt sich in einen magischen Ort und \u00f6ffnet den Raum f\u00fcr au\u00dfergew\u00f6hnliche Erlebnisse und inspirierenden Austausch. <\/p>\n\n\n\n<p><strong>Eingeladen sind alle Freundinnen und Freunde des Vereins und G\u00e4ste aus nah und fern an diesem Wochenende ganz normalen Wahnsinn zu feiern.<\/strong><\/p>\n\n\n\n<div style=\"height:15px\" aria-hidden=\"true\" class=\"wp-block-spacer\"><\/div>\n\n\n\n<p class=\"has-text-align-center\"><strong><a class=\"maxbutton-16 maxbutton maxbutton-start\" title=\"ZUR\u00dcCK\" href=\"http:\/\/www.linda-neue.de\/sb\/wordpress\/\"><span class='mb-text'>ZUR\u00dcCK<\/span><\/a><\/strong><\/p>\n\n\n\n<p><\/p>\n","protected":false},"excerpt":{"rendered":"<p>Vom 21.-24. Juli 2022 laden der schloss br\u00f6llin e.V. zusammen mit dem Projekt RegioActive ein auf den denkmalgesch\u00fctzen Gutshofs zu einem Programm mit Theater, Musik, Zirkus, Tanz, Film, Ausstellung, Installationen, einem skurrilen Jahrmarkt, einem Trecker Konzert, M\u00e4rchenerz\u00e4hlen und vielem mehr\u2026 Das Gel\u00e4nde verwandelt sich in einen magischen Ort und \u00f6ffnet den Raum f\u00fcr au\u00dfergew\u00f6hnliche Erlebnisse [&hellip;]<\/p>\n","protected":false},"author":1,"featured_media":0,"parent":0,"menu_order":0,"comment_status":"closed","ping_status":"closed","template":"","meta":{"footnotes":""},"class_list":["post-1203","page","type-page","status-publish","hentry"],"_links":{"self":[{"href":"http:\/\/www.linda-neue.de\/sb\/wordpress\/wp-json\/wp\/v2\/pages\/1203","targetHints":{"allow":["GET"]}}],"collection":[{"href":"http:\/\/www.linda-neue.de\/sb\/wordpress\/wp-json\/wp\/v2\/pages"}],"about":[{"href":"http:\/\/www.linda-neue.de\/sb\/wordpress\/wp-json\/wp\/v2\/types\/page"}],"author":[{"embeddable":true,"href":"http:\/\/www.linda-neue.de\/sb\/wordpress\/wp-json\/wp\/v2\/users\/1"}],"replies":[{"embeddable":true,"href":"http:\/\/www.linda-neue.de\/sb\/wordpress\/wp-json\/wp\/v2\/comments?post=1203"}],"version-history":[{"count":4,"href":"http:\/\/www.linda-neue.de\/sb\/wordpress\/wp-json\/wp\/v2\/pages\/1203\/revisions"}],"predecessor-version":[{"id":1210,"href":"http:\/\/www.linda-neue.de\/sb\/wordpress\/wp-json\/wp\/v2\/pages\/1203\/revisions\/1210"}],"wp:attachment":[{"href":"http:\/\/www.linda-neue.de\/sb\/wordpress\/wp-json\/wp\/v2\/media?parent=1203"}],"curies":[{"name":"wp","href":"https:\/\/api.w.org\/{rel}","templated":true}]}}