{"id":1081,"date":"2022-05-06T09:58:55","date_gmt":"2022-05-06T07:58:55","guid":{"rendered":"http:\/\/www.linda-neue.de\/sb\/wordpress\/?page_id=1081"},"modified":"2022-05-06T10:13:53","modified_gmt":"2022-05-06T08:13:53","slug":"regioactive","status":"publish","type":"page","link":"http:\/\/www.linda-neue.de\/sb\/wordpress\/regioactive\/","title":{"rendered":"REGIOACTIVE"},"content":{"rendered":"\n<p style=\"font-size:30px\"><strong>REGIOACTIVE<\/strong><\/p>\n\n\n\n<p>RegioActive ist mehr als ein Projekt &#8211; es ist eine Gemeinschaft \u00fcber Grenzen hinweg. Wir teilen nicht nach L\u00e4ndern auf, sondern suchen nach Ankn\u00fcpfungspunkten f\u00fcr Gemeinden, K\u00fcnstler, Animateure, lokale Gruppen und jeden, der mitmachen m\u00f6chte. Kunst ist die Verbindung.<\/p>\n\n\n\n<figure class=\"wp-block-image size-full is-style-default\"><img loading=\"lazy\" decoding=\"async\" width=\"1024\" height=\"683\" src=\"http:\/\/www.linda-neue.de\/sb\/wordpress\/wp-content\/uploads\/2022\/05\/DSC5505-e1611137882445.jpg\" alt=\"\" class=\"wp-image-1087\" srcset=\"http:\/\/www.linda-neue.de\/sb\/wordpress\/wp-content\/uploads\/2022\/05\/DSC5505-e1611137882445.jpg 1024w, http:\/\/www.linda-neue.de\/sb\/wordpress\/wp-content\/uploads\/2022\/05\/DSC5505-e1611137882445-300x200.jpg 300w, http:\/\/www.linda-neue.de\/sb\/wordpress\/wp-content\/uploads\/2022\/05\/DSC5505-e1611137882445-768x512.jpg 768w\" sizes=\"auto, (max-width: 1024px) 100vw, 1024px\" \/><\/figure>\n\n\n\n<p style=\"font-size:16px\">Die Idee zum Projekt wurde aus dem Wunsch geboren, mitzugestalten: Gemeinschaft, Kultur und Lebensraum. Unser T\u00e4tigkeitsbereich ist die Woiwodschaft Westpommern &#8211; Mecklenburg-Vorpommern &#8211; Brandenburg. Bei der Umsetzung von &#8222;RegioActive \u2013 soziokulturelle Aktivierung der Region&#8220; wollen wir das Potenzial der Bewohner entdecken und durch umfassende Bildungs- und Kulturaktivit\u00e4ten im gemeinsamen Grenzgebiet eine engagierte Gemeinschaft schaffen. Durch die Nutzung verschiedener Kunst- und Kulturbereiche wollen wir einen freundlichen Raum f\u00fcr direkte Begegnungen, gemeinsames Arbeiten und die St\u00e4rkung von Netzwerken schaffen &#8211; damit die Gruppen der aktivierten Bewohner ihre Zusammenarbeit auch nach dem Ende des Projekts fortsetzen k\u00f6nnen. Im Rahmen des Projekts werden wir zwei grenz\u00fcberschreitende regionale Aktivit\u00e4tszentren entwickeln, die Bildungs- und Kulturaktivit\u00e4ten f\u00fcr die lokale Bev\u00f6lkerung anbieten: Schloss Br\u00f6llin als Sitz des Vereins schloss br\u00f6llin und Rampa Kultura \u2013 eine Zweigstelle des Kulturzentrums Goleni\u00f3w, in dem sich der Brama-Theaterverband befindet.<\/p>\n\n\n\n<p style=\"font-size:16px\">Das Projekt wird von den Mitgliedern des Kulturhauses Goleni\u00f3w, des schloss br\u00f6llin e.V. und des Brama-Theaterverbandes durchgef\u00fchrt.<\/p>\n\n\n\n<p style=\"font-size:16px\"><strong>Kontakt:<\/strong><br>Magdalena Reichardt<br>Inhaltliche Koordination<br>Tel. +49 (0) 39747-5650-27<br>magdalena.reichardt@broellin.de<\/p>\n\n\n\n<p><\/p>\n\n\n\n<p style=\"font-size:16px\"><a href=\"https:\/\/regioactive.eu\/de\/home-de\/\" target=\"_blank\" rel=\"noreferrer noopener\">WEBSEITE<\/a><\/p>\n\n\n\n<p><\/p>\n\n\n\n<p style=\"font-size:16px\">Das Projekt \u201eRegioActive \u2013 Aktivierung durch Soziokultur\u201c wird durch die Europ\u00e4ische Union aus Mitteln des Fonds f\u00fcr Regionale Entwicklung (EFRE) kofinanziert.<\/p>\n\n\n\n<figure class=\"wp-block-image size-full\"><img loading=\"lazy\" decoding=\"async\" width=\"870\" height=\"167\" src=\"http:\/\/www.linda-neue.de\/sb\/wordpress\/wp-content\/uploads\/2022\/05\/regiofdr-1.png\" alt=\"\" class=\"wp-image-1085\" srcset=\"http:\/\/www.linda-neue.de\/sb\/wordpress\/wp-content\/uploads\/2022\/05\/regiofdr-1.png 870w, http:\/\/www.linda-neue.de\/sb\/wordpress\/wp-content\/uploads\/2022\/05\/regiofdr-1-300x58.png 300w, http:\/\/www.linda-neue.de\/sb\/wordpress\/wp-content\/uploads\/2022\/05\/regiofdr-1-768x147.png 768w\" sizes=\"auto, (max-width: 870px) 100vw, 870px\" \/><\/figure>\n\n\n\n<p class=\"has-text-align-center\"><a class=\"maxbutton-11 maxbutton maxbutton-zuruck-zur-ubersicht\" title=\"ZUR\u00dcCK ZUR \u00dcBERSICHT\" href=\"http:\/\/www.linda-neue.de\/sb\/wordpress\/projekte\/\"><span class='mb-text'>ZUR\u00dcCK ZUR \u00dcBERSICHT<\/span><\/a><\/p>\n\n\n\n<p><\/p>\n","protected":false},"excerpt":{"rendered":"<p>REGIOACTIVE RegioActive ist mehr als ein Projekt &#8211; es ist eine Gemeinschaft \u00fcber Grenzen hinweg. Wir teilen nicht nach L\u00e4ndern auf, sondern suchen nach Ankn\u00fcpfungspunkten f\u00fcr Gemeinden, K\u00fcnstler, Animateure, lokale Gruppen und jeden, der mitmachen m\u00f6chte. Kunst ist die Verbindung. Die Idee zum Projekt wurde aus dem Wunsch geboren, mitzugestalten: Gemeinschaft, Kultur und Lebensraum. Unser [&hellip;]<\/p>\n","protected":false},"author":1,"featured_media":0,"parent":0,"menu_order":0,"comment_status":"closed","ping_status":"closed","template":"","meta":{"footnotes":""},"class_list":["post-1081","page","type-page","status-publish","hentry"],"_links":{"self":[{"href":"http:\/\/www.linda-neue.de\/sb\/wordpress\/wp-json\/wp\/v2\/pages\/1081","targetHints":{"allow":["GET"]}}],"collection":[{"href":"http:\/\/www.linda-neue.de\/sb\/wordpress\/wp-json\/wp\/v2\/pages"}],"about":[{"href":"http:\/\/www.linda-neue.de\/sb\/wordpress\/wp-json\/wp\/v2\/types\/page"}],"author":[{"embeddable":true,"href":"http:\/\/www.linda-neue.de\/sb\/wordpress\/wp-json\/wp\/v2\/users\/1"}],"replies":[{"embeddable":true,"href":"http:\/\/www.linda-neue.de\/sb\/wordpress\/wp-json\/wp\/v2\/comments?post=1081"}],"version-history":[{"count":4,"href":"http:\/\/www.linda-neue.de\/sb\/wordpress\/wp-json\/wp\/v2\/pages\/1081\/revisions"}],"predecessor-version":[{"id":1091,"href":"http:\/\/www.linda-neue.de\/sb\/wordpress\/wp-json\/wp\/v2\/pages\/1081\/revisions\/1091"}],"wp:attachment":[{"href":"http:\/\/www.linda-neue.de\/sb\/wordpress\/wp-json\/wp\/v2\/media?parent=1081"}],"curies":[{"name":"wp","href":"https:\/\/api.w.org\/{rel}","templated":true}]}}