{"id":1047,"date":"2022-05-06T09:34:24","date_gmt":"2022-05-06T07:34:24","guid":{"rendered":"http:\/\/www.linda-neue.de\/sb\/wordpress\/?page_id=1047"},"modified":"2022-05-06T09:41:53","modified_gmt":"2022-05-06T07:41:53","slug":"constructioncompany","status":"publish","type":"page","link":"http:\/\/www.linda-neue.de\/sb\/wordpress\/constructioncompany\/","title":{"rendered":"CONSTRUCTIONCOMPANY"},"content":{"rendered":"\n<p style=\"font-size:30px;text-transform:uppercase\"><strong>Construction Company<\/strong><\/p>\n\n\n\n<p style=\"text-transform:uppercase\"><strong>BIRD DANCEs<\/strong><br><sup>TANZ \/ Performance<\/sup><\/p>\n\n\n\n<p class=\"has-text-color\" style=\"color:#99cbc7;font-size:30px\">Residenz: 19.04. bis 26.04.<\/p>\n\n\n\n<figure class=\"wp-block-image size-full is-style-default\"><img loading=\"lazy\" decoding=\"async\" width=\"1000\" height=\"617\" src=\"http:\/\/www.linda-neue.de\/sb\/wordpress\/wp-content\/uploads\/2022\/05\/raza-ali-ZqBNb7xK5s8-unsplash.jpg\" alt=\"\" class=\"wp-image-1048\" srcset=\"http:\/\/www.linda-neue.de\/sb\/wordpress\/wp-content\/uploads\/2022\/05\/raza-ali-ZqBNb7xK5s8-unsplash.jpg 1000w, http:\/\/www.linda-neue.de\/sb\/wordpress\/wp-content\/uploads\/2022\/05\/raza-ali-ZqBNb7xK5s8-unsplash-300x185.jpg 300w, http:\/\/www.linda-neue.de\/sb\/wordpress\/wp-content\/uploads\/2022\/05\/raza-ali-ZqBNb7xK5s8-unsplash-768x474.jpg 768w\" sizes=\"auto, (max-width: 1000px) 100vw, 1000px\" \/><figcaption><sup>Foto: raza ali\/unsplash<\/sup><\/figcaption><\/figure>\n\n\n\n<p style=\"font-size:16px\">&#8222;Bird Dances&#8220; von Kareth Schaffer und Construction Company ist eine choreografische Recherche \u00fcber die Migration von V\u00f6geln und Menschen in der Region Nordostdeutschland. Gemeinsam mit Menschen, die in Durchzugsgebieten der migrierenden V\u00f6gel leben, werden die physischen und gesanglichen Grundlagen eines Tanzst\u00fcckes auf der Basis von Vogelbeobachtungen und in Kooperation mit Natursch\u00fctzer<em>innen aus Mecklenburg-Vorpommern, Berlin und Brandenburg aufgearbeitet. Das umfangreiche Rechercheprojekt beinhaltet Tanz- und Naturbeobachtungsworkshops f\u00fcr Jugendliche und Erwachsene aus unterschiedlichen Lebensbereichen; das gemeinsame Entwickeln unterschiedlicher T\u00e4nze auf der Basis von Balzt\u00e4nzen der V\u00f6gel mit Laien und professionellen T\u00e4nzer<\/em>innen; und in 2023 eine Premiere in den Berliner Sophiensaele. Ein Chor der gesungenen Vogelstimmen bildet den musikalischen Rahmen f\u00fcr 4 T\u00e4nzer*innen, die in Wort und Bewegung ihre eigene Migrationserfahrungen durch die der V\u00f6gel reflektieren. &#8222;Bird Dances&#8220; stellt menschliche und tierische Bewegungsselbstverst\u00e4ndlichkeiten nebeneinander, um althergebrachte Narrative konstruktiv zu hinterfragen.<br>Construction Company bringt ebenso frische wie ungew\u00f6hnliche Tanzst\u00fccke auf die B\u00fchne und arbeitet daf\u00fcr mit der Neugierde der K\u00f6rper und einer Vorliebe f\u00fcr das Unerwartete.<\/p>\n\n\n\n<p style=\"font-size:16px\"><a rel=\"noreferrer noopener\" href=\"https:\/\/constructioncompany.dance\/de\/\" target=\"_blank\">WEBSEITE<\/a><\/p>\n\n\n\n<p class=\"has-text-align-center\"><a class=\"maxbutton-6 maxbutton maxbutton-zuruck-zur-ubersicht\" title=\"ZUR\u00dcCK ZUR \u00dcBERSICHT\" href=\"http:\/\/www.linda-neue.de\/sb\/wordpress\/residenzprogramm\/\"><span class='mb-text'>ZUR\u00dcCK ZUR \u00dcBERSICHT<\/span><\/a><\/p>\n\n\n\n<p><\/p>\n","protected":false},"excerpt":{"rendered":"<p>Construction Company BIRD DANCEsTANZ \/ Performance Residenz: 19.04. bis 26.04. &#8222;Bird Dances&#8220; von Kareth Schaffer und Construction Company ist eine choreografische Recherche \u00fcber die Migration von V\u00f6geln und Menschen in der Region Nordostdeutschland. Gemeinsam mit Menschen, die in Durchzugsgebieten der migrierenden V\u00f6gel leben, werden die physischen und gesanglichen Grundlagen eines Tanzst\u00fcckes auf der Basis von [&hellip;]<\/p>\n","protected":false},"author":1,"featured_media":0,"parent":0,"menu_order":0,"comment_status":"closed","ping_status":"closed","template":"","meta":{"footnotes":""},"class_list":["post-1047","page","type-page","status-publish","hentry"],"_links":{"self":[{"href":"http:\/\/www.linda-neue.de\/sb\/wordpress\/wp-json\/wp\/v2\/pages\/1047","targetHints":{"allow":["GET"]}}],"collection":[{"href":"http:\/\/www.linda-neue.de\/sb\/wordpress\/wp-json\/wp\/v2\/pages"}],"about":[{"href":"http:\/\/www.linda-neue.de\/sb\/wordpress\/wp-json\/wp\/v2\/types\/page"}],"author":[{"embeddable":true,"href":"http:\/\/www.linda-neue.de\/sb\/wordpress\/wp-json\/wp\/v2\/users\/1"}],"replies":[{"embeddable":true,"href":"http:\/\/www.linda-neue.de\/sb\/wordpress\/wp-json\/wp\/v2\/comments?post=1047"}],"version-history":[{"count":2,"href":"http:\/\/www.linda-neue.de\/sb\/wordpress\/wp-json\/wp\/v2\/pages\/1047\/revisions"}],"predecessor-version":[{"id":1063,"href":"http:\/\/www.linda-neue.de\/sb\/wordpress\/wp-json\/wp\/v2\/pages\/1047\/revisions\/1063"}],"wp:attachment":[{"href":"http:\/\/www.linda-neue.de\/sb\/wordpress\/wp-json\/wp\/v2\/media?parent=1047"}],"curies":[{"name":"wp","href":"https:\/\/api.w.org\/{rel}","templated":true}]}}