{"id":1035,"date":"2022-05-06T09:18:42","date_gmt":"2022-05-06T07:18:42","guid":{"rendered":"http:\/\/www.linda-neue.de\/sb\/wordpress\/?page_id=1035"},"modified":"2022-05-06T09:40:48","modified_gmt":"2022-05-06T07:40:48","slug":"sinkingsideways","status":"publish","type":"page","link":"http:\/\/www.linda-neue.de\/sb\/wordpress\/sinkingsideways\/","title":{"rendered":"SINKINGSIDEWAYS"},"content":{"rendered":"\n<p style=\"font-size:30px;text-transform:uppercase\"><strong>Sinking Sideways<\/strong><\/p>\n\n\n\n<p style=\"text-transform:uppercase\"><strong>C\u00e9cile<\/strong><br><sup>Contemporary Circus<\/sup><\/p>\n\n\n\n<p class=\"has-text-color\" style=\"color:#99cbc7;font-size:30px\">Residenz: 17.08. bis 27.08.<\/p>\n\n\n\n<figure class=\"wp-block-image size-full is-style-default\"><img loading=\"lazy\" decoding=\"async\" width=\"800\" height=\"533\" src=\"http:\/\/www.linda-neue.de\/sb\/wordpress\/wp-content\/uploads\/2022\/05\/res_22__sinking__farbe.jpg\" alt=\"\" class=\"wp-image-1036\" srcset=\"http:\/\/www.linda-neue.de\/sb\/wordpress\/wp-content\/uploads\/2022\/05\/res_22__sinking__farbe.jpg 800w, http:\/\/www.linda-neue.de\/sb\/wordpress\/wp-content\/uploads\/2022\/05\/res_22__sinking__farbe-300x200.jpg 300w, http:\/\/www.linda-neue.de\/sb\/wordpress\/wp-content\/uploads\/2022\/05\/res_22__sinking__farbe-768x512.jpg 768w\" sizes=\"auto, (max-width: 800px) 100vw, 800px\" \/><figcaption><sup>Foto: Schlinkart<\/sup><\/figcaption><\/figure>\n\n\n\n<p style=\"font-size:16px\">C\u00e9cile ist das zweite Projekt des jungen Kollektivs Sinking Sideways. Die drei K\u00fcnstler:Innen untersuchen gemeinsam wie sie innerhalb ihrer Kunstform &#8211; dem Zeitgen\u00f6ssischen Zirkus &#8211; und ihrer Disziplin (Tanzakrobatik) ihren eigenen Stil finden und etablieren k\u00f6nnen. Ihr k\u00fcnstlerischer Ansatzpunkt beruht auf Monodisziplinarit\u00e4t, einem choreografischen Ansatz, dem Prinzip von Wiederholungen und klaren Konzepten.<\/p>\n\n\n\n<p style=\"font-size:16px\">\u201eC\u00e9cile&#8220; ist die zweite Kreation des Kollektivs und ist inspiriert von den Mustern, die Objekte beim jonglieren in der Luft kreieren. Diese Muster sind der Ausgangspunkt f\u00fcr die Choreographie; die drei K\u00f6rper der Akrobat:Innen ahmen die Laufbahnen der Objekte im Raum nach. Grundlegende Prinzipien und Fragen, die w\u00e4hrend der Recherche aufkamen: Wie k\u00f6nnen drei K\u00f6rper im Raum sich ordnen, um sich kontinuierlich bewegen zu k\u00f6nnen? Gegens\u00e4tze: Ordnung und Chaos. Ein Organismus, dessen verschiedene Komponenten zusammenarbeiten oder Individuen, die einem strikten Ablauf folgen?<\/p>\n\n\n\n<p style=\"font-size:16px\">Die Premiere von \u201eC\u00e9cile\u201c ist am 7.\/8. Oktober 2022 in Belgien.<\/p>\n\n\n\n<p style=\"font-size:16px\"><a rel=\"noreferrer noopener\" href=\"https:\/\/www.sinkingsideways.de\/\" target=\"_blank\">WEBSEITE<\/a><\/p>\n\n\n\n<p class=\"has-text-align-center\"><a class=\"maxbutton-6 maxbutton maxbutton-zuruck-zur-ubersicht\" title=\"ZUR\u00dcCK ZUR \u00dcBERSICHT\" href=\"http:\/\/www.linda-neue.de\/sb\/wordpress\/residenzprogramm\/\"><span class='mb-text'>ZUR\u00dcCK ZUR \u00dcBERSICHT<\/span><\/a><\/p>\n\n\n\n<p><\/p>\n","protected":false},"excerpt":{"rendered":"<p>Sinking Sideways C\u00e9cileContemporary Circus Residenz: 17.08. bis 27.08. C\u00e9cile ist das zweite Projekt des jungen Kollektivs Sinking Sideways. Die drei K\u00fcnstler:Innen untersuchen gemeinsam wie sie innerhalb ihrer Kunstform &#8211; dem Zeitgen\u00f6ssischen Zirkus &#8211; und ihrer Disziplin (Tanzakrobatik) ihren eigenen Stil finden und etablieren k\u00f6nnen. Ihr k\u00fcnstlerischer Ansatzpunkt beruht auf Monodisziplinarit\u00e4t, einem choreografischen Ansatz, dem Prinzip [&hellip;]<\/p>\n","protected":false},"author":1,"featured_media":0,"parent":0,"menu_order":0,"comment_status":"closed","ping_status":"closed","template":"","meta":{"footnotes":""},"class_list":["post-1035","page","type-page","status-publish","hentry"],"_links":{"self":[{"href":"http:\/\/www.linda-neue.de\/sb\/wordpress\/wp-json\/wp\/v2\/pages\/1035","targetHints":{"allow":["GET"]}}],"collection":[{"href":"http:\/\/www.linda-neue.de\/sb\/wordpress\/wp-json\/wp\/v2\/pages"}],"about":[{"href":"http:\/\/www.linda-neue.de\/sb\/wordpress\/wp-json\/wp\/v2\/types\/page"}],"author":[{"embeddable":true,"href":"http:\/\/www.linda-neue.de\/sb\/wordpress\/wp-json\/wp\/v2\/users\/1"}],"replies":[{"embeddable":true,"href":"http:\/\/www.linda-neue.de\/sb\/wordpress\/wp-json\/wp\/v2\/comments?post=1035"}],"version-history":[{"count":2,"href":"http:\/\/www.linda-neue.de\/sb\/wordpress\/wp-json\/wp\/v2\/pages\/1035\/revisions"}],"predecessor-version":[{"id":1060,"href":"http:\/\/www.linda-neue.de\/sb\/wordpress\/wp-json\/wp\/v2\/pages\/1035\/revisions\/1060"}],"wp:attachment":[{"href":"http:\/\/www.linda-neue.de\/sb\/wordpress\/wp-json\/wp\/v2\/media?parent=1035"}],"curies":[{"name":"wp","href":"https:\/\/api.w.org\/{rel}","templated":true}]}}