{"id":1024,"date":"2022-05-06T09:02:51","date_gmt":"2022-05-06T07:02:51","guid":{"rendered":"http:\/\/www.linda-neue.de\/sb\/wordpress\/?page_id=1024"},"modified":"2022-05-06T09:39:51","modified_gmt":"2022-05-06T07:39:51","slug":"cobracobra","status":"publish","type":"page","link":"http:\/\/www.linda-neue.de\/sb\/wordpress\/cobracobra\/","title":{"rendered":"COBRACOBRA"},"content":{"rendered":"\n<p style=\"font-size:30px;text-transform:uppercase\"><strong>cobracobra collective<\/strong><\/p>\n\n\n\n<p style=\"text-transform:uppercase\"><strong>Dry Cry<\/strong><br><sup>Tanz<\/sup><\/p>\n\n\n\n<p class=\"has-text-color\" style=\"color:#99cbc7;font-size:30px\">Residenz: 20.06. bis 03.07.<\/p>\n\n\n\n<figure class=\"wp-block-image size-full is-style-default\"><img loading=\"lazy\" decoding=\"async\" width=\"1000\" height=\"667\" src=\"http:\/\/www.linda-neue.de\/sb\/wordpress\/wp-content\/uploads\/2022\/05\/Res_22_cobracobra.jpg\" alt=\"\" class=\"wp-image-1028\" srcset=\"http:\/\/www.linda-neue.de\/sb\/wordpress\/wp-content\/uploads\/2022\/05\/Res_22_cobracobra.jpg 1000w, http:\/\/www.linda-neue.de\/sb\/wordpress\/wp-content\/uploads\/2022\/05\/Res_22_cobracobra-300x200.jpg 300w, http:\/\/www.linda-neue.de\/sb\/wordpress\/wp-content\/uploads\/2022\/05\/Res_22_cobracobra-768x512.jpg 768w\" sizes=\"auto, (max-width: 1000px) 100vw, 1000px\" \/><figcaption><sup>Foto: suri_kt<\/sup><\/figcaption><\/figure>\n\n\n\n<p style=\"font-size:16px\">cobracobra collective hat sich aus den Geschichten und Lebenserfahrungen von Sharon Mercado Nogales und Kiana Rezvani in ihren Heimatl\u00e4ndern Iran und Bolivien und ihren Erfahrungen als Immigrant*innen in Berlin herausgebildet.<br>DRY CRY ist ihre zweite Arbeit, die auf der fortlaufenden k\u00fcnstlerischen Praxis und dem gemeinsamen Dialog als cobracobra collective basiert. In DRY CRY wird die Trockenheit als Zustand hervorgehoben, der ihre Heimat und K\u00e4mpfe ihres Volkes verbindet. Ihre Heimatl\u00e4nder sind gepr\u00e4gt von trockenen Landschaften, trockenem Land und trockenen Bergen bis hin zu ausgetrockneten Fl\u00fcssen und Seen. Diese Trockenheit ist nicht nur ein \u00f6kologisches Ph\u00e4nomen, sondern auch die Folge einer korrumpierten Politik, die dem Extraktivismus Vorrang vor der Erhaltung der Ressourcen einr\u00e4umt. Ihre Kindheitserinnerungen sind voller Bilder von leeren Trockengebieten. Trockenheit hat mit Schmerz zu tun.<br>In DRY CRY wollen cobracobra collective diesen Schmerz teilen \u2013 den Schmerz ihres Volkes und ihrer L\u00e4nder, die Jahre der Fremdbestimmung, Ausbeutung und Unterdr\u00fcckung ertragen mussten. Wie verwandelt sich dieser Schmerz in Widerstand und Resilienz? DRY CRY wird ein Tanzst\u00fcck sein, das eine Landschaft aus T\u00e4nzen, Videos und Liedern der Erinnerungen und Traditionen enthalten wird. Es zielt darauf ab, eine Erfahrung f\u00fcr das Publikum zu schaffen, um die Trockenheit zu spiegeln und zu reflektieren.<\/p>\n\n\n\n<p style=\"font-size:16px\"><strong>TEAM<\/strong><em>\u00a0<br>Choreografie: <strong>Sharon Mercado Nogales, Kiana Rezvani<\/strong><br>Komposition: <strong>Rojin Sharifi<\/strong><br>Lichtdesign: <strong>Annegret Schalke<\/strong><br>B\u00fchne: <strong>Paola Basc\u00f3n<\/strong><\/em><\/p>\n\n\n\n<p class=\"has-text-align-center\"><a class=\"maxbutton-6 maxbutton maxbutton-zuruck-zur-ubersicht\" title=\"ZUR\u00dcCK ZUR \u00dcBERSICHT\" href=\"http:\/\/www.linda-neue.de\/sb\/wordpress\/residenzprogramm\/\"><span class='mb-text'>ZUR\u00dcCK ZUR \u00dcBERSICHT<\/span><\/a><\/p>\n\n\n\n<p><\/p>\n","protected":false},"excerpt":{"rendered":"<p>cobracobra collective Dry CryTanz Residenz: 20.06. bis 03.07. cobracobra collective hat sich aus den Geschichten und Lebenserfahrungen von Sharon Mercado Nogales und Kiana Rezvani in ihren Heimatl\u00e4ndern Iran und Bolivien und ihren Erfahrungen als Immigrant*innen in Berlin herausgebildet.DRY CRY ist ihre zweite Arbeit, die auf der fortlaufenden k\u00fcnstlerischen Praxis und dem gemeinsamen Dialog als cobracobra [&hellip;]<\/p>\n","protected":false},"author":1,"featured_media":0,"parent":0,"menu_order":0,"comment_status":"closed","ping_status":"closed","template":"","meta":{"footnotes":""},"class_list":["post-1024","page","type-page","status-publish","hentry"],"_links":{"self":[{"href":"http:\/\/www.linda-neue.de\/sb\/wordpress\/wp-json\/wp\/v2\/pages\/1024","targetHints":{"allow":["GET"]}}],"collection":[{"href":"http:\/\/www.linda-neue.de\/sb\/wordpress\/wp-json\/wp\/v2\/pages"}],"about":[{"href":"http:\/\/www.linda-neue.de\/sb\/wordpress\/wp-json\/wp\/v2\/types\/page"}],"author":[{"embeddable":true,"href":"http:\/\/www.linda-neue.de\/sb\/wordpress\/wp-json\/wp\/v2\/users\/1"}],"replies":[{"embeddable":true,"href":"http:\/\/www.linda-neue.de\/sb\/wordpress\/wp-json\/wp\/v2\/comments?post=1024"}],"version-history":[{"count":3,"href":"http:\/\/www.linda-neue.de\/sb\/wordpress\/wp-json\/wp\/v2\/pages\/1024\/revisions"}],"predecessor-version":[{"id":1058,"href":"http:\/\/www.linda-neue.de\/sb\/wordpress\/wp-json\/wp\/v2\/pages\/1024\/revisions\/1058"}],"wp:attachment":[{"href":"http:\/\/www.linda-neue.de\/sb\/wordpress\/wp-json\/wp\/v2\/media?parent=1024"}],"curies":[{"name":"wp","href":"https:\/\/api.w.org\/{rel}","templated":true}]}}