{"id":1012,"date":"2022-05-05T17:07:52","date_gmt":"2022-05-05T15:07:52","guid":{"rendered":"http:\/\/www.linda-neue.de\/sb\/wordpress\/?page_id=1012"},"modified":"2022-05-06T09:38:58","modified_gmt":"2022-05-06T07:38:58","slug":"grotest","status":"publish","type":"page","link":"http:\/\/www.linda-neue.de\/sb\/wordpress\/grotest\/","title":{"rendered":"GROTEST"},"content":{"rendered":"\n<p style=\"font-size:30px;text-transform:uppercase\"><strong>Grotest Maru<\/strong><\/p>\n\n\n\n<p style=\"text-transform:uppercase\"><strong>SCHWARM \u2013 Eine audio-visuelle Expedition<\/strong><br><sup>Visuelles, mobiles und partizipatives Stelzentheater<\/sup><\/p>\n\n\n\n<p class=\"has-text-color\" style=\"color:#99cbc7;font-size:30px\">Residenz: 22.04. bis 28.04.<\/p>\n\n\n\n<figure class=\"wp-block-image size-large is-style-default\"><img loading=\"lazy\" decoding=\"async\" width=\"1024\" height=\"683\" src=\"http:\/\/www.linda-neue.de\/sb\/wordpress\/wp-content\/uploads\/2022\/05\/5VH1653-1024x683.jpg\" alt=\"\" class=\"wp-image-1015\" srcset=\"http:\/\/www.linda-neue.de\/sb\/wordpress\/wp-content\/uploads\/2022\/05\/5VH1653-1024x683.jpg 1024w, http:\/\/www.linda-neue.de\/sb\/wordpress\/wp-content\/uploads\/2022\/05\/5VH1653-300x200.jpg 300w, http:\/\/www.linda-neue.de\/sb\/wordpress\/wp-content\/uploads\/2022\/05\/5VH1653-768x512.jpg 768w, http:\/\/www.linda-neue.de\/sb\/wordpress\/wp-content\/uploads\/2022\/05\/5VH1653-1536x1024.jpg 1536w, http:\/\/www.linda-neue.de\/sb\/wordpress\/wp-content\/uploads\/2022\/05\/5VH1653-2048x1365.jpg 2048w\" sizes=\"auto, (max-width: 1024px) 100vw, 1024px\" \/><figcaption><sup>Foto: Peter van Heesen<\/sup><\/figcaption><\/figure>\n\n\n\n<p style=\"font-size:16px\">Der Zugvogel Kranich ist Sehnsuchtstr\u00e4ger zahlreicher Kulturen, \u00dcberbringer von gl\u00fccklichen und tragischen Botschaften. Er durchkreuzt den Luftraum ohne Grenzen, gemeinsam, im Schwarm. Welche Beobachtungen k\u00f6nnte er uns aktuell erz\u00e4hlen? Der Kranich ist inhaltliche Metapher und bildnerische Inspiration f\u00fcr eine Inszenierung im Stadtraum, die sich gemeinsam mit dem Publikum bewegt. \u00dcberdimensionale Kranichfiguren entfalten ihre Schwingen, tanzen in Formationen und nehmen das Publikum mit auf eine audio-visuelle Expedition. Die partizipierenden Zuschauer*innen sind mit Kopfh\u00f6rern ausgestattet, Audiosignale integrieren sie in Choreographien und erz\u00e4hlen von Reiseerfahrungen, die auf Interviews mit Menschen unterschiedlicher Herkunft basieren. Thematisiert wird das Streben nach Freiheit, Unversehrtheit und Wohlstand als menschliches Recht, die Sehnsucht nach dem Anderen und die Flucht vor existentieller Bedrohung. Die Flugrouten der Kraniche sind Blaupause f\u00fcr Choreographien, Stadt oder Landschaft wird zur B\u00fchne. Das Gefieder der Kraniche ist Ausgangspunkt f\u00fcr Kost\u00fcmkonstruktionen. Kranich-Schwinge, Fassaden oder B\u00e4ume werden zu Projektionsfl\u00e4chen f\u00fcr Bilder globaler Reise und Flucht \u2013 im diskursiven \u00f6ffentlichen Raum. <br><br>Grotest Maru wurde 1996 in Berlin gegr\u00fcndet und tourt seit 1999 mit Inszenierungen auf zahlreichen, auch internationalen Festivals, oft auf Einladung des Goethe-Institutes. Die Gruppe ist darauf spezialisiert mit performativen Interventionen in den urbanen Raum einzugreifen, relevante Themen einer Stadtgesellschaft zu beleuchten und die Wahrnehmung im \u00f6ffentlichen Raum zu sch\u00e4rfen. Das Ensemble speist sich aus kultureller und k\u00fcnstlerischer Vielfalt und suchtnach einer Kommunikation, die kulturelle Grenzen \u00fcberschreitet. Grotest Maru schafft seine eigene Theatersprache, kombiniert Bilder-, Objekt- und K\u00f6rpertheater und kreiert somit meist auch international verst\u00e4ndliche Inszenierungen, in denen nicht das Wort, sondern das Bild Haupttr\u00e4ger des k\u00fcnstlerischen Inhaltes ist.<\/p>\n\n\n\n<p style=\"font-size:16px\"><em>K\u00fcnstlerische Leitung: <strong>Ursula Maria Berzborn<\/strong><br>Performer:innen aus dem Grotest Maru Ensemble: <strong>Catia de Almeida Santos, Clara Rodr\u00edguez Garc\u00eca-Munoz, Esther Geyer, Sergio Goni Serrano, Jefferson Perreira da Silva, Ana Carbia<\/strong><br><\/em><\/p>\n\n\n\n<p style=\"font-size:16px\"><a rel=\"noreferrer noopener\" href=\"https:\/\/www.grotestmaru.de\/productions\/schwarm\/\" target=\"_blank\">WEBSEITE<\/a><\/p>\n\n\n\n<p class=\"has-text-align-center\"><a class=\"maxbutton-6 maxbutton maxbutton-zuruck-zur-ubersicht\" title=\"ZUR\u00dcCK ZUR \u00dcBERSICHT\" href=\"http:\/\/www.linda-neue.de\/sb\/wordpress\/residenzprogramm\/\"><span class='mb-text'>ZUR\u00dcCK ZUR \u00dcBERSICHT<\/span><\/a><\/p>\n\n\n\n<p><\/p>\n","protected":false},"excerpt":{"rendered":"<p>Grotest Maru SCHWARM \u2013 Eine audio-visuelle ExpeditionVisuelles, mobiles und partizipatives Stelzentheater Residenz: 22.04. bis 28.04. Der Zugvogel Kranich ist Sehnsuchtstr\u00e4ger zahlreicher Kulturen, \u00dcberbringer von gl\u00fccklichen und tragischen Botschaften. Er durchkreuzt den Luftraum ohne Grenzen, gemeinsam, im Schwarm. Welche Beobachtungen k\u00f6nnte er uns aktuell erz\u00e4hlen? Der Kranich ist inhaltliche Metapher und bildnerische Inspiration f\u00fcr eine Inszenierung [&hellip;]<\/p>\n","protected":false},"author":1,"featured_media":0,"parent":0,"menu_order":0,"comment_status":"closed","ping_status":"closed","template":"","meta":{"footnotes":""},"class_list":["post-1012","page","type-page","status-publish","hentry"],"_links":{"self":[{"href":"http:\/\/www.linda-neue.de\/sb\/wordpress\/wp-json\/wp\/v2\/pages\/1012","targetHints":{"allow":["GET"]}}],"collection":[{"href":"http:\/\/www.linda-neue.de\/sb\/wordpress\/wp-json\/wp\/v2\/pages"}],"about":[{"href":"http:\/\/www.linda-neue.de\/sb\/wordpress\/wp-json\/wp\/v2\/types\/page"}],"author":[{"embeddable":true,"href":"http:\/\/www.linda-neue.de\/sb\/wordpress\/wp-json\/wp\/v2\/users\/1"}],"replies":[{"embeddable":true,"href":"http:\/\/www.linda-neue.de\/sb\/wordpress\/wp-json\/wp\/v2\/comments?post=1012"}],"version-history":[{"count":3,"href":"http:\/\/www.linda-neue.de\/sb\/wordpress\/wp-json\/wp\/v2\/pages\/1012\/revisions"}],"predecessor-version":[{"id":1056,"href":"http:\/\/www.linda-neue.de\/sb\/wordpress\/wp-json\/wp\/v2\/pages\/1012\/revisions\/1056"}],"wp:attachment":[{"href":"http:\/\/www.linda-neue.de\/sb\/wordpress\/wp-json\/wp\/v2\/media?parent=1012"}],"curies":[{"name":"wp","href":"https:\/\/api.w.org\/{rel}","templated":true}]}}